{"id":92,"date":"2018-09-13T21:17:47","date_gmt":"2018-09-13T19:17:47","guid":{"rendered":"http:\/\/bozetice.cz\/ms\/?page_id=92"},"modified":"2021-03-06T16:23:01","modified_gmt":"2021-03-06T15:23:01","slug":"gdpr","status":"publish","type":"page","link":"http:\/\/bozetice.cz\/ms\/index.php\/gdpr\/","title":{"rendered":"GDPR"},"content":{"rendered":"<p>Mate\u0159sk\u00e1 \u0161kola Bo\u017eetice, d\u00e1le jen &#8222;\u0161kola&#8220; jako spr\u00e1vce osobn\u00edch \u00fadaj\u016f zpracov\u00e1v\u00e1 \u00fadaje v n\u00ed\u017ee uveden\u00fdch p\u0159\u00edpadech. Na \u0161kolu je mo\u017en\u00e9 se k uplatn\u011bn\u00ed pr\u00e1v v oblasti osobn\u00edch \u00fadaj\u016f obracet prost\u0159ednictv\u00edm datov\u00e9 schr\u00e1nky, ID DS: q4zkk3x, emailem na adrese: ms@bozetice.cz nebo po\u0161tou na adrese Mate\u0159sk\u00e1 \u0161kola Bo\u017eetice, Bo\u017eetice 7, 398 51 Sepekov. V\u00fd\u0161e uveden\u00fdmi zp\u016fsoby je mo\u017en\u00e9 se v relevantn\u00edch p\u0159\u00edpadech na \u0161kolu obracet za \u00fa\u010delem uplatn\u011bn\u00ed pr\u00e1va na p\u0159\u00edstup k osobn\u00edm \u00fadaj\u016fm, jejich opravu nebo v\u00fdmaz, pop\u0159\u00edpad\u011b omezen\u00ed zpracov\u00e1n\u00ed, vzn\u00e9st n\u00e1mitku proti zpracov\u00e1n\u00ed, jako\u017e i p\u0159i uplatn\u011bn\u00ed pr\u00e1va na p\u0159enositelnost \u00fadaj\u016f a dal\u0161\u00edch pr\u00e1v podle obecn\u00e9ho na\u0159\u00edzen\u00ed o ochran\u011b osobn\u00edch \u00fadaj\u016f. V\u00fd\u0161e uveden\u00fdmi zp\u016fsoby se mohou subjekty \u00fadaj\u016f na \u0161kolu obracet v p\u0159\u00edpad\u011b \u00fadaj\u016f zpracov\u00e1van\u00fdch na z\u00e1klad\u011b souhlasu rovn\u011b\u017e za \u00fa\u010delem odvol\u00e1n\u00ed souhlasu se zpracov\u00e1n\u00edm osobn\u00edch \u00fadaj\u016f. Spr\u00e1vce d\u00e1le upozor\u0148uje, \u017ee jste rovn\u011b\u017e opr\u00e1vn\u011bni podat si st\u00ed\u017enost u dozorov\u00e9ho org\u00e1nu, kter\u00fdm je \u00da\u0159ad pro ochranu osobn\u00edch \u00fadaj\u016f.<\/p>\n<p>Funkci pov\u011b\u0159ence pro ochranu osobn\u00edch \u00fadaj\u016f v\u00a0souladu s na\u0159\u00edzen\u00edm Evropsk\u00e9ho parlamentu a Rady (EU) 2016\/679 ze dne 27. dubna 2016 pro Mate\u0159skou \u0161kolu Bo\u017eetice zaji\u0161\u0165uje <strong>Svazek obc\u00ed Milevska<\/strong>, Husovo n\u00e1m\u011bst\u00ed 391, 399 01 Milevsko, I\u010cO: 65986580.<strong>\u00a0\u00a0\u00a0\u00a0\u00a0\u00a0\u00a0\u00a0\u00a0\u00a0\u00a0\u00a0\u00a0\u00a0\u00a0\u00a0\u00a0\u00a0\u00a0\u00a0\u00a0\u00a0\u00a0\u00a0\u00a0\u00a0\u00a0\u00a0\u00a0\u00a0\u00a0\u00a0\u00a0\u00a0\u00a0\u00a0\u00a0\u00a0\u00a0\u00a0\u00a0\u00a0\u00a0\u00a0\u00a0\u00a0\u00a0\u00a0\u00a0\u00a0 <\/strong><\/p>\n<p><strong>Kontaktn\u00ed osobou je od 1. 7. 2019 Bc. Michaela Hrne\u010dkov\u00e1<\/strong>, tel.: 602\u00a0528\u00a0913,\u00a0 \u00a0 \u00a0 \u00a0 \u00a0 \u00a0 \u00a0 \u00a0 \u00a0 \u00a0 \u00a0 \u00a0 \u00a0 \u00a0 \u00a0 \u00a0 \u00a0 \u00a0 \u00a0 \u00a0 \u00a0 \u00a0 \u00a0 \u00a0 \u00a0 \u00a0 \u00a0 \u00a0 \u00a0 \u00a0 \u00a0 \u00a0 \u00a0 \u00a0 \u00a0 \u00a0 \u00a0 \u00a0 \u00a0 \u00a0e-mail: <strong>poverenec@sdruzeni-milevsko.cz<\/strong><\/p>\n<p>Pro zaji\u0161t\u011bn\u00ed veden\u00ed dokumentace \u0161koly, v souladu s ustanoven\u00edm \u00a7 28 z\u00e1kona \u010d. 561\/2004 Sb., o p\u0159ed\u0161koln\u00edm, z\u00e1kladn\u00edm, st\u0159edn\u00edm, vy\u0161\u0161\u00edm odborn\u00e9m a jin\u00e9m vzd\u011bl\u00e1v\u00e1n\u00ed (\u0161kolsk\u00fd z\u00e1kon), ve zn\u011bn\u00ed pozd\u011bj\u0161\u00edch p\u0159edpis\u016f, zpracov\u00e1v\u00e1 \u0161kola o \u017e\u00e1c\u00edch n\u00e1sleduj\u00edc\u00ed typy \u00fadaj\u016f:<\/p>\n<p>jm\u00e9no a p\u0159\u00edjmen\u00ed; rodn\u00e9 \u010d\u00edslo (pop\u0159\u00edpad\u011b datum narozen\u00ed, nebylo-li rodn\u00e9 \u010d\u00edslo d\u00edt\u011bti, \u017e\u00e1kovi nebo studentovi p\u0159id\u011bleno); st\u00e1tn\u00ed ob\u010danstv\u00ed; m\u00edsto narozen\u00ed; m\u00edsto trval\u00e9ho pobytu, pop\u0159\u00edpad\u011b m\u00edsto pobytu na \u00fazem\u00ed \u010cesk\u00e9 republiky podle druhu pobytu cizince nebo m\u00edsto pobytu v zahrani\u010d\u00ed, nepob\u00fdv\u00e1-li d\u00edt\u011b, \u017e\u00e1k nebo student na \u00fazem\u00ed \u010cesk\u00e9 republiky; \u00fadaje o p\u0159edchoz\u00edm vzd\u011bl\u00e1v\u00e1n\u00ed, v\u010detn\u011b dosa\u017een\u00e9ho stupn\u011b vzd\u011bl\u00e1n\u00ed; datum zah\u00e1jen\u00ed vzd\u011bl\u00e1v\u00e1n\u00ed ve \u0161kole; \u00fadaje o pr\u016fb\u011bhu a v\u00fdsledc\u00edch vzd\u011bl\u00e1v\u00e1n\u00ed ve \u0161kole; vyu\u010dovac\u00ed jazyk; \u00fadaje o znev\u00fdhodn\u011bn\u00ed \u017e\u00e1ka; \u00fadaje o mimo\u0159\u00e1dn\u00e9m nad\u00e1n\u00ed \u017e\u00e1ka; \u00fadaje o podp\u016frn\u00fdch opat\u0159en\u00edch poskytovan\u00fdch \u017e\u00e1kovi \u0161kolou, a o z\u00e1v\u011brech vy\u0161et\u0159en\u00ed uveden\u00fdch v doporu\u010den\u00ed \u0161kolsk\u00e9ho poradensk\u00e9ho za\u0159\u00edzen\u00ed; \u00fadaje o zdravotn\u00ed zp\u016fsobilosti ke vzd\u011bl\u00e1v\u00e1n\u00ed a o zdravotn\u00edch obt\u00ed\u017e\u00edch, kter\u00e9 by mohly m\u00edt vliv na pr\u016fb\u011bh vzd\u011bl\u00e1v\u00e1n\u00ed; datum ukon\u010den\u00ed vzd\u011bl\u00e1v\u00e1n\u00ed ve \u0161kole.<\/p>\n<p><strong>Ozn\u00e1men\u00ed pov\u011b\u0159ence pro ochranu osobn\u00edch \u00fadaj\u016f<\/strong><\/p>\n<p>Funkci pov\u011b\u0159ence pro ochranu osobn\u00edch \u00fadaj\u016f v souladu s na\u0159\u00edzen\u00edm Evropsk\u00e9ho parlamentu a Rady (EU) 2016\/679 ze dne 27. dubna 2016 pro Mate\u0159skou \u0161kolu Bo\u017eetice zaji\u0161\u0165uje\u00a0<strong>Svazek obc\u00ed Milevska<\/strong>, Husovo n\u00e1m\u011bst\u00ed 391, 399 01 Milevsko, I\u010cO: 65986580.<\/p>\n<p><strong>Kontaktn\u00ed osobou je Bc. Petr Koblic<\/strong>, tel.: 778 514 600, e-mail: koblic@sorp.cz<\/p>\n","protected":false},"excerpt":{"rendered":"<p>Mate\u0159sk\u00e1 \u0161kola Bo\u017eetice, d\u00e1le jen &#8222;\u0161kola&#8220; jako spr\u00e1vce osobn\u00edch \u00fadaj\u016f zpracov\u00e1v\u00e1 \u00fadaje v n\u00ed\u017ee uveden\u00fdch p\u0159\u00edpadech. Na \u0161kolu je mo\u017en\u00e9 se k uplatn\u011bn\u00ed pr\u00e1v v oblasti osobn\u00edch \u00fadaj\u016f obracet prost\u0159ednictv\u00edm datov\u00e9 schr\u00e1nky, ID DS: q4zkk3x, emailem na adrese: ms@bozetice.cz nebo po\u0161tou na adrese Mate\u0159sk\u00e1 \u0161kola Bo\u017eetice, Bo\u017eetice 7, 398 51 Sepekov. V\u00fd\u0161e uveden\u00fdmi zp\u016fsoby je &hellip; <a href=\"http:\/\/bozetice.cz\/ms\/index.php\/gdpr\/\" class=\"more-link\">Pokra\u010dov\u00e1n\u00ed textu <span class=\"screen-reader-text\">GDPR<\/span><\/a><\/p>\n","protected":false},"author":1,"featured_media":0,"parent":0,"menu_order":0,"comment_status":"closed","ping_status":"closed","template":"","meta":{"footnotes":""},"class_list":["post-92","page","type-page","status-publish","hentry"],"_links":{"self":[{"href":"http:\/\/bozetice.cz\/ms\/index.php\/wp-json\/wp\/v2\/pages\/92","targetHints":{"allow":["GET"]}}],"collection":[{"href":"http:\/\/bozetice.cz\/ms\/index.php\/wp-json\/wp\/v2\/pages"}],"about":[{"href":"http:\/\/bozetice.cz\/ms\/index.php\/wp-json\/wp\/v2\/types\/page"}],"author":[{"embeddable":true,"href":"http:\/\/bozetice.cz\/ms\/index.php\/wp-json\/wp\/v2\/users\/1"}],"replies":[{"embeddable":true,"href":"http:\/\/bozetice.cz\/ms\/index.php\/wp-json\/wp\/v2\/comments?post=92"}],"version-history":[{"count":3,"href":"http:\/\/bozetice.cz\/ms\/index.php\/wp-json\/wp\/v2\/pages\/92\/revisions"}],"predecessor-version":[{"id":354,"href":"http:\/\/bozetice.cz\/ms\/index.php\/wp-json\/wp\/v2\/pages\/92\/revisions\/354"}],"wp:attachment":[{"href":"http:\/\/bozetice.cz\/ms\/index.php\/wp-json\/wp\/v2\/media?parent=92"}],"curies":[{"name":"wp","href":"https:\/\/api.w.org\/{rel}","templated":true}]}}