{"id":90,"date":"2018-09-13T21:04:46","date_gmt":"2018-09-13T19:04:46","guid":{"rendered":"http:\/\/bozetice.cz\/ms\/?page_id=90"},"modified":"2019-06-18T14:53:39","modified_gmt":"2019-06-18T12:53:39","slug":"sponzori","status":"publish","type":"page","link":"http:\/\/bozetice.cz\/ms\/index.php\/o-nas\/sponzori\/","title":{"rendered":"Sponzo\u0159i"},"content":{"rendered":"<h2 style=\"text-align: center;\">\u0158editelstv\u00ed M\u0160 Bo\u017eetice a d\u011bti<\/h2>\n<h2 style=\"text-align: center;\">\u00a0d\u011bkuj\u00ed sv\u00fdm sponzor\u016fm:<\/h2>\n<h4>Hlavn\u00ed sponzor a z\u0159izovatel: Obec Bo\u017eetice<\/h4>\n<h4>Dal\u0161\u00ed v\u00fdzna\u010dn\u00ed sponzo\u0159i:<\/h4>\n<ul type=\"square\">\n<li>Dohl\u00ed\u017eec\u00ed v\u00fdbor Jednota Bo\u017eetice<\/li>\n<li>\u010cesk\u00fd svaz \u017een<\/li>\n<li>Zahradnictv\u00ed Pokorn\u00fd<\/li>\n<li>Richard \u0160imko &#8211; v\u010dela\u0159<\/li>\n<li>Firma Efaflex<\/li>\n<li>Rodi\u010de d\u011bt\u00ed, kte\u0159\u00ed se pod\u00edlej\u00ed na oprav\u00e1ch a jin\u00fdch aktivit\u00e1ch \u0161kolky<\/li>\n<\/ul>\n","protected":false},"excerpt":{"rendered":"<p>\u0158editelstv\u00ed M\u0160 Bo\u017eetice a d\u011bti \u00a0d\u011bkuj\u00ed sv\u00fdm sponzor\u016fm: Hlavn\u00ed sponzor a z\u0159izovatel: Obec Bo\u017eetice Dal\u0161\u00ed v\u00fdzna\u010dn\u00ed sponzo\u0159i: Dohl\u00ed\u017eec\u00ed v\u00fdbor Jednota Bo\u017eetice \u010cesk\u00fd svaz \u017een Zahradnictv\u00ed Pokorn\u00fd Richard \u0160imko &#8211; v\u010dela\u0159 Firma Efaflex Rodi\u010de d\u011bt\u00ed, kte\u0159\u00ed se pod\u00edlej\u00ed na oprav\u00e1ch a jin\u00fdch aktivit\u00e1ch \u0161kolky<\/p>\n","protected":false},"author":1,"featured_media":0,"parent":9,"menu_order":0,"comment_status":"closed","ping_status":"closed","template":"","meta":{"footnotes":""},"class_list":["post-90","page","type-page","status-publish","hentry"],"_links":{"self":[{"href":"http:\/\/bozetice.cz\/ms\/index.php\/wp-json\/wp\/v2\/pages\/90","targetHints":{"allow":["GET"]}}],"collection":[{"href":"http:\/\/bozetice.cz\/ms\/index.php\/wp-json\/wp\/v2\/pages"}],"about":[{"href":"http:\/\/bozetice.cz\/ms\/index.php\/wp-json\/wp\/v2\/types\/page"}],"author":[{"embeddable":true,"href":"http:\/\/bozetice.cz\/ms\/index.php\/wp-json\/wp\/v2\/users\/1"}],"replies":[{"embeddable":true,"href":"http:\/\/bozetice.cz\/ms\/index.php\/wp-json\/wp\/v2\/comments?post=90"}],"version-history":[{"count":5,"href":"http:\/\/bozetice.cz\/ms\/index.php\/wp-json\/wp\/v2\/pages\/90\/revisions"}],"predecessor-version":[{"id":186,"href":"http:\/\/bozetice.cz\/ms\/index.php\/wp-json\/wp\/v2\/pages\/90\/revisions\/186"}],"up":[{"embeddable":true,"href":"http:\/\/bozetice.cz\/ms\/index.php\/wp-json\/wp\/v2\/pages\/9"}],"wp:attachment":[{"href":"http:\/\/bozetice.cz\/ms\/index.php\/wp-json\/wp\/v2\/media?parent=90"}],"curies":[{"name":"wp","href":"https:\/\/api.w.org\/{rel}","templated":true}]}}