{"id":899,"date":"2023-01-26T16:04:50","date_gmt":"2023-01-26T15:04:50","guid":{"rendered":"http:\/\/bozetice.cz\/ms\/?page_id=899"},"modified":"2023-01-26T16:07:43","modified_gmt":"2023-01-26T15:07:43","slug":"zapojeni-ms-do-dotacnich-programu","status":"publish","type":"page","link":"http:\/\/bozetice.cz\/ms\/index.php\/zapojeni-ms-do-dotacnich-programu\/","title":{"rendered":"Zapojen\u00ed M\u0160 do dota\u010dn\u00edch program\u016f"},"content":{"rendered":"<h4>Dota\u010dn\u00ed program &#8211; ,,My v to Jiho\u010dechy nenech\u00e1me!&#8220; &#8211; Podpora rodin s d\u011btmi od 3 do dovr\u0161en\u00ed 19 let na \u0161koln\u00ed a mimo\u0161koln\u00ed aktivity<\/h4>\n<p>V r\u00e1mci tohoto programu jsme podpo\u0159ili jedno d\u00edt\u011b v oblasti platby stravn\u00e9ho.<\/p>\n<h4>Digitalizujeme \u0161kolu &#8211; realizace investice n\u00e1rodn\u00edho pl\u00e1nu obnovy &#8211; komponenta 3.1<\/h4>\n<p><a href=\"http:\/\/bozetice.cz\/ms\/wp-content\/uploads\/2023\/01\/vzor-MSMT-Letak-pro-publicitu-NPO-DIGITALIZUJEME-SKOLU-4.docx\">vzor-MSMT-Letak-pro-publicitu-NPO-DIGITALIZUJEME-SKOLU (4)<\/a><\/p>\n<p>V r\u00e1mci tohoto programu jsme zakoupili digit\u00e1ln\u00ed pom\u016fcky pro d\u011bti v\u0161ech v\u011bkov\u00fdch skupin.<\/p>\n<p>&nbsp;<\/p>\n","protected":false},"excerpt":{"rendered":"<p>Dota\u010dn\u00ed program &#8211; ,,My v to Jiho\u010dechy nenech\u00e1me!&#8220; &#8211; Podpora rodin s d\u011btmi od 3 do dovr\u0161en\u00ed 19 let na \u0161koln\u00ed a mimo\u0161koln\u00ed aktivity V r\u00e1mci tohoto programu jsme podpo\u0159ili jedno d\u00edt\u011b v oblasti platby stravn\u00e9ho. Digitalizujeme \u0161kolu &#8211; realizace investice n\u00e1rodn\u00edho pl\u00e1nu obnovy &#8211; komponenta 3.1 vzor-MSMT-Letak-pro-publicitu-NPO-DIGITALIZUJEME-SKOLU (4) V r\u00e1mci tohoto programu jsme zakoupili &hellip; <a href=\"http:\/\/bozetice.cz\/ms\/index.php\/zapojeni-ms-do-dotacnich-programu\/\" class=\"more-link\">Pokra\u010dov\u00e1n\u00ed textu <span class=\"screen-reader-text\">Zapojen\u00ed M\u0160 do dota\u010dn\u00edch program\u016f<\/span><\/a><\/p>\n","protected":false},"author":2,"featured_media":0,"parent":0,"menu_order":0,"comment_status":"closed","ping_status":"closed","template":"","meta":{"footnotes":""},"class_list":["post-899","page","type-page","status-publish","hentry"],"_links":{"self":[{"href":"http:\/\/bozetice.cz\/ms\/index.php\/wp-json\/wp\/v2\/pages\/899","targetHints":{"allow":["GET"]}}],"collection":[{"href":"http:\/\/bozetice.cz\/ms\/index.php\/wp-json\/wp\/v2\/pages"}],"about":[{"href":"http:\/\/bozetice.cz\/ms\/index.php\/wp-json\/wp\/v2\/types\/page"}],"author":[{"embeddable":true,"href":"http:\/\/bozetice.cz\/ms\/index.php\/wp-json\/wp\/v2\/users\/2"}],"replies":[{"embeddable":true,"href":"http:\/\/bozetice.cz\/ms\/index.php\/wp-json\/wp\/v2\/comments?post=899"}],"version-history":[{"count":3,"href":"http:\/\/bozetice.cz\/ms\/index.php\/wp-json\/wp\/v2\/pages\/899\/revisions"}],"predecessor-version":[{"id":905,"href":"http:\/\/bozetice.cz\/ms\/index.php\/wp-json\/wp\/v2\/pages\/899\/revisions\/905"}],"wp:attachment":[{"href":"http:\/\/bozetice.cz\/ms\/index.php\/wp-json\/wp\/v2\/media?parent=899"}],"curies":[{"name":"wp","href":"https:\/\/api.w.org\/{rel}","templated":true}]}}