{"id":8,"date":"2018-09-13T09:04:33","date_gmt":"2018-09-13T07:04:33","guid":{"rendered":"http:\/\/bozetice.cz\/ms\/?page_id=8"},"modified":"2026-02-10T10:22:51","modified_gmt":"2026-02-10T09:22:51","slug":"domu","status":"publish","type":"page","link":"http:\/\/bozetice.cz\/ms\/","title":{"rendered":""},"content":{"rendered":"<p style=\"text-align: center;\"><strong>\u00a0<\/strong><\/p>\n<p class=\"wnd-align-center\" style=\"text-align: center;\">Mate\u0159sk\u00e1 \u0161kola Bo\u017eetice je jednot\u0159\u00eddn\u00ed vesnick\u00e1 \u0161kolka<b>. <\/b><\/p>\n<p class=\"wnd-align-center\" style=\"text-align: center;\"><b>Kapacita \u0161kolky je 27 d\u011bt\u00ed. T\u0159\u00edda se napl\u0148uje do po\u010dtu 24 d\u011bt\u00ed. D\u016fvodem je doch\u00e1zka d\u011bt\u00ed ve v\u011bku 2 let.<\/b><\/p>\n<p class=\"wnd-align-center\" style=\"text-align: center;\">T\u0159\u00edda je v\u011bkov\u011b heterogenn\u00ed a vzd\u011bl\u00e1vaj\u00ed se zde d\u011bti ji\u017e\u00a0<strong>od 2 do 6 let (pop\u0159. do 7 let &#8211; odklad \u0161koln\u00ed doch\u00e1zky).\u00a0<\/strong>\u0160kolku nav\u0161t\u011bvuj\u00ed d\u011bti nejen z Bo\u017eetic, ale i z \u0161irok\u00e9ho okol\u00ed, co\u017e n\u00e1s velice t\u011b\u0161\u00ed.<\/p>\n<p class=\"wnd-align-center\" style=\"text-align: center;\">Otev\u00edrac\u00ed doba je od\u00a0<strong>6:30 do 16:00 hod.<\/strong><\/p>\n<p class=\"wnd-align-center\" style=\"text-align: center;\">Sou\u010d\u00e1st\u00ed mate\u0159sk\u00e9 \u0161koly je\u00a0<strong>\u0161koln\u00ed j\u00eddelna.<\/strong><\/p>\n<p class=\"wnd-align-justify\" style=\"text-align: left;\">Jedn\u00e1 se o jednopatrovou budovu, kter\u00e1 byla postavena ob\u010dany v akci &#8222;Z&#8220; a slavnostn\u011b otev\u0159ena 31.8.1980. Samotn\u00e9 p\u0159ed\u0161koln\u00ed vzd\u011bl\u00e1v\u00e1n\u00ed m\u00e1 ale v Bo\u017eetic\u00edch mnohem star\u0161\u00ed ko\u0159eny, datuje se a\u017e k roku 1947.<\/p>\n<p class=\"wnd-align-justify\" style=\"text-align: left;\">Samotn\u00e1 budova \u0161kolky je situov\u00e1na v klidn\u00e9m prost\u0159ed\u00ed vesnice Bo\u017eetice.<\/p>\n<p class=\"wnd-align-justify\" style=\"text-align: left;\">Obklopuje ji\u00a0<b>rozlehl\u00e1 zahrada<\/b>, kter\u00e1 sk\u00fdt\u00e1 d\u011btem jak zdrav\u00e9 \u017eivotn\u00ed prost\u0159ed\u00ed, tak i dostatek prostoru pro pohyb a vlastn\u00ed hru. Zde d\u011bti z\u00edsk\u00e1vaj\u00ed kladn\u00fd vztah k \u017eiv\u00e9 i ne\u017eiv\u00e9 p\u0159\u00edrod\u011b a tak\u00e9 k \u010dinnostem souvisej\u00edc\u00edm s celoro\u010dn\u00ed p\u00e9\u010d\u00ed o zahradu. Velice obl\u00edben\u00fd je bylinkov\u00fd z\u00e1honek, kter\u00fd d\u011bti hojn\u011b vyu\u017e\u00edvaj\u00ed ke sv\u00e9 h\u0159e. Are\u00e1l \u0161kolky disponuje tak\u00e9 asfaltovou silnic\u00ed a asfaltovou plochou ur\u010denou pro d\u011btsk\u00e9 hry, velk\u00fdm p\u00edskovi\u0161t\u011bm se zast\u00edn\u011bn\u00edm, dome\u010dkem na hran\u00ed, houpa\u010dkami, skluzavkami, koloto\u010dem a pru\u017einov\u00fdmi houpadly. Je zde vybudov\u00e1n i smyslov\u00fd chodn\u00edk, kter\u00fd d\u011bti vyu\u017e\u00edvaj\u00ed v tepl\u00fdch dnech. Sou\u010d\u00e1st\u00ed zahrady je i ter\u00e9nn\u00ed dr\u00e1ha pro d\u011btsk\u00e1 odstrkovadla a kolob\u011b\u017eky. D\u00e1le um\u011ble vytvo\u0159en\u00fd kopec, kter\u00fd je ur\u010den\u00fd pro zimn\u00ed radov\u00e1nky a k celoro\u010dn\u00edmu pozorov\u00e1n\u00ed okol\u00ed \u0161kolky. St\u00edn na zahrad\u011b zaji\u0161\u0165uj\u00ed d\u0159ev\u011bn\u00e9 p\u0159\u00edst\u0159e\u0161ky a vrbov\u00e1 ch\u00fd\u0161e, d\u00e1le r\u016fzn\u00e9 l\u00e1tkov\u00e9 p\u0159\u00edst\u0159e\u0161ky slou\u017e\u00edc\u00ed jako stany.<\/p>\n<p class=\"wnd-align-justify\" style=\"text-align: left;\"><b>V suter\u00e9nu \u0161kolky<\/b>\u00a0se nach\u00e1z\u00ed sklad hra\u010dek a sportovn\u00edho vybaven\u00ed. D\u00e1le mal\u00e9 t\u0159\u00eddy ur\u010den\u00e9 k tvo\u0159en\u00ed a h\u0159e p\u0159i hork\u00fdch letn\u00edch dnech nebo p\u0159i nep\u0159\u00edzni po\u010das\u00ed. D\u011bti zde maj\u00ed k dispozici soci\u00e1ln\u00ed za\u0159\u00edzen\u00ed a velkou um\u00fdv\u00e1rnu.<\/p>\n<p class=\"wnd-align-justify\" style=\"text-align: left;\"><b>V pat\u0159e<\/b>\u00a0se nach\u00e1z\u00ed vstupn\u00ed prostory, prostorn\u00e1 \u0161atna s nov\u00fdm n\u00e1bytkem, um\u00fdv\u00e1rna a toalety. D\u00e1le vesele vymalovan\u00e1 a vyzdoben\u00e1 t\u0159\u00edda se stole\u010dky ur\u010den\u00fdmi ke h\u0159e a stravov\u00e1n\u00ed. Herna s kobercem slou\u017e\u00ed ke h\u0159e, ale i k odpoledn\u00edmu odpo\u010dinku na leh\u00e1tk\u00e1ch. Je vybavena r\u016fzn\u00fdmi hra\u010dkami, kuchy\u0148kou, obchodem, dome\u010dkem, d\u011btskou knihovni\u010dkou, d\u011btskou sedac\u00ed soupravou, pianem a televizn\u00ed obrazovkou s p\u0159ipojen\u00edm na internet.<\/p>\n<p style=\"text-align: left;\"><b>C\u00edlem na\u0161eho p\u0159ed\u0161koln\u00edho vzd\u011bl\u00e1v\u00e1n\u00ed<\/b>\u00a0je rozv\u00edjet ka\u017ed\u00e9 d\u00edt\u011b po str\u00e1nce fyzick\u00e9, psychick\u00e9 i soci\u00e1ln\u00ed a v\u00e9st je tak, aby na konci sv\u00e9ho p\u0159ed\u0161koln\u00edho obdob\u00ed bylo jedine\u010dnou a relativn\u011b samostatnou osobnost\u00ed, schopnou zvl\u00e1dat takov\u00e9 n\u00e1roky \u017eivota, kter\u00e9 jsou na n\u011b b\u011b\u017en\u011b kladeny a z\u00e1rove\u0148 ty, kter\u00e9 ho v budoucnu nevyhnuteln\u011b \u010dekaj\u00ed.<\/p>\n<p style=\"text-align: left;\">Mate\u0159sk\u00e1 \u0161kola je zpravidla prvn\u00ed vzd\u011bl\u00e1vac\u00ed instituc\u00ed, do kter\u00e9 d\u011bti p\u0159ich\u00e1zej\u00ed.\u00a0 Vzpom\u00ednky na n\u00ed tak tvo\u0159\u00ed \u010dasto \u00fapln\u011b ty prvn\u00ed, kter\u00e9 se n\u00e1m vybavuj\u00ed i v pozd\u011bj\u0161\u00edm v\u011bku a v dosp\u011blosti. Proto je prvo\u0159ad\u00fdm \u00fakolem, zajistit prost\u0159ed\u00ed, ve kter\u00e9m se d\u011bti budou c\u00edtit bezpe\u010dn\u011b a spokojen\u011b. Chceme ve \u0161kolce zajistit p\u0159edev\u0161\u00edm podm\u00ednky pro p\u0159irozen\u00fd rozvoj d\u011bt\u00ed, podporovat p\u0159\u00e1telsk\u00e9 chov\u00e1n\u00ed a kamar\u00e1dsk\u00e9 vztahy mezi d\u011btmi, nau\u010dit d\u011bti spr\u00e1vn\u00e9mu chov\u00e1n\u00ed ve skupin\u011b, efektivn\u00edmu \u0159e\u0161en\u00ed spor\u016f, zvl\u00e1dat komunikaci s dosp\u011bl\u00fdmi i d\u011btsk\u00fdmi kamar\u00e1dy.<\/p>\n<p style=\"text-align: left;\">Hodn\u011b vyu\u017e\u00edv\u00e1me\u00a0<b>prost\u0159ed\u00ed venkova,<\/b>\u00a0ve kter\u00e9m se \u0161kolka nach\u00e1z\u00ed. V posledn\u00ed dob\u011b se vytr\u00e1c\u00ed p\u0159irozen\u00e1 a ka\u017edodenn\u00ed touha po pobytu v p\u0159\u00edrod\u011b. Proto je dnes kladen velk\u00fd d\u016fraz na prost\u0159ed\u00ed, ve kter\u00e9m d\u00edt\u011b tr\u00e1v\u00ed sv\u016fj voln\u00fd \u010das. Dne\u0161n\u00ed\u00a0d\u011bti \u010dasto maj\u00ed velmi omezen\u00e9 mo\u017enosti pob\u00fdvat denn\u011b v p\u0159\u00edrodn\u00edm prost\u0159ed\u00ed a m\u00edt mo\u017enost dle sv\u00e9ho p\u0159\u00e1n\u00ed experimentovat a tvo\u0159it.<\/p>\n<p style=\"text-align: left;\">\u0160kolka jim m\u016f\u017ee tyto mo\u017enosti \u010d\u00e1ste\u010dn\u011b nahradit. A\u0165 je to pobyt na \u0161koln\u00ed zahrad\u011b nebo vych\u00e1zky do p\u0159\u00edrody a okol\u00ed.<\/p>\n","protected":false},"excerpt":{"rendered":"<p>\u00a0 Mate\u0159sk\u00e1 \u0161kola Bo\u017eetice je jednot\u0159\u00eddn\u00ed vesnick\u00e1 \u0161kolka. Kapacita \u0161kolky je 27 d\u011bt\u00ed. T\u0159\u00edda se napl\u0148uje do po\u010dtu 24 d\u011bt\u00ed. D\u016fvodem je doch\u00e1zka d\u011bt\u00ed ve v\u011bku 2 let. T\u0159\u00edda je v\u011bkov\u011b heterogenn\u00ed a vzd\u011bl\u00e1vaj\u00ed se zde d\u011bti ji\u017e\u00a0od 2 do 6 let (pop\u0159. do 7 let &#8211; odklad \u0161koln\u00ed doch\u00e1zky).\u00a0\u0160kolku nav\u0161t\u011bvuj\u00ed d\u011bti nejen z Bo\u017eetic, &hellip; <a href=\"http:\/\/bozetice.cz\/ms\/\" class=\"more-link\">Pokra\u010dov\u00e1n\u00ed textu <span class=\"screen-reader-text\"><\/span><\/a><\/p>\n","protected":false},"author":1,"featured_media":536,"parent":0,"menu_order":0,"comment_status":"closed","ping_status":"closed","template":"","meta":{"footnotes":""},"class_list":["post-8","page","type-page","status-publish","has-post-thumbnail","hentry"],"_links":{"self":[{"href":"http:\/\/bozetice.cz\/ms\/index.php\/wp-json\/wp\/v2\/pages\/8","targetHints":{"allow":["GET"]}}],"collection":[{"href":"http:\/\/bozetice.cz\/ms\/index.php\/wp-json\/wp\/v2\/pages"}],"about":[{"href":"http:\/\/bozetice.cz\/ms\/index.php\/wp-json\/wp\/v2\/types\/page"}],"author":[{"embeddable":true,"href":"http:\/\/bozetice.cz\/ms\/index.php\/wp-json\/wp\/v2\/users\/1"}],"replies":[{"embeddable":true,"href":"http:\/\/bozetice.cz\/ms\/index.php\/wp-json\/wp\/v2\/comments?post=8"}],"version-history":[{"count":32,"href":"http:\/\/bozetice.cz\/ms\/index.php\/wp-json\/wp\/v2\/pages\/8\/revisions"}],"predecessor-version":[{"id":980,"href":"http:\/\/bozetice.cz\/ms\/index.php\/wp-json\/wp\/v2\/pages\/8\/revisions\/980"}],"wp:featuredmedia":[{"embeddable":true,"href":"http:\/\/bozetice.cz\/ms\/index.php\/wp-json\/wp\/v2\/media\/536"}],"wp:attachment":[{"href":"http:\/\/bozetice.cz\/ms\/index.php\/wp-json\/wp\/v2\/media?parent=8"}],"curies":[{"name":"wp","href":"https:\/\/api.w.org\/{rel}","templated":true}]}}