{"id":79,"date":"2018-09-13T20:57:41","date_gmt":"2018-09-13T18:57:41","guid":{"rendered":"http:\/\/bozetice.cz\/ms\/?page_id=79"},"modified":"2026-02-10T10:26:44","modified_gmt":"2026-02-10T09:26:44","slug":"denni-rezim","status":"publish","type":"page","link":"http:\/\/bozetice.cz\/ms\/index.php\/o-nas\/denni-rezim\/","title":{"rendered":"Denn\u00ed re\u017eim"},"content":{"rendered":"<h1 align=\"center\"><span style=\"color: #ffcc00;\"><b>Re\u017eim dne v na\u0161\u00ed mate\u0159sk\u00e9 \u0161kole<\/b><\/span><\/h1>\n<h3><strong>6:30 &#8211; 8:30 \u00a0 \u00a0 \u00a0<\/strong><\/h3>\n<ul>\n<li><strong>\u00a0hry a \u010dinnosti podle volby d\u011bt\u00ed<br \/>\n<\/strong><em>\u00a0(p\u0159\u00edchod d\u011bt\u00ed do mate\u0159sk\u00e9 \u0161koly)<\/em><\/li>\n<\/ul>\n<h3><strong>8:30 &#8211; 9:30<\/strong><\/h3>\n<ul>\n<li><strong>pohybov\u00e9 aktivity<\/strong><\/li>\n<li><strong>hygiena, sva\u010dina<\/strong><\/li>\n<li><strong>spont\u00e1nn\u00ed \u010dinnosti (n\u00e1m\u011btov\u00e9, konstruktivn\u00ed, didaktick\u00e9, pracovn\u00ed, hudebn\u00ed,\u00a0 v\u00fdtvarn\u00e9, atd.)<\/strong><\/li>\n<li><strong>\u00a0individu\u00e1ln\u00ed, skupinov\u00e1 i front\u00e1ln\u00ed pr\u00e1ce s d\u011btmi<\/strong><\/li>\n<\/ul>\n<h3><strong>9:30 &#8211; 11:30 \u00a0 \u00a0 \u00a0 \u00a0 \u00a0 <\/strong><\/h3>\n<ul>\n<li><strong>pobyt venku (\u0161koln\u00ed zahrada, vych\u00e1zka)<\/strong><\/li>\n<\/ul>\n<h3><strong>11:30 &#8211; 12:15 \u00a0 \u00a0 \u00a0 \u00a0 \u00a0 <\/strong><\/h3>\n<ul>\n<li><strong>hygiena, ob\u011bd,<\/strong><\/li>\n<li><strong>p\u0159\u00edprava na odpoledn\u00ed odpo\u010dinek<br \/>\n<\/strong><em>12:00 &#8211; 12:15 vyzved\u00e1v\u00e1n\u00ed d\u011bt\u00ed)<\/em><\/li>\n<\/ul>\n<h3><strong>12:15 &#8211; 14:00 \u00a0 \u00a0 \u00a0 \u00a0 <\/strong><\/h3>\n<ul>\n<li><strong>\u010dten\u00ed poh\u00e1dky p\u0159ed span\u00edm<\/strong><\/li>\n<li><strong>odpo\u010dinek d\u011bt\u00ed dle jejich individu\u00e1ln\u00ed pot\u0159eby, klidov\u00e9 aktivity<\/strong><\/li>\n<\/ul>\n<h3><strong>14:00 &#8211; 14:30 \u00a0 \u00a0 \u00a0 \u00a0 \u00a0 <\/strong><\/h3>\n<ul>\n<li><strong>hygiena, odpoledn\u00ed sva\u010dina<\/strong><\/li>\n<\/ul>\n<h3><strong>14:30 &#8211; 16:00 \u00a0 \u00a0 \u00a0 \u00a0 \u00a0 \u00a0<\/strong><\/h3>\n<ul>\n<li><strong>spont\u00e1nn\u00ed a skupinov\u00e9 hry d\u011bt\u00ed, pokra\u010dov\u00e1n\u00ed v zapo\u010dat\u00fdch dopoledn\u00edch\u00a0 aktivit\u00e1ch, individu\u00e1ln\u00ed pl\u00e1novan\u00e9 \u010dinnosti<br \/>\n<\/strong><em>\u00a0(14:30 &#8211; 16:00 vyzved\u00e1v\u00e1n\u00ed d\u011bt\u00ed)<\/em><\/li>\n<li><strong>Re\u017eim dne m\u016f\u017ee b\u00fdt upraven podle programu\u00a0<\/strong><strong>a aktu\u00e1ln\u00edch pot\u0159eb d\u011bt\u00ed<\/strong><\/li>\n<\/ul>\n<p>&nbsp;<\/p>\n<h3 style=\"text-align: center;\"><span style=\"color: #ffcc00;\"><strong>P\u0159\u00edchod d\u011bt\u00ed, voln\u00e9 hry<\/strong><\/span><\/h3>\n<p style=\"text-align: center;\">P\u0159i vstupu do t\u0159\u00eddy se vz\u00e1jemn\u011b p\u0159iv\u00edt\u00e1 d\u00edt\u011b s pan\u00ed u\u010ditelkou a ostatn\u00edmi d\u011btmi pozdravem. D\u00edt\u011b si na magnetickou tabuli se slun\u00ed\u010dkem d\u00e1 svoji fotografii a odch\u00e1z\u00ed si hr\u00e1t. D\u00edt\u011b si zvol\u00ed, zda si bude hr\u00e1t samo nebo s kamar\u00e1dy a vybere si \u010dinnost, kter\u00e1 ho zaj\u00edm\u00e1 a uspokojuje. Ukon\u010den\u00ed her a spole\u010dn\u00fd \u00faklid hra\u010dek oznamuje smluven\u00fd sign\u00e1l \u2013 \u201eKo\u010di\u010d\u00ed p\u00edse\u0148\u201c.<\/p>\n<h3 style=\"text-align: center;\"><span style=\"color: #ffcc00;\"><strong>Rann\u00ed kruh<\/strong><\/span><\/h3>\n<p style=\"text-align: center;\">Po voln\u00fdch hr\u00e1ch se d\u011bti sesednou do kruhu, kter\u00fd je situov\u00e1n do prostoru herny. C\u00edlem rann\u00edho kruhu je vz\u00e1jemn\u00e9 p\u0159iv\u00edt\u00e1n\u00ed, pohlazen\u00ed, veden\u00ed d\u011bt\u00ed k tomu, aby si p\u0159i sd\u00edlen\u00ed (z\u00e1\u017eitk\u016f, pocit\u016f, n\u00e1zor\u016f, dojm\u016f apod.) naslouchaly, aby se sezn\u00e1mily, co budou d\u011blat, ze kter\u00fdch \u010dinnost\u00ed si mohou vybrat. Tvar kruhu symbolizuje rovnost, partnerstv\u00ed v\u0161ech jeho \u010dlen\u016f, stmeluje. Vz\u00e1jemn\u00e9 sd\u00edlen\u00ed posiluje pocit soun\u00e1le\u017eitosti mezi d\u011btmi, rozv\u00edj\u00ed empatii, pozn\u00e1v\u00e1n\u00ed sebe sama. Kruh je tak\u00e9 m\u00edstem pro n\u00e1cvik b\u00e1sn\u00ed, poslech poh\u00e1dek apod.<\/p>\n<h3 style=\"text-align: center;\"><span style=\"color: #ffcc00;\"><strong>T\u011blov\u00fdchovn\u00e1 chvilka<\/strong><\/span><\/h3>\n<p style=\"text-align: center;\">Skladbu cvi\u010den\u00ed vol\u00ed u\u010ditelka, ale nen\u00ed v\u00fdjimkou, \u017ee se na n\u00ed pod\u00edl\u00ed i d\u011bti.<\/p>\n<p style=\"text-align: center;\">Za\u0159azujeme :<\/p>\n<p style=\"text-align: center;\">\u00a0lokomo\u010dn\u00ed \u010dinnosti \u2013 ch\u016fze, b\u011bh, lezen\u00ed, skoky, zdravotn\u00ed cviky \u2013 zam\u011b\u0159en\u00e9 na jednotliv\u00e9 \u010d\u00e1sti t\u011bla, cvi\u010den\u00ed s hudbou, cvi\u010den\u00ed s n\u00e1\u010din\u00edm, cvi\u010den\u00ed na n\u00e1\u0159ad\u00ed, pohybov\u00e9 hry,\u00a0cvi\u010den\u00ed j\u00f3gy<\/p>\n<p style=\"text-align: center;\">Z\u00e1kladn\u00edm posl\u00e1n\u00edm cvi\u010den\u00ed je zdravotn\u00ed prosp\u011b\u0161nost, vy\u017eit\u00ed v r\u00e1mci kolektivu, psychick\u00e9 uvoln\u011bn\u00ed, dopln\u011bn\u00ed integrovan\u00fdch blok\u016f.<\/p>\n<h3 style=\"text-align: center;\"><span style=\"color: #ffcc00;\"><strong>Sva\u010dina<\/strong><\/span><\/h3>\n<p style=\"text-align: center;\">Kolem dev\u00e1t\u00e9 hodiny maj\u00ed d\u011bti p\u0159ipravenou sva\u010dinu.<\/p>\n<p style=\"text-align: center;\">Po hygien\u011b si samoobslu\u017en\u00fdm zp\u016fsobem vezmou, co je p\u0159ipraveno na serv\u00edrovac\u00edm stolku (prost\u00edr\u00e1n\u00ed, sklenka, t\u00e1cek, j\u00eddlo). Maj\u00ed mo\u017enost si vybrat j\u00eddlo podle velikosti, nal\u00e9vat n\u00e1poj podle v\u00fdb\u011bru. Dohled u\u010ditelky nebo provozn\u00ed pracovnice zaji\u0161\u0165uje pomoc mlad\u0161\u00edm d\u011btem a v\u0161ude tam, kde je t\u0159eba.<\/p>\n<h3 style=\"text-align: center;\"><span style=\"color: #ffcc00;\"><strong>\u0158\u00edzen\u00e9 \u010dinnosti<\/strong><\/span><\/h3>\n<p style=\"text-align: center;\">T\u00edm, \u017ee si d\u00edt\u011b m\u016f\u017ee vybrat z nab\u00edzen\u00fdch \u010dinnost\u00ed, podporujeme:<\/p>\n<p>zodpov\u011bdnost za vlastn\u00ed volbu<\/p>\n<p>aktivn\u00ed \u00fa\u010dast v komunitn\u00edm kruhu<\/p>\n<p>tvo\u0159ivost a my\u0161len\u00ed<\/p>\n<p>soci\u00e1ln\u00ed dovednosti<\/p>\n<p style=\"text-align: center;\">Nab\u00edzen\u00e9 \u010dinnosti poskytuj\u00ed prostor k tvo\u0159iv\u00e9mu hled\u00e1n\u00ed, objevov\u00e1n\u00ed, kdy maj\u00ed d\u011bti mo\u017enost za\u017e\u00edt \u00fasp\u011bch. Pokud to d\u00edt\u011b pot\u0159ebuje, m\u00e1 mo\u017enost si odpo\u010dinout, ne\u00fa\u010dastnit se spole\u010dn\u00fdch \u010dinnost\u00ed. D\u011bti pracuj\u00ed v r\u016fzn\u011b velk\u00fdch skupin\u00e1ch i individu\u00e1ln\u011b. Je respektov\u00e1no vlastn\u00ed tempo d\u00edt\u011bte.<\/p>\n<h3 style=\"text-align: center;\"><span style=\"color: #ffcc00;\"><strong>Hodnot\u00edc\u00ed kruh<\/strong><\/span><\/h3>\n<p style=\"text-align: center;\">Po ukon\u010den\u00ed \u010dinnost\u00ed se d\u011bti op\u011bt sejdou v kruhu, kde mohou zhodnotit, jak se jim pracovalo, v \u010dem byly \u00fasp\u011b\u0161n\u00e9, kter\u00e9 \u010dinnosti je nejv\u00edce zaujaly, co se nau\u010dily, s k\u00fdm spolupracovaly, kdo jim pom\u00e1hal. Hodnot\u00edc\u00ed kruh prob\u00edh\u00e1 po n\u00e1vratu p\u0159ed ob\u011bdem Je d\u016fle\u017eit\u00fdm prvkem sebereflexe, rozvoje souvisl\u00e9ho vyjad\u0159ov\u00e1n\u00ed, posiluje soci\u00e1ln\u00ed vztahy.<\/p>\n<h3 style=\"text-align: center;\"><span style=\"color: #ffcc00;\"><strong>Pobyt venku<\/strong><\/span><\/h3>\n<p style=\"text-align: center;\">Doba pro pobyt venku je pl\u00e1novan\u00e1 stejn\u011b jako jin\u00e9 \u010dinnosti. Vybaven\u00ed zahrady, ale i bl\u00edzk\u00e9 okol\u00ed \u0161kolky d\u00e1v\u00e1 p\u0159\u00edle\u017eitosti ke spont\u00e1nn\u00edm i \u0159\u00edzen\u00fdm pohybov\u00fdm aktivit\u00e1m, k tvo\u0159iv\u00fdm i n\u00e1m\u011btov\u00fdm hr\u00e1m, ale p\u0159edev\u0161\u00edm umo\u017e\u0148uje \u00fazk\u00fd kontakt s p\u0159\u00edrodou, veden\u00ed d\u011bt\u00ed k po\u010d\u00e1tk\u016fm ekologick\u00e9 v\u00fdchovy. D\u011bti se u\u010d\u00ed p\u0159\u00edrodu pozorovat, pozn\u00e1vat p\u0159\u00edrodn\u00ed z\u00e1konitosti, chr\u00e1nit ji.<\/p>\n<h3 style=\"text-align: center;\"><span style=\"color: #ffcc00;\"><strong>Hygiena, ob\u011bd<\/strong><\/span><\/h3>\n<p style=\"text-align: center;\">Ob\u011bd je nejen p\u0159\u00edle\u017eitost\u00ed k uspokojen\u00ed biologick\u00e9 pot\u0159eby, ale znamen\u00e1 soci\u00e1ln\u00ed a kulturn\u00ed zku\u0161enost. D\u011bti jsou vedeny k samostatnosti s p\u0159ihl\u00e9dnut\u00edm k jejich mo\u017enostem \u2013 d\u011bti se obsluhuj\u00ed zcela samy, mlad\u0161\u00edm d\u011btem pom\u00e1h\u00e1 u\u010ditelka. Ka\u017ed\u00e9 d\u00edt\u011b m\u00e1 mo\u017enost j\u00edst sv\u00fdm tempem. D\u011bti nedokrmujeme, a to ani v p\u0159\u00edpad\u011b, \u017ee se d\u00edt\u011b \u201eloud\u00e1\u201c.<\/p>\n<h3 style=\"text-align: center;\"><span style=\"color: #ffcc00;\"><strong>Odpoledn\u00ed odpo\u010dinek<\/strong><\/span><\/h3>\n<p style=\"text-align: center;\">D\u011bti, kter\u00e9 tr\u00e1v\u00ed v mate\u0159sk\u00e9 \u0161kole cel\u00fd den, pot\u0159ebuj\u00ed \u010das na odpo\u010dinek, relaxovat. Ukl\u00e1daj\u00ed se k odpo\u010dinku, mohou m\u00edt svou obl\u00edbenou ply\u0161ovou hra\u010dku, poslouchaj\u00ed poh\u00e1dky, relaxa\u010dn\u00ed hudbu, n\u011bkdy si d\u011bti cht\u011bj\u00ed \u201eo n\u011b\u010dem\u201c pov\u00eddat, a pak n\u011bkter\u00e9 us\u00ednaj\u00ed. Tolerujeme sn\u00ed\u017eenou pot\u0159ebu sp\u00e1nku. T\u011bmto d\u011btem jsou nab\u00edzen\u00e9 tich\u00e9 \u010dinnosti (hlavolamy, logick\u00e9 hry, prohl\u00ed\u017een\u00ed knih, puzzle, navl\u00e9k\u00e1n\u00ed kor\u00e1lk\u016f, \u00a0pexeso) s dodr\u017eov\u00e1n\u00edm pravidla \u2013 ,,hraj si tak, abys neru\u0161il sp\u00edc\u00ed kamar\u00e1dy\u201c.<\/p>\n<h3 style=\"text-align: center;\"><span style=\"color: #ffcc00;\"><strong>Odpoledn\u00ed \u010dinnosti do odchodu d\u011bt\u00ed dom\u016f<\/strong><\/span><\/h3>\n<p style=\"text-align: center;\">Odpoledne si d\u011bti vyb\u00edraj\u00ed \u010dinnosti podle vlastn\u00edho v\u00fdb\u011bru (voln\u00e1 hra v hern\u011b, kreslen\u00ed, stavebnice atd. Pokud maj\u00ed z\u00e1jem jsou za\u0159azov\u00e1ny r\u016fzn\u00e9 spole\u010dn\u00e9 hry.<\/p>\n","protected":false},"excerpt":{"rendered":"<p>Re\u017eim dne v na\u0161\u00ed mate\u0159sk\u00e9 \u0161kole 6:30 &#8211; 8:30 \u00a0 \u00a0 \u00a0 \u00a0hry a \u010dinnosti podle volby d\u011bt\u00ed \u00a0(p\u0159\u00edchod d\u011bt\u00ed do mate\u0159sk\u00e9 \u0161koly) 8:30 &#8211; 9:30 pohybov\u00e9 aktivity hygiena, sva\u010dina spont\u00e1nn\u00ed \u010dinnosti (n\u00e1m\u011btov\u00e9, konstruktivn\u00ed, didaktick\u00e9, pracovn\u00ed, hudebn\u00ed,\u00a0 v\u00fdtvarn\u00e9, atd.) \u00a0individu\u00e1ln\u00ed, skupinov\u00e1 i front\u00e1ln\u00ed pr\u00e1ce s d\u011btmi 9:30 &#8211; 11:30 \u00a0 \u00a0 \u00a0 \u00a0 \u00a0 pobyt &hellip; <a href=\"http:\/\/bozetice.cz\/ms\/index.php\/o-nas\/denni-rezim\/\" class=\"more-link\">Pokra\u010dov\u00e1n\u00ed textu <span class=\"screen-reader-text\">Denn\u00ed re\u017eim<\/span><\/a><\/p>\n","protected":false},"author":1,"featured_media":0,"parent":9,"menu_order":0,"comment_status":"closed","ping_status":"closed","template":"","meta":{"footnotes":""},"class_list":["post-79","page","type-page","status-publish","hentry"],"_links":{"self":[{"href":"http:\/\/bozetice.cz\/ms\/index.php\/wp-json\/wp\/v2\/pages\/79","targetHints":{"allow":["GET"]}}],"collection":[{"href":"http:\/\/bozetice.cz\/ms\/index.php\/wp-json\/wp\/v2\/pages"}],"about":[{"href":"http:\/\/bozetice.cz\/ms\/index.php\/wp-json\/wp\/v2\/types\/page"}],"author":[{"embeddable":true,"href":"http:\/\/bozetice.cz\/ms\/index.php\/wp-json\/wp\/v2\/users\/1"}],"replies":[{"embeddable":true,"href":"http:\/\/bozetice.cz\/ms\/index.php\/wp-json\/wp\/v2\/comments?post=79"}],"version-history":[{"count":4,"href":"http:\/\/bozetice.cz\/ms\/index.php\/wp-json\/wp\/v2\/pages\/79\/revisions"}],"predecessor-version":[{"id":1267,"href":"http:\/\/bozetice.cz\/ms\/index.php\/wp-json\/wp\/v2\/pages\/79\/revisions\/1267"}],"up":[{"embeddable":true,"href":"http:\/\/bozetice.cz\/ms\/index.php\/wp-json\/wp\/v2\/pages\/9"}],"wp:attachment":[{"href":"http:\/\/bozetice.cz\/ms\/index.php\/wp-json\/wp\/v2\/media?parent=79"}],"curies":[{"name":"wp","href":"https:\/\/api.w.org\/{rel}","templated":true}]}}