{"id":75,"date":"2018-09-13T20:50:12","date_gmt":"2018-09-13T18:50:12","guid":{"rendered":"http:\/\/bozetice.cz\/ms\/?page_id=75"},"modified":"2026-02-10T10:27:35","modified_gmt":"2026-02-10T09:27:35","slug":"ucitele","status":"publish","type":"page","link":"http:\/\/bozetice.cz\/ms\/index.php\/o-nas\/ucitele\/","title":{"rendered":"U\u010ditel\u00e9"},"content":{"rendered":"<h2 style=\"text-align: center;\">O va\u0161e d\u011bti\u010dky se v M\u0160 Bo\u017eetice staraj\u00ed:<\/h2>\n<p style=\"text-align: center;\"><strong>\u0158editelka a u\u010ditelka:<\/strong><br \/>\nBc. Blanka Shorn\u00e1 ( tel. 774 287 188)<\/p>\n<p style=\"text-align: center;\"><strong>U\u010ditelka:<\/strong><br \/>\nBc. Aneta Hron\u00edkov\u00e1<\/p>\n<p style=\"text-align: center;\"><strong>U\u010ditelka, asistentka pedagoga:<\/strong><br \/>\nLenka Ho\u0159ej\u0161\u00ed<\/p>\n<p style=\"text-align: center;\">\n","protected":false},"excerpt":{"rendered":"<p>O va\u0161e d\u011bti\u010dky se v M\u0160 Bo\u017eetice staraj\u00ed: \u0158editelka a u\u010ditelka: Bc. Blanka Shorn\u00e1 ( tel. 774 287 188) U\u010ditelka: Bc. Aneta Hron\u00edkov\u00e1 U\u010ditelka, asistentka pedagoga: Lenka Ho\u0159ej\u0161\u00ed<\/p>\n","protected":false},"author":1,"featured_media":0,"parent":9,"menu_order":0,"comment_status":"closed","ping_status":"closed","template":"","meta":{"footnotes":""},"class_list":["post-75","page","type-page","status-publish","hentry"],"_links":{"self":[{"href":"http:\/\/bozetice.cz\/ms\/index.php\/wp-json\/wp\/v2\/pages\/75","targetHints":{"allow":["GET"]}}],"collection":[{"href":"http:\/\/bozetice.cz\/ms\/index.php\/wp-json\/wp\/v2\/pages"}],"about":[{"href":"http:\/\/bozetice.cz\/ms\/index.php\/wp-json\/wp\/v2\/types\/page"}],"author":[{"embeddable":true,"href":"http:\/\/bozetice.cz\/ms\/index.php\/wp-json\/wp\/v2\/users\/1"}],"replies":[{"embeddable":true,"href":"http:\/\/bozetice.cz\/ms\/index.php\/wp-json\/wp\/v2\/comments?post=75"}],"version-history":[{"count":7,"href":"http:\/\/bozetice.cz\/ms\/index.php\/wp-json\/wp\/v2\/pages\/75\/revisions"}],"predecessor-version":[{"id":1342,"href":"http:\/\/bozetice.cz\/ms\/index.php\/wp-json\/wp\/v2\/pages\/75\/revisions\/1342"}],"up":[{"embeddable":true,"href":"http:\/\/bozetice.cz\/ms\/index.php\/wp-json\/wp\/v2\/pages\/9"}],"wp:attachment":[{"href":"http:\/\/bozetice.cz\/ms\/index.php\/wp-json\/wp\/v2\/media?parent=75"}],"curies":[{"name":"wp","href":"https:\/\/api.w.org\/{rel}","templated":true}]}}