{"id":708,"date":"2022-03-15T16:50:12","date_gmt":"2022-03-15T15:50:12","guid":{"rendered":"http:\/\/bozetice.cz\/ms\/?page_id=708"},"modified":"2026-02-10T14:53:34","modified_gmt":"2026-02-10T13:53:34","slug":"dokumenty-a-formulare","status":"publish","type":"page","link":"http:\/\/bozetice.cz\/ms\/index.php\/dokumenty-a-formulare\/","title":{"rendered":"Dokumenty a formul\u00e1\u0159e"},"content":{"rendered":"\n<div class=\"wp-block-file\"><a id=\"wp-block-file--media-7d50d2d4-87ed-482c-bf82-d411fb4c150c\" href=\"https:\/\/bozetice.cz\/ms\/wp-content\/uploads\/2026\/02\/Evidencni_list-1.docx\">Evidencni_list<\/a><a href=\"https:\/\/bozetice.cz\/ms\/wp-content\/uploads\/2026\/02\/Evidencni_list-1.docx\" class=\"wp-block-file__button wp-element-button\" download aria-describedby=\"wp-block-file--media-7d50d2d4-87ed-482c-bf82-d411fb4c150c\">St\u00e1hnout<\/a><\/div>\n\n\n\n<div class=\"wp-block-file\"><a id=\"wp-block-file--media-608952bf-b3c1-4195-94d0-445272a52dfe\" href=\"https:\/\/bozetice.cz\/ms\/wp-content\/uploads\/2026\/02\/Zadost-2026-27.docx\">\u017d\u00e1dost  2026-27<\/a><a href=\"https:\/\/bozetice.cz\/ms\/wp-content\/uploads\/2026\/02\/Zadost-2026-27.docx\" class=\"wp-block-file__button wp-element-button\" download aria-describedby=\"wp-block-file--media-608952bf-b3c1-4195-94d0-445272a52dfe\">St\u00e1hnout<\/a><\/div>\n\n\n\n<div class=\"wp-block-file\"><a id=\"wp-block-file--media-a7061f84-9012-4285-944b-368c2b9b29ed\" href=\"https:\/\/bozetice.cz\/ms\/wp-content\/uploads\/2026\/02\/Vnitrni-rad-skolni-jidelny.docx\">Vnit\u0159n\u00ed \u0159\u00e1d \u0161koln\u00ed j\u00eddelny<\/a><a href=\"https:\/\/bozetice.cz\/ms\/wp-content\/uploads\/2026\/02\/Vnitrni-rad-skolni-jidelny.docx\" class=\"wp-block-file__button wp-element-button\" download aria-describedby=\"wp-block-file--media-a7061f84-9012-4285-944b-368c2b9b29ed\">St\u00e1hnout<\/a><\/div>\n\n\n\n<div class=\"wp-block-file\"><a id=\"wp-block-file--media-c3d578a6-80bc-467d-bc1f-c6785cc31432\" href=\"https:\/\/bozetice.cz\/ms\/wp-content\/uploads\/2026\/02\/Skolni-rad-2025-2026-2.docx\">\u0160koln\u00ed \u0159\u00e1d  2025-2026<\/a><a href=\"https:\/\/bozetice.cz\/ms\/wp-content\/uploads\/2026\/02\/Skolni-rad-2025-2026-2.docx\" class=\"wp-block-file__button wp-element-button\" download aria-describedby=\"wp-block-file--media-c3d578a6-80bc-467d-bc1f-c6785cc31432\">St\u00e1hnout<\/a><\/div>\n\n\n\n<p><\/p>\n","protected":false},"excerpt":{"rendered":"","protected":false},"author":2,"featured_media":0,"parent":0,"menu_order":0,"comment_status":"closed","ping_status":"closed","template":"","meta":{"footnotes":""},"class_list":["post-708","page","type-page","status-publish","hentry"],"_links":{"self":[{"href":"http:\/\/bozetice.cz\/ms\/index.php\/wp-json\/wp\/v2\/pages\/708","targetHints":{"allow":["GET"]}}],"collection":[{"href":"http:\/\/bozetice.cz\/ms\/index.php\/wp-json\/wp\/v2\/pages"}],"about":[{"href":"http:\/\/bozetice.cz\/ms\/index.php\/wp-json\/wp\/v2\/types\/page"}],"author":[{"embeddable":true,"href":"http:\/\/bozetice.cz\/ms\/index.php\/wp-json\/wp\/v2\/users\/2"}],"replies":[{"embeddable":true,"href":"http:\/\/bozetice.cz\/ms\/index.php\/wp-json\/wp\/v2\/comments?post=708"}],"version-history":[{"count":31,"href":"http:\/\/bozetice.cz\/ms\/index.php\/wp-json\/wp\/v2\/pages\/708\/revisions"}],"predecessor-version":[{"id":1365,"href":"http:\/\/bozetice.cz\/ms\/index.php\/wp-json\/wp\/v2\/pages\/708\/revisions\/1365"}],"wp:attachment":[{"href":"http:\/\/bozetice.cz\/ms\/index.php\/wp-json\/wp\/v2\/media?parent=708"}],"curies":[{"name":"wp","href":"https:\/\/api.w.org\/{rel}","templated":true}]}}