{"id":56,"date":"2018-09-13T20:07:53","date_gmt":"2018-09-13T18:07:53","guid":{"rendered":"http:\/\/bozetice.cz\/ms\/?page_id=56"},"modified":"2022-03-15T17:17:22","modified_gmt":"2022-03-15T16:17:22","slug":"fotogalerie","status":"publish","type":"page","link":"http:\/\/bozetice.cz\/ms\/index.php\/fotogalerie\/","title":{"rendered":"Fotogalerie"},"content":{"rendered":"<p>V sou\u010dasn\u00e9 dob\u011b byla pro rodi\u010de d\u011bt\u00ed zalo\u017eena uzav\u0159en\u00e1 skupina na Facebooku. Zde jsou ve\u0161ker\u00e9 informace, fotografie a videa ze \u0161kolky.<\/p>\n<p>D\u011bkujeme za pochopen\u00ed.<\/p>\n<div class=\"wp-rajce-galerie\">\n<div class=\"album\"><a href=\"https:\/\/www.rajce.idnes.cz\/msbozetice\/album\/2-2021-karneval\"><img decoding=\"async\" src=\"https:\/\/img39.rajce.idnes.cz\/d3903\/17\/17205\/17205219_d29a3b73181b46321ad19796bddffcde\/thumb\/IMG_20210225_071506.jpg?ver=0\" alt=\"2\/2021 Karneval\" class=\"thumbnail\">2\/2021 Karneval<\/a><\/div>\n<div class=\"album\"><a href=\"https:\/\/www.rajce.idnes.cz\/msbozetice\/album\/11-2020-martinske-rohliky\"><img decoding=\"async\" src=\"https:\/\/img40.rajce.idnes.cz\/d4002\/17\/17145\/17145827_a3b3b1d7af894769856e9c7c715170f4\/thumb\/IMG_20201111_093836.jpg?ver=0\" alt=\"11\/2020 Martinsk\u00e9 rohl\u00edky\" class=\"thumbnail\">11\/2020 Martinsk\u00e9 rohl\u00edky<\/a><\/div>\n<div class=\"album\"><a href=\"https:\/\/www.rajce.idnes.cz\/msbozetice\/album\/12-2021-prochazky\"><img decoding=\"async\" src=\"https:\/\/img37.rajce.idnes.cz\/d3701\/17\/17145\/17145824_4c6f141dd881b6582a580cdb0fccf638\/thumb\/IMG-20201125-WA0000.jpg?ver=0\" alt=\"12\/2021 Proch\u00e1zky\" class=\"thumbnail\">12\/2021 Proch\u00e1zky<\/a><\/div>\n<div class=\"album\"><a href=\"https:\/\/www.rajce.idnes.cz\/msbozetice\/album\/12-2020-betlem\"><img decoding=\"async\" src=\"https:\/\/img39.rajce.idnes.cz\/d3903\/17\/17145\/17145822_e9e87b6fc90e7620fb216c30ae75888d\/thumb\/IMG_20201216_162210.jpg?ver=0\" alt=\"12\/2020 Betl\u00e9m\" class=\"thumbnail\">12\/2020 Betl\u00e9m<\/a><\/div>\n<div class=\"album\"><a href=\"https:\/\/www.rajce.idnes.cz\/msbozetice\/album\/12-2020-vystava-vanocni-skritci-a-andele\"><img decoding=\"async\" src=\"https:\/\/img37.rajce.idnes.cz\/d3702\/17\/17145\/17145816_6ea5e0d06cdee5b656bc1b70da7b4ab4\/thumb\/IMG_20201204_161935.jpg?ver=0\" alt=\"12\/2020 V\u00fdstava v\u00e1no\u010dn\u00ed sk\u0159\u00edtci a and\u011bl\u00e9\" class=\"thumbnail\">12\/2020 V\u00fdstava v\u00e1no\u010dn\u00ed sk\u0159\u00edtci a and\u011bl\u00e9<\/a><\/div>\n<div class=\"album\"><a href=\"https:\/\/www.rajce.idnes.cz\/msbozetice\/album\/12-2020-vanoce-u-krmelce\"><img decoding=\"async\" src=\"https:\/\/img36.rajce.idnes.cz\/d3602\/17\/17145\/17145761_37ca8eeba6a74a4cbcdd5b07f864f6e0\/thumb\/IMG-20201218-WA0002.jpg?ver=0\" alt=\"12\/2020 V\u00e1noce u krmelce\" class=\"thumbnail\">12\/2020 V\u00e1noce u krmelce<\/a><\/div>\n<div class=\"album\"><a href=\"https:\/\/www.rajce.idnes.cz\/msbozetice\/album\/12-2020-vanocni-nadilka\"><img decoding=\"async\" src=\"https:\/\/img34.rajce.idnes.cz\/d3401\/17\/17145\/17145760_9fc316996bbe35c8623e679134a8482b\/thumb\/IMG_20201216_162259.jpg?ver=0\" alt=\"12\/2020 V\u00e1no\u010dn\u00ed nad\u00edlka\" class=\"thumbnail\">12\/2020 V\u00e1no\u010dn\u00ed nad\u00edlka<\/a><\/div>\n<div class=\"album\"><a href=\"https:\/\/www.rajce.idnes.cz\/msbozetice\/album\/12-2020-advent\"><img decoding=\"async\" src=\"https:\/\/img36.rajce.idnes.cz\/d3603\/17\/17145\/17145759_bceab486baa4f12ca7ab518662899db2\/thumb\/IMG_20201211_095313.jpg?ver=0\" alt=\"12\/2020 Advent\" class=\"thumbnail\">12\/2020 Advent<\/a><\/div>\n<div class=\"album\"><a href=\"https:\/\/www.rajce.idnes.cz\/msbozetice\/album\/1-2021-snehova-nadilka\"><img decoding=\"async\" src=\"https:\/\/img37.rajce.idnes.cz\/d3701\/17\/17145\/17145752_e52d5d3d07ccb88488c2410712fbf04a\/thumb\/IMG_20201127_095250.jpg?ver=0\" alt=\"1\/2021 Sn\u011bhov\u00e1 nad\u00edlka\" class=\"thumbnail\">1\/2021 Sn\u011bhov\u00e1 nad\u00edlka<\/a><\/div>\n<div class=\"album\"><a href=\"https:\/\/www.rajce.idnes.cz\/msbozetice\/album\/11-2020-vystava-podzimnicku\"><img decoding=\"async\" src=\"https:\/\/img45.rajce.idnes.cz\/d4503\/17\/17083\/17083965_9a1036608d89cbd2ff2636db1a3e1a2a\/thumb\/IMG_20201110_113553.jpg?ver=0\" alt=\"11\/2020 V\u00fdstava Podzimn\u00ed\u010dk\u016f\" class=\"thumbnail\">11\/2020 V\u00fdstava Podzimn\u00ed\u010dk\u016f<\/a><\/div>\n<div class=\"album\"><a href=\"https:\/\/www.rajce.idnes.cz\/msbozetice\/album\/12-2020-mikulas-a-certi\"><img decoding=\"async\" src=\"https:\/\/img37.rajce.idnes.cz\/d3701\/17\/17083\/17083950_a7d009b01ede42a4f2a841f0036a75e3\/thumb\/DSC_0157.jpg?ver=0\" alt=\"12\/2020 Mikul\u00e1\u0161 a \u010derti\" class=\"thumbnail\">12\/2020 Mikul\u00e1\u0161 a \u010derti<\/a><\/div>\n<div class=\"album\"><a href=\"https:\/\/www.rajce.idnes.cz\/msbozetice\/album\/10-2020-helloween\"><img decoding=\"async\" src=\"https:\/\/img41.rajce.idnes.cz\/d4103\/17\/17022\/17022308_7da0b91c865c7df8f29fc94eb2c9d551\/thumb\/DSC_0002.jpg?ver=0\" alt=\"10\/2020 Helloween\" class=\"thumbnail\">10\/2020 Helloween<\/a><\/div>\n<div class=\"album\"><a href=\"https:\/\/www.rajce.idnes.cz\/msbozetice\/album\/10-2020-podzim-ve-skolce\"><img decoding=\"async\" src=\"https:\/\/img41.rajce.idnes.cz\/d4103\/17\/17019\/17019248_9a04be8be238a8c7245fb03dab40b076\/thumb\/IMG_20201007_103124.jpg?ver=0\" alt=\"10\/2020 Podzim ve \u0161kolce\" class=\"thumbnail\">10\/2020 Podzim ve \u0161kolce<\/a><\/div>\n<div class=\"album\"><a href=\"https:\/\/www.rajce.idnes.cz\/msbozetice\/album\/10-2020-podzimni-vyzdoba\"><img decoding=\"async\" src=\"https:\/\/img38.rajce.idnes.cz\/d3802\/17\/17019\/17019245_42f5eac8e7aaa5cf78c64320ccb29e8b\/thumb\/IMG_20201014_130340.jpg?ver=0\" alt=\"10\/2020 Podzimn\u00ed v\u00fdzdoba\" class=\"thumbnail\">10\/2020 Podzimn\u00ed v\u00fdzdoba<\/a><\/div>\n<div class=\"album\"><a href=\"https:\/\/www.rajce.idnes.cz\/msbozetice\/album\/10-2020-vyprava-do-lesa\"><img decoding=\"async\" src=\"https:\/\/img41.rajce.idnes.cz\/d4102\/17\/17019\/17019242_870a0ad8f7ce35dc6f94f28d77b4a6d6\/thumb\/IMG-20201020-WA0000.jpg?ver=0\" alt=\"10\/2020 V\u00fdprava do lesa\" class=\"thumbnail\">10\/2020 V\u00fdprava do lesa<\/a><\/div>\n<div class=\"album\"><a href=\"https:\/\/www.rajce.idnes.cz\/msbozetice\/album\/10-2020-plavecky-kurz\"><img decoding=\"async\" src=\"https:\/\/img36.rajce.idnes.cz\/d3601\/17\/17003\/17003329_d1003ed2abea90551684dc1997f0cc0d\/thumb\/IMG_20200918_100235.jpg?ver=0\" alt=\"10\/2020 Plaveck\u00fd kurz\" class=\"thumbnail\">10\/2020 Plaveck\u00fd kurz<\/a><\/div>\n<div class=\"album\"><a href=\"https:\/\/www.rajce.idnes.cz\/msbozetice\/album\/9-2020-projektovy-den\"><img decoding=\"async\" src=\"https:\/\/img36.rajce.idnes.cz\/d3603\/16\/16971\/16971980_492e72ea03ca3ab733bf878c17d2541f\/thumb\/IMG_20200908_090508.jpg?ver=0\" alt=\"9\/2020 Projektov\u00fd den\" class=\"thumbnail\">9\/2020 Projektov\u00fd den<\/a><\/div>\n<div class=\"album\"><a href=\"https:\/\/www.rajce.idnes.cz\/msbozetice\/album\/karneval-2020\"><img decoding=\"async\" src=\"https:\/\/img39.rajce.idnes.cz\/d3903\/16\/16639\/16639501_7bf8958be21d256ddff037b5b8806300\/thumb\/DSC_0473.jpg?ver=0\" alt=\"Karneval 2020\" class=\"thumbnail\">Karneval 2020<\/a><\/div>\n<div class=\"album\"><a href=\"https:\/\/www.rajce.idnes.cz\/msbozetice\/album\/1-2020-pekari\"><img decoding=\"async\" src=\"https:\/\/img40.rajce.idnes.cz\/d4002\/16\/16609\/16609272_83eed49952608951394238a94e67662d\/thumb\/DSC_0360.jpg?ver=0\" alt=\"1\/2020 Peka\u0159i\" class=\"thumbnail\">1\/2020 Peka\u0159i<\/a><\/div>\n<div class=\"album\"><a href=\"https:\/\/www.rajce.idnes.cz\/msbozetice\/album\/1-2020-plavecky-vycvik\"><img decoding=\"async\" src=\"https:\/\/img36.rajce.idnes.cz\/d3602\/16\/16609\/16609269_926138e60cc5effcc58c90728f2aabec\/thumb\/DSC_0328.jpg?ver=0\" alt=\"1\/2020 Plaveck\u00fd v\u00fdcvik\" class=\"thumbnail\">1\/2020 Plaveck\u00fd v\u00fdcvik<\/a><\/div>\n<div class=\"album\"><a href=\"https:\/\/www.rajce.idnes.cz\/msbozetice\/album\/12-2019-vanocni-nadilka\"><img decoding=\"async\" src=\"https:\/\/img36.rajce.idnes.cz\/d3603\/16\/16609\/16609260_cfb5ce69bcff0ca16cd0f266c19a18aa\/thumb\/DSC_0161.jpg?ver=0\" alt=\"12\/2019 V\u00e1no\u010dn\u00ed nad\u00edlka\" class=\"thumbnail\">12\/2019 V\u00e1no\u010dn\u00ed nad\u00edlka<\/a><\/div>\n<div class=\"album\"><a href=\"https:\/\/www.rajce.idnes.cz\/msbozetice\/album\/12-2019-vanocni-jarmark\"><img decoding=\"async\" src=\"https:\/\/img38.rajce.idnes.cz\/d3803\/16\/16503\/16503145_2c0a408c2292065f0abcafb6be73270e\/thumb\/DSC_0419.jpg?ver=0\" alt=\"12\/2019 V\u00e1no\u010dn\u00ed jarmark\" class=\"thumbnail\">12\/2019 V\u00e1no\u010dn\u00ed jarmark<\/a><\/div>\n<div class=\"album\"><a href=\"https:\/\/www.rajce.idnes.cz\/msbozetice\/album\/12-2019-mikulas-a-certi\"><img decoding=\"async\" src=\"https:\/\/img39.rajce.idnes.cz\/d3903\/16\/16502\/16502854_ff51b548e1454dd4cd354554be4d5d62\/thumb\/DSC_0456.jpg?ver=0\" alt=\"12\/2019 Mikul\u00e1\u0161 a \u010derti\" class=\"thumbnail\">12\/2019 Mikul\u00e1\u0161 a \u010derti<\/a><\/div>\n<div class=\"album\"><a href=\"https:\/\/www.rajce.idnes.cz\/msbozetice\/album\/10-2019-cirkus-ve-skolce\"><img decoding=\"async\" src=\"https:\/\/img34.rajce.idnes.cz\/d3403\/16\/16444\/16444512_d02ca9a23ef4122a21ab485ff29dd955\/thumb\/DSC00554.jpg?ver=0\" alt=\"10\/2019 Cirkus ve \u0161kolce\" class=\"thumbnail\">10\/2019 Cirkus ve \u0161kolce<\/a><\/div>\n<div class=\"album\"><a href=\"https:\/\/www.rajce.idnes.cz\/msbozetice\/album\/11-2019-helloween-v-ms\"><img decoding=\"async\" src=\"https:\/\/img35.rajce.idnes.cz\/d3501\/16\/16444\/16444490_987f49a6ec148e4a3c5a63b13c7b6577\/thumb\/DSC_0068.jpg?ver=0\" alt=\"11\/2019 Helloween v M\u0160\" class=\"thumbnail\">11\/2019 Helloween v M\u0160<\/a><\/div>\n<\/div>\n","protected":false},"excerpt":{"rendered":"<p>V sou\u010dasn\u00e9 dob\u011b byla pro rodi\u010de d\u011bt\u00ed zalo\u017eena uzav\u0159en\u00e1 skupina na Facebooku. Zde jsou ve\u0161ker\u00e9 informace, fotografie a videa ze \u0161kolky. D\u011bkujeme za pochopen\u00ed.<\/p>\n","protected":false},"author":1,"featured_media":0,"parent":0,"menu_order":0,"comment_status":"closed","ping_status":"closed","template":"","meta":{"footnotes":""},"class_list":["post-56","page","type-page","status-publish","hentry"],"_links":{"self":[{"href":"http:\/\/bozetice.cz\/ms\/index.php\/wp-json\/wp\/v2\/pages\/56","targetHints":{"allow":["GET"]}}],"collection":[{"href":"http:\/\/bozetice.cz\/ms\/index.php\/wp-json\/wp\/v2\/pages"}],"about":[{"href":"http:\/\/bozetice.cz\/ms\/index.php\/wp-json\/wp\/v2\/types\/page"}],"author":[{"embeddable":true,"href":"http:\/\/bozetice.cz\/ms\/index.php\/wp-json\/wp\/v2\/users\/1"}],"replies":[{"embeddable":true,"href":"http:\/\/bozetice.cz\/ms\/index.php\/wp-json\/wp\/v2\/comments?post=56"}],"version-history":[{"count":3,"href":"http:\/\/bozetice.cz\/ms\/index.php\/wp-json\/wp\/v2\/pages\/56\/revisions"}],"predecessor-version":[{"id":720,"href":"http:\/\/bozetice.cz\/ms\/index.php\/wp-json\/wp\/v2\/pages\/56\/revisions\/720"}],"wp:attachment":[{"href":"http:\/\/bozetice.cz\/ms\/index.php\/wp-json\/wp\/v2\/media?parent=56"}],"curies":[{"name":"wp","href":"https:\/\/api.w.org\/{rel}","templated":true}]}}