{"id":471,"date":"2020-06-12T09:28:01","date_gmt":"2020-06-12T07:28:01","guid":{"rendered":"http:\/\/bozetice.cz\/ms\/?page_id=471"},"modified":"2025-01-06T16:21:50","modified_gmt":"2025-01-06T15:21:50","slug":"rozpocet-materske-skoly-bozetice","status":"publish","type":"page","link":"http:\/\/bozetice.cz\/ms\/index.php\/o-nas\/rozpocet-materske-skoly-bozetice\/","title":{"rendered":"Rozpo\u010det Mate\u0159sk\u00e9 \u0161koly Bo\u017eetice"},"content":{"rendered":"<h2>Schv\u00e1len\u00fd rozpo\u010det Mate\u0159sk\u00e9 \u0161koly Bo\u017eetice<\/h2>\n<p>&nbsp;<\/p>\n<p>Schv\u00e1len\u00fd st\u0159edn\u011bdob\u00fd v\u00fdhled rozpo\u010dtu M\u0160 Bo\u017eetice na rok 2026-2027<\/p>\n<p><img loading=\"lazy\" decoding=\"async\" class=\"alignnone size-medium wp-image-1209\" src=\"http:\/\/bozetice.cz\/ms\/wp-content\/uploads\/2025\/01\/St\u0159edn\u011bdob\u00fd-rozpo\u010det-M\u0160-Bo\u017eetice-e1736176834788-300x212.jpg\" alt=\"\" width=\"300\" height=\"212\" srcset=\"http:\/\/bozetice.cz\/ms\/wp-content\/uploads\/2025\/01\/St\u0159edn\u011bdob\u00fd-rozpo\u010det-M\u0160-Bo\u017eetice-e1736176834788-300x212.jpg 300w, http:\/\/bozetice.cz\/ms\/wp-content\/uploads\/2025\/01\/St\u0159edn\u011bdob\u00fd-rozpo\u010det-M\u0160-Bo\u017eetice-e1736176834788-768x543.jpg 768w, http:\/\/bozetice.cz\/ms\/wp-content\/uploads\/2025\/01\/St\u0159edn\u011bdob\u00fd-rozpo\u010det-M\u0160-Bo\u017eetice-e1736176834788-1024x724.jpg 1024w\" sizes=\"auto, (max-width: 300px) 100vw, 300px\" \/><\/p>\n<p>Schv\u00e1len\u00fd rozpo\u010det M\u0160 Bo\u017eetice na rok 2025<\/p>\n<p><img loading=\"lazy\" decoding=\"async\" class=\"alignnone size-medium wp-image-1210\" src=\"http:\/\/bozetice.cz\/ms\/wp-content\/uploads\/2025\/01\/Rozpo\u010det-M\u0160-Bo\u017eetice-na-rok-2025-e1736176888269-300x212.jpg\" alt=\"\" width=\"300\" height=\"212\" srcset=\"http:\/\/bozetice.cz\/ms\/wp-content\/uploads\/2025\/01\/Rozpo\u010det-M\u0160-Bo\u017eetice-na-rok-2025-e1736176888269-300x212.jpg 300w, http:\/\/bozetice.cz\/ms\/wp-content\/uploads\/2025\/01\/Rozpo\u010det-M\u0160-Bo\u017eetice-na-rok-2025-e1736176888269-768x543.jpg 768w, http:\/\/bozetice.cz\/ms\/wp-content\/uploads\/2025\/01\/Rozpo\u010det-M\u0160-Bo\u017eetice-na-rok-2025-e1736176888269-1024x724.jpg 1024w\" sizes=\"auto, (max-width: 300px) 100vw, 300px\" \/><\/p>\n<p>&nbsp;<\/p>\n","protected":false},"excerpt":{"rendered":"<p>Schv\u00e1len\u00fd rozpo\u010det Mate\u0159sk\u00e9 \u0161koly Bo\u017eetice &nbsp; Schv\u00e1len\u00fd st\u0159edn\u011bdob\u00fd v\u00fdhled rozpo\u010dtu M\u0160 Bo\u017eetice na rok 2026-2027 Schv\u00e1len\u00fd rozpo\u010det M\u0160 Bo\u017eetice na rok 2025 &nbsp;<\/p>\n","protected":false},"author":2,"featured_media":0,"parent":9,"menu_order":0,"comment_status":"closed","ping_status":"closed","template":"","meta":{"footnotes":""},"class_list":["post-471","page","type-page","status-publish","hentry"],"_links":{"self":[{"href":"http:\/\/bozetice.cz\/ms\/index.php\/wp-json\/wp\/v2\/pages\/471","targetHints":{"allow":["GET"]}}],"collection":[{"href":"http:\/\/bozetice.cz\/ms\/index.php\/wp-json\/wp\/v2\/pages"}],"about":[{"href":"http:\/\/bozetice.cz\/ms\/index.php\/wp-json\/wp\/v2\/types\/page"}],"author":[{"embeddable":true,"href":"http:\/\/bozetice.cz\/ms\/index.php\/wp-json\/wp\/v2\/users\/2"}],"replies":[{"embeddable":true,"href":"http:\/\/bozetice.cz\/ms\/index.php\/wp-json\/wp\/v2\/comments?post=471"}],"version-history":[{"count":11,"href":"http:\/\/bozetice.cz\/ms\/index.php\/wp-json\/wp\/v2\/pages\/471\/revisions"}],"predecessor-version":[{"id":1211,"href":"http:\/\/bozetice.cz\/ms\/index.php\/wp-json\/wp\/v2\/pages\/471\/revisions\/1211"}],"up":[{"embeddable":true,"href":"http:\/\/bozetice.cz\/ms\/index.php\/wp-json\/wp\/v2\/pages\/9"}],"wp:attachment":[{"href":"http:\/\/bozetice.cz\/ms\/index.php\/wp-json\/wp\/v2\/media?parent=471"}],"curies":[{"name":"wp","href":"https:\/\/api.w.org\/{rel}","templated":true}]}}