{"id":242,"date":"2018-10-28T15:03:52","date_gmt":"2018-10-28T14:03:52","guid":{"rendered":"http:\/\/bozetice.cz\/ms\/?page_id=242"},"modified":"2026-02-10T10:37:11","modified_gmt":"2026-02-10T09:37:11","slug":"terminy-uzavreni-materske-skoly-bozetice","status":"publish","type":"page","link":"http:\/\/bozetice.cz\/ms\/index.php\/terminy-uzavreni-materske-skoly-bozetice\/","title":{"rendered":"Term\u00edny uzav\u0159en\u00ed Mate\u0159sk\u00e9 \u0161koly Bo\u017eetice"},"content":{"rendered":"<p style=\"text-align: center;\">\n<p><strong><u>V\u00e1no\u010dn\u00ed pr\u00e1zdniny<\/u><\/strong><\/p>\n<p>pond\u011bl\u00ed 22.12.2025 &#8211; p\u00e1tek 2.1.2026<\/p>\n<p>(\u0161kolka znovu otev\u0159ena v <strong>pond\u011bl\u00ed 5.1.2026)<\/strong><\/p>\n<p>&nbsp;<\/p>\n<p><strong><u>Jarn\u00ed pr\u00e1zdniny <\/u><\/strong><\/p>\n<p>Pond\u011bl\u00ed 9.3.2026 &#8211; p\u00e1tek 13.3.2026<\/p>\n<p>(\u0161kolka znovu otev\u0159ena v <strong>pond\u011bl\u00ed 16.3.2026)<\/strong><\/p>\n<p>&nbsp;<\/p>\n<p><strong><u>Letn\u00ed pr\u00e1zdniny<\/u><\/strong><\/p>\n<p>st\u0159eda 1.7.2026 &#8211; p\u00e1tek 21.8.2026<\/p>\n<p>(\u0161kolka znovu otev\u0159ena<\/p>\n<p>v\u00a0<strong>pond\u011bl\u00ed 24. 8. 2026)<\/strong><\/p>\n","protected":false},"excerpt":{"rendered":"<p>V\u00e1no\u010dn\u00ed pr\u00e1zdniny pond\u011bl\u00ed 22.12.2025 &#8211; p\u00e1tek 2.1.2026 (\u0161kolka znovu otev\u0159ena v pond\u011bl\u00ed 5.1.2026) &nbsp; Jarn\u00ed pr\u00e1zdniny Pond\u011bl\u00ed 9.3.2026 &#8211; p\u00e1tek 13.3.2026 (\u0161kolka znovu otev\u0159ena v pond\u011bl\u00ed 16.3.2026) &nbsp; Letn\u00ed pr\u00e1zdniny st\u0159eda 1.7.2026 &#8211; p\u00e1tek 21.8.2026 (\u0161kolka znovu otev\u0159ena v\u00a0pond\u011bl\u00ed 24. 8. 2026)<\/p>\n","protected":false},"author":2,"featured_media":0,"parent":0,"menu_order":0,"comment_status":"closed","ping_status":"closed","template":"","meta":{"footnotes":""},"class_list":["post-242","page","type-page","status-publish","hentry"],"_links":{"self":[{"href":"http:\/\/bozetice.cz\/ms\/index.php\/wp-json\/wp\/v2\/pages\/242","targetHints":{"allow":["GET"]}}],"collection":[{"href":"http:\/\/bozetice.cz\/ms\/index.php\/wp-json\/wp\/v2\/pages"}],"about":[{"href":"http:\/\/bozetice.cz\/ms\/index.php\/wp-json\/wp\/v2\/types\/page"}],"author":[{"embeddable":true,"href":"http:\/\/bozetice.cz\/ms\/index.php\/wp-json\/wp\/v2\/users\/2"}],"replies":[{"embeddable":true,"href":"http:\/\/bozetice.cz\/ms\/index.php\/wp-json\/wp\/v2\/comments?post=242"}],"version-history":[{"count":26,"href":"http:\/\/bozetice.cz\/ms\/index.php\/wp-json\/wp\/v2\/pages\/242\/revisions"}],"predecessor-version":[{"id":1347,"href":"http:\/\/bozetice.cz\/ms\/index.php\/wp-json\/wp\/v2\/pages\/242\/revisions\/1347"}],"wp:attachment":[{"href":"http:\/\/bozetice.cz\/ms\/index.php\/wp-json\/wp\/v2\/media?parent=242"}],"curies":[{"name":"wp","href":"https:\/\/api.w.org\/{rel}","templated":true}]}}