{"id":211,"date":"2018-09-14T17:37:22","date_gmt":"2018-09-14T15:37:22","guid":{"rendered":"http:\/\/bozetice.cz\/ms\/?page_id=211"},"modified":"2026-02-10T10:34:22","modified_gmt":"2026-02-10T09:34:22","slug":"tematicke-okruhy","status":"publish","type":"page","link":"http:\/\/bozetice.cz\/ms\/index.php\/tematicke-okruhy\/","title":{"rendered":"Tematick\u00e9 okruhy pro inspiraci d\u011btem p\u0159i spole\u010dn\u00e9m pl\u00e1nov\u00e1n\u00ed"},"content":{"rendered":"<h2 id=\"wnd_TextBlock_4760_inner_0\" style=\"text-align: center;\" data-wnd_is_separable=\"1\" data-wnd_separable_index=\"0\" data-wnd_separable_id=\"wnd_TextBlock_4760\"><span style=\"color: #ffcc00;\">Z\u00c1\u0158\u00cd<\/span><\/h2>\n<blockquote id=\"wnd_TextBlock_4760_inner_1\" data-wnd_is_separable=\"1\" data-wnd_separable_index=\"1\" data-wnd_separable_id=\"wnd_TextBlock_4760\"><p><span style=\"color: #ffcc00;\"><strong>,,Ve \u0161kolce sv\u00edt\u00ed Slun\u00ed\u010dko, v\u00edtej kluku i hol\u010di\u010dko&#8220;<\/strong><\/span><\/p><\/blockquote>\n<p id=\"wnd_TextBlock_4760_inner_2\" style=\"text-align: center;\" data-wnd_is_separable=\"1\" data-wnd_separable_index=\"2\" data-wnd_separable_id=\"wnd_TextBlock_4760\"><em>&#8222;Mil\u00e9 d\u011bti, hola, hola, Slun\u00ed\u010dko zve do \u0161kolky.<\/em><\/p>\n<p id=\"wnd_TextBlock_4760_inner_3\" style=\"text-align: center;\" data-wnd_is_separable=\"1\" data-wnd_separable_index=\"3\" data-wnd_separable_id=\"wnd_TextBlock_4760\"><em>Pan\u00ed u\u010ditelka vol\u00e1 &#8211; p\u0159ineste si ba\u010dkorky.<\/em><\/p>\n<p id=\"wnd_TextBlock_4760_inner_4\" style=\"text-align: center;\" data-wnd_is_separable=\"1\" data-wnd_separable_index=\"4\" data-wnd_separable_id=\"wnd_TextBlock_4760\"><em>Prohl\u00e9dnem si na\u0161\u00ed \u0161kolu, pohrajem si v\u0161ichni spolu.<\/em><\/p>\n<p id=\"wnd_TextBlock_4760_inner_5\" style=\"text-align: center;\" data-wnd_is_separable=\"1\" data-wnd_separable_index=\"5\" data-wnd_separable_id=\"wnd_TextBlock_4760\"><em>\u0158ekneme si b\u00e1sni\u010dky, zazp\u00edv\u00e1me p\u00edsni\u010dky.<\/em><\/p>\n<p id=\"wnd_TextBlock_4760_inner_6\" style=\"text-align: center;\" data-wnd_is_separable=\"1\" data-wnd_separable_index=\"6\" data-wnd_separable_id=\"wnd_TextBlock_4760\"><em>Ka\u017ed\u00fd sd\u011bl\u00ed co m\u00e1 r\u00e1d, je to p\u0159eci kamar\u00e1d.&#8220;<\/em><\/p>\n<h5 id=\"wnd_TextBlock_4760_inner_7\" style=\"text-align: left;\" data-wnd_is_separable=\"1\" data-wnd_separable_index=\"7\" data-wnd_separable_id=\"wnd_TextBlock_4760\">Podt\u00e9mata:<\/h5>\n<ul id=\"wnd_TextBlock_4760_inner_8\" style=\"text-align: left;\" data-wnd_is_separable=\"1\" data-wnd_separable_index=\"8\" data-wnd_separable_id=\"wnd_TextBlock_4760\">\n<li>Po pr\u00e1zdnin\u00e1ch zas, nastal \u0161kolky \u010das &#8230;<\/li>\n<li>Kdo jsi kamar\u00e1d, tak poj\u010f si s n\u00e1mi hr\u00e1t &#8230;<\/li>\n<li>Jak se spr\u00e1vn\u011b chovat m\u00e1me, pravidla si ud\u011bl\u00e1me &#8230;<\/li>\n<li>Doma n\u00e1s hodn\u011b je, jak se ka\u017ed\u00fd jmenuje?<\/li>\n<\/ul>\n<p>&nbsp;<\/p>\n<h2 id=\"wnd_TextBlock_4760_inner_9\" style=\"text-align: center;\" data-wnd_is_separable=\"1\" data-wnd_separable_index=\"9\" data-wnd_separable_id=\"wnd_TextBlock_4760\"><span style=\"color: #ffcc00;\">\u0158\u00cdJEN<\/span><\/h2>\n<blockquote id=\"wnd_TextBlock_4760_inner_10\" data-wnd_is_separable=\"1\" data-wnd_separable_index=\"10\" data-wnd_separable_id=\"wnd_TextBlock_4760\">\n<p style=\"text-align: center;\"><span style=\"color: #ffcc00;\"><strong>,,Podzim venku \u010daruje, Slun\u00ed\u010dko v\u0161e maluje&#8220;<\/strong><\/span><\/p>\n<\/blockquote>\n<p id=\"wnd_TextBlock_4760_inner_11\" style=\"text-align: center;\" data-wnd_is_separable=\"1\" data-wnd_separable_index=\"11\" data-wnd_separable_id=\"wnd_TextBlock_4760\"><em>&#8222;Hust\u00e1 mlha, ob\u010das pr\u0161\u00ed, Slun\u00ed\u010dko v\u0161ak radost m\u00e1,<\/em><\/p>\n<p id=\"wnd_TextBlock_4760_inner_12\" style=\"text-align: center;\" data-wnd_is_separable=\"1\" data-wnd_separable_index=\"12\" data-wnd_separable_id=\"wnd_TextBlock_4760\"><em>&#8222;bab\u00ed l\u00e9to&#8220; p\u0159ich\u00e1z\u00ed k n\u00e1m, tohle v\u0161echno dob\u0159e zn\u00e1.<\/em><\/p>\n<p id=\"wnd_TextBlock_4760_inner_13\" style=\"text-align: center;\" data-wnd_is_separable=\"1\" data-wnd_separable_index=\"13\" data-wnd_separable_id=\"wnd_TextBlock_4760\"><em>Nav\u0161t\u00edv\u00edme les i pole, u vody se stav\u00edme,<\/em><\/p>\n<p id=\"wnd_TextBlock_4760_inner_14\" style=\"text-align: center;\" data-wnd_is_separable=\"1\" data-wnd_separable_index=\"14\" data-wnd_separable_id=\"wnd_TextBlock_4760\"><em>na oblohu vy\u0161lem draky, ko\u0161\u00edk jablek zba\u0161t\u00edme.<\/em><\/p>\n<p id=\"wnd_TextBlock_4760_inner_15\" style=\"text-align: center;\" data-wnd_is_separable=\"1\" data-wnd_separable_index=\"15\" data-wnd_separable_id=\"wnd_TextBlock_4760\"><em>Zam\u00e1v\u00e1me vla\u0161tovk\u00e1m, shrabem list\u00ed u \u0161kolky<\/em><\/p>\n<p id=\"wnd_TextBlock_4760_inner_16\" style=\"text-align: center;\" data-wnd_is_separable=\"1\" data-wnd_separable_index=\"16\" data-wnd_separable_id=\"wnd_TextBlock_4760\"><em>u\u017eijem si spolu podzim, barevn\u00fd jak pastelky.&#8220;<\/em><\/p>\n<h5 id=\"wnd_TextBlock_4760_inner_17\" style=\"text-align: left;\" data-wnd_is_separable=\"1\" data-wnd_separable_index=\"17\" data-wnd_separable_id=\"wnd_TextBlock_4760\">Podt\u00e9mata:<\/h5>\n<ul id=\"wnd_TextBlock_4760_inner_18\" style=\"text-align: left;\" data-wnd_is_separable=\"1\" data-wnd_separable_index=\"18\" data-wnd_separable_id=\"wnd_TextBlock_4760\">\n<li>\u0160el zahradn\u00edk do zahrady &#8230;<\/li>\n<li>Za vesnic\u00ed na poli, jezd\u00ed velk\u00e9 traktory &#8230;<\/li>\n<li>Les je jako poh\u00e1dka, \u017e\u00edj\u00ed tady zv\u00ed\u0159\u00e1tka &#8230;<\/li>\n<li>V stra\u0161idla se prom\u011bn\u00edme, dobr\u00fd lektvar uva\u0159\u00edme &#8230;<\/li>\n<\/ul>\n<h2 id=\"wnd_TextBlock_4760_inner_19\" style=\"text-align: center;\" data-wnd_is_separable=\"1\" data-wnd_separable_index=\"19\" data-wnd_separable_id=\"wnd_TextBlock_4760\"><span style=\"color: #ffcc00;\">Listopad<\/span><\/h2>\n<blockquote id=\"wnd_TextBlock_4760_inner_20\" data-wnd_is_separable=\"1\" data-wnd_separable_index=\"20\" data-wnd_separable_id=\"wnd_TextBlock_4760\">\n<p style=\"text-align: center;\"><span style=\"color: #ffcc00;\"><strong>,,Podzim venku \u010daruje, Slun\u00ed\u010dko v\u0161e maluje&#8220;<\/strong><\/span><\/p>\n<\/blockquote>\n<h5 id=\"wnd_TextBlock_4760_inner_21\" style=\"text-align: left;\" data-wnd_is_separable=\"1\" data-wnd_separable_index=\"21\" data-wnd_separable_id=\"wnd_TextBlock_4760\">Podt\u00e9mata:<\/h5>\n<ul id=\"wnd_TextBlock_4760_inner_22\" style=\"text-align: left;\" data-wnd_is_separable=\"1\" data-wnd_separable_index=\"22\" data-wnd_separable_id=\"wnd_TextBlock_4760\">\n<li>Na obloze let\u00ed pt\u00e1\u010dek a s n\u00edm pap\u00edrov\u00fd dr\u00e1\u010dek &#8230;<\/li>\n<li>Na svat\u00e9ho Martina kour\u00edv\u00e1 se z kom\u00edna &#8230;<\/li>\n<li>Pr\u0161\u00ed, fouk\u00e1, mlha je, podzim venku \u010daruje &#8230;<\/li>\n<li>Voda velk\u00fd poklad je, Vod\u00e1nka n\u00e1s varuje &#8230;<\/li>\n<\/ul>\n<p>&nbsp;<\/p>\n<h2 id=\"wnd_TextBlock_4760_inner_23\" style=\"text-align: center;\" data-wnd_is_separable=\"1\" data-wnd_separable_index=\"23\" data-wnd_separable_id=\"wnd_TextBlock_4760\"><span style=\"color: #ffcc00;\">Prosinec<\/span><\/h2>\n<blockquote id=\"wnd_TextBlock_4760_inner_24\" data-wnd_is_separable=\"1\" data-wnd_separable_index=\"24\" data-wnd_separable_id=\"wnd_TextBlock_4760\">\n<p style=\"text-align: center;\"><span style=\"color: #ffcc00;\"><strong>&#8222;Slun\u00ed\u010dko a pan\u00ed Zima venku vl\u00e1dnou, je n\u00e1m prima&#8220;<\/strong><\/span><\/p>\n<\/blockquote>\n<p id=\"wnd_TextBlock_4760_inner_25\" style=\"text-align: center;\" data-wnd_is_separable=\"1\" data-wnd_separable_index=\"25\" data-wnd_separable_id=\"wnd_TextBlock_4760\"><strong><em>&#8222;<\/em><\/strong><em>Sn\u011b\u017e\u00ed, mrzne v Bo\u017eetic\u00edch, krajina jak z poh\u00e1dky,<\/em><\/p>\n<p id=\"wnd_TextBlock_4760_inner_26\" style=\"text-align: center;\" data-wnd_is_separable=\"1\" data-wnd_separable_index=\"26\" data-wnd_separable_id=\"wnd_TextBlock_4760\"><em>V\u00e1noce k n\u00e1m p\u0159ich\u00e1zej\u00ed, Slun\u00ed\u010dko zve na hr\u00e1tky.<\/em><\/p>\n<p id=\"wnd_TextBlock_4760_inner_27\" style=\"text-align: center;\" data-wnd_is_separable=\"1\" data-wnd_separable_index=\"27\" data-wnd_separable_id=\"wnd_TextBlock_4760\"><em>Klouz\u00e1n\u00ed a koulov\u00e1n\u00ed, to je p\u011bkn\u00e1 legrace,<\/em><\/p>\n<p id=\"wnd_TextBlock_4760_inner_28\" style=\"text-align: center;\" data-wnd_is_separable=\"1\" data-wnd_separable_index=\"28\" data-wnd_separable_id=\"wnd_TextBlock_4760\"><em>postav\u00edme sn\u011bhul\u00e1ky, napln\u00edme krmelce.<\/em><\/p>\n<p id=\"wnd_TextBlock_4760_inner_29\" style=\"text-align: center;\" data-wnd_is_separable=\"1\" data-wnd_separable_index=\"29\" data-wnd_separable_id=\"wnd_TextBlock_4760\"><em>Na hody se p\u0159iprav\u00edme, karneval si u\u017eijem,<\/em><\/p>\n<p id=\"wnd_TextBlock_4760_inner_30\" style=\"text-align: center;\" data-wnd_is_separable=\"1\" data-wnd_separable_index=\"30\" data-wnd_separable_id=\"wnd_TextBlock_4760\"><em>o \u0159emeslech pov\u00edme si, kr\u00e1sn\u00fd \u010das si dop\u0159ejem.&#8220;<\/em><\/p>\n<h5 id=\"wnd_TextBlock_4760_inner_31\" style=\"text-align: left;\" data-wnd_is_separable=\"1\" data-wnd_separable_index=\"31\" data-wnd_separable_id=\"wnd_TextBlock_4760\">Podt\u00e9mata:<\/h5>\n<ul id=\"wnd_TextBlock_4760_inner_32\" style=\"text-align: left;\" data-wnd_is_separable=\"1\" data-wnd_separable_index=\"32\" data-wnd_separable_id=\"wnd_TextBlock_4760\">\n<li>S Mikul\u00e1\u0161em, and\u00edlkem a zlobiv\u00fdm \u010dert\u00edkem &#8230;<\/li>\n<li>Bes\u00eddku si p\u0159iprav\u00edme a rodi\u010de p\u0159ekvap\u00edme &#8230;<\/li>\n<li>Na V\u00e1noce t\u011b\u0161\u00edme se, Je\u017e\u00ed\u0161ek n\u00e1m d\u00e1rky nese &#8230;<\/li>\n<\/ul>\n<h2 id=\"wnd_TextBlock_4760_inner_33\" style=\"text-align: center;\" data-wnd_is_separable=\"1\" data-wnd_separable_index=\"33\" data-wnd_separable_id=\"wnd_TextBlock_4760\"><span style=\"color: #ffcc00;\">Leden<\/span><\/h2>\n<blockquote id=\"wnd_TextBlock_4760_inner_34\" data-wnd_is_separable=\"1\" data-wnd_separable_index=\"34\" data-wnd_separable_id=\"wnd_TextBlock_4760\">\n<p style=\"text-align: center;\"><span style=\"color: #ffcc00;\"><strong>,,Slun\u00ed\u010dko a pan\u00ed Zima venku vl\u00e1dnou, je n\u00e1m prima&#8220;<\/strong><\/span><\/p>\n<\/blockquote>\n<p id=\"wnd_TextBlock_4760_inner_35\" style=\"text-align: center;\" data-wnd_is_separable=\"1\" data-wnd_separable_index=\"35\" data-wnd_separable_id=\"wnd_TextBlock_4760\"><strong><em>&#8222;<\/em><\/strong><em>Sn\u011b\u017e\u00ed, mrzne v Bo\u017eetic\u00edch, krajina jak z poh\u00e1dky,<\/em><\/p>\n<p id=\"wnd_TextBlock_4760_inner_36\" style=\"text-align: center;\" data-wnd_is_separable=\"1\" data-wnd_separable_index=\"36\" data-wnd_separable_id=\"wnd_TextBlock_4760\"><em>V\u00e1noce u\u017e odch\u00e1zej\u00ed, Slun\u00ed\u010dko zve na hr\u00e1tky.<\/em><\/p>\n<p id=\"wnd_TextBlock_4760_inner_37\" style=\"text-align: center;\" data-wnd_is_separable=\"1\" data-wnd_separable_index=\"37\" data-wnd_separable_id=\"wnd_TextBlock_4760\"><em>Klouz\u00e1n\u00ed a koulov\u00e1n\u00ed ,to je p\u011bkn\u00e1 legrace,<\/em><\/p>\n<p id=\"wnd_TextBlock_4760_inner_38\" style=\"text-align: center;\" data-wnd_is_separable=\"1\" data-wnd_separable_index=\"38\" data-wnd_separable_id=\"wnd_TextBlock_4760\"><em>postav\u00edme sn\u011bhul\u00e1ky, napln\u00edme krmelce.<\/em><\/p>\n<p id=\"wnd_TextBlock_4760_inner_39\" style=\"text-align: center;\" data-wnd_is_separable=\"1\" data-wnd_separable_index=\"39\" data-wnd_separable_id=\"wnd_TextBlock_4760\"><em>Na hody se p\u0159iprav\u00edme, karneval si u\u017eijem,<\/em><\/p>\n<p id=\"wnd_TextBlock_4760_inner_40\" style=\"text-align: center;\" data-wnd_is_separable=\"1\" data-wnd_separable_index=\"40\" data-wnd_separable_id=\"wnd_TextBlock_4760\"><em>o \u0159emeslech pov\u00edme si, kr\u00e1sn\u00fd \u010das si dop\u0159ejem.&#8220;<\/em><\/p>\n<h5 id=\"wnd_TextBlock_4760_inner_41\" style=\"text-align: left;\" data-wnd_is_separable=\"1\" data-wnd_separable_index=\"41\" data-wnd_separable_id=\"wnd_TextBlock_4760\">Podt\u00e9mata:<\/h5>\n<ul id=\"wnd_TextBlock_4760_inner_42\" style=\"text-align: left;\" data-wnd_is_separable=\"1\" data-wnd_separable_index=\"42\" data-wnd_separable_id=\"wnd_TextBlock_4760\">\n<li>T\u0159i kr\u00e1lov\u00e9 u\u017e jdou k n\u00e1m, jejich jm\u00e9na do\u0159e zn\u00e1m &#8230;<\/li>\n<li>U\u017e se kou\u0159\u00ed z kom\u00edna, zima vl\u00e1dnout za\u010d\u00edn\u00e1 &#8230;<\/li>\n<li>Zimn\u00ed sporty v\u0161echny zn\u00e1me, sn\u011bhul\u00e1ky ud\u011bl\u00e1me &#8230;<\/li>\n<li>Ka\u017ed\u00fd d\u011bl\u00e1 jinou pr\u00e1ci, \u017e\u00e1dn\u00e1 nen\u00ed pro legraci &#8230;<\/li>\n<\/ul>\n<h2 id=\"wnd_TextBlock_4760_inner_43\" style=\"text-align: center;\" data-wnd_is_separable=\"1\" data-wnd_separable_index=\"43\" data-wnd_separable_id=\"wnd_TextBlock_4760\"><span style=\"color: #ffcc00;\">\u00danor<\/span><\/h2>\n<blockquote id=\"wnd_TextBlock_4760_inner_44\" data-wnd_is_separable=\"1\" data-wnd_separable_index=\"44\" data-wnd_separable_id=\"wnd_TextBlock_4760\">\n<p style=\"text-align: center;\"><span style=\"color: #ffcc00;\"><strong>&#8222;Slun\u00ed\u010dko a pan\u00ed Zima venku vl\u00e1dnou, je n\u00e1m prima&#8220;<\/strong><\/span><\/p>\n<\/blockquote>\n<h5 id=\"wnd_TextBlock_4760_inner_45\" style=\"text-align: left;\" data-wnd_is_separable=\"1\" data-wnd_separable_index=\"45\" data-wnd_separable_id=\"wnd_TextBlock_4760\">Podt\u00e9mata:<\/h5>\n<ul id=\"wnd_TextBlock_4760_inner_46\" style=\"text-align: left;\" data-wnd_is_separable=\"1\" data-wnd_separable_index=\"46\" data-wnd_separable_id=\"wnd_TextBlock_4760\">\n<li>Poh\u00e1dka n\u00e1m ukr\u00e1t\u00ed, dlouh\u00e9 zimn\u00ed \u010dek\u00e1n\u00ed &#8230;<\/li>\n<li>Ciz\u00ed zem\u011b pozn\u00e1me, kamar\u00e1dy hled\u00e1me &#8230;<\/li>\n<li>Abych dlouho zdrav\u00fd byl a nikdy se nezranil &#8230;<\/li>\n<li>Masopustn\u00ed vesel\u00ed bude p\u0159\u00ed\u0161t\u00ed ned\u011bli &#8230;.<\/li>\n<\/ul>\n<h2 id=\"wnd_TextBlock_4760_inner_47\" style=\"text-align: center;\" data-wnd_is_separable=\"1\" data-wnd_separable_index=\"47\" data-wnd_separable_id=\"wnd_TextBlock_4760\"><span style=\"color: #ffcc00;\">B\u0159ezen<\/span><\/h2>\n<blockquote id=\"wnd_TextBlock_4760_inner_48\" data-wnd_is_separable=\"1\" data-wnd_separable_index=\"48\" data-wnd_separable_id=\"wnd_TextBlock_4760\"><p><span style=\"color: #ffcc00;\"><strong>,,Slun\u00ed\u010dko n\u00e1m jaro veze, rozkv\u00e9taj\u00ed v\u0161echny meze&#8220;<\/strong><\/span><\/p><\/blockquote>\n<p id=\"wnd_TextBlock_4760_inner_49\" style=\"text-align: center;\" data-wnd_is_separable=\"1\" data-wnd_separable_index=\"49\" data-wnd_separable_id=\"wnd_TextBlock_4760\"><span style=\"color: #000000;\"><em>&#8222;Pod sn\u011bhovou pe\u0159inkou vykukuje tr\u00e1va,<\/em><\/span><\/p>\n<p id=\"wnd_TextBlock_4760_inner_50\" style=\"text-align: center;\" data-wnd_is_separable=\"1\" data-wnd_separable_index=\"50\" data-wnd_separable_id=\"wnd_TextBlock_4760\"><span style=\"color: #000000;\"><em>na zahradu, do lesa, Slun\u00ed\u010dko n\u00e1s l\u00e1k\u00e1.<\/em><\/span><\/p>\n<p id=\"wnd_TextBlock_4760_inner_51\" style=\"text-align: center;\" data-wnd_is_separable=\"1\" data-wnd_separable_index=\"51\" data-wnd_separable_id=\"wnd_TextBlock_4760\"><span style=\"color: #000000;\"><em>Bud\u00ed sp\u00edc\u00ed p\u0159\u00edrodu, zv\u00ed\u0159\u00e1tka se rod\u00ed,<\/em><\/span><\/p>\n<p id=\"wnd_TextBlock_4760_inner_52\" style=\"text-align: center;\" data-wnd_is_separable=\"1\" data-wnd_separable_index=\"52\" data-wnd_separable_id=\"wnd_TextBlock_4760\"><span style=\"color: #000000;\"><em>sv\u00e1tky jara nastanou, tak to v\u011bru chod\u00ed.<\/em><\/span><\/p>\n<p id=\"wnd_TextBlock_4760_inner_53\" style=\"text-align: center;\" data-wnd_is_separable=\"1\" data-wnd_separable_index=\"53\" data-wnd_separable_id=\"wnd_TextBlock_4760\"><span style=\"color: #000000;\"><em>Holky, kluci, poj\u010fte ven, p\u0159iv\u00edt\u00e1me jarn\u00ed den.&#8220;<\/em><\/span><\/p>\n<h5 id=\"wnd_TextBlock_4760_inner_54\" style=\"text-align: left;\" data-wnd_is_separable=\"1\" data-wnd_separable_index=\"54\" data-wnd_separable_id=\"wnd_TextBlock_4760\">Podt\u00e9mata:<\/h5>\n<ul id=\"wnd_TextBlock_4760_inner_55\" style=\"text-align: left;\" data-wnd_is_separable=\"1\" data-wnd_separable_index=\"55\" data-wnd_separable_id=\"wnd_TextBlock_4760\">\n<li>Slun\u00ed\u010dko u\u017e p\u011bkn\u011b h\u0159eje, z oblohy se na n\u00e1s sm\u011bje<\/li>\n<li>Zelen\u00e1 se travi\u010dka, vykvetla n\u00e1m kyti\u010dka &#8230;<\/li>\n<li>Jaro bud\u00ed kyti\u010dky, pt\u00e1ky, brouky, v\u010deli\u010dky &#8230;<\/li>\n<li>Na na\u0161em dvore\u010dku je plno tvore\u010dk\u016f &#8230;<\/li>\n<\/ul>\n<h2 id=\"wnd_TextBlock_4760_inner_56\" style=\"text-align: center;\" data-wnd_is_separable=\"1\" data-wnd_separable_index=\"56\" data-wnd_separable_id=\"wnd_TextBlock_4760\"><span style=\"color: #ffcc00;\">Duben<\/span><\/h2>\n<blockquote id=\"wnd_TextBlock_4760_inner_57\" data-wnd_is_separable=\"1\" data-wnd_separable_index=\"57\" data-wnd_separable_id=\"wnd_TextBlock_4760\">\n<p style=\"text-align: center;\"><span style=\"color: #ffcc00;\"><strong>,,Slun\u00ed\u010dko n\u00e1m jaro veze, rozkv\u00e9taj\u00ed v\u0161echny meze&#8220;<\/strong><\/span><\/p>\n<\/blockquote>\n<h5 id=\"wnd_TextBlock_4760_inner_58\" style=\"text-align: left;\" data-wnd_is_separable=\"1\" data-wnd_separable_index=\"58\" data-wnd_separable_id=\"wnd_TextBlock_4760\">Podt\u00e9mata:<\/h5>\n<ul id=\"wnd_TextBlock_4760_inner_59\" style=\"text-align: left;\" data-wnd_is_separable=\"1\" data-wnd_separable_index=\"59\" data-wnd_separable_id=\"wnd_TextBlock_4760\">\n<li>U z\u00e1pisu pov\u00edme, co u\u017e v\u0161echno um\u00edme &#8230;<\/li>\n<li>Hezkou knihu doma m\u00e1m, p\u0159inesu ji z\u00edtra k v\u00e1m &#8230;<\/li>\n<li>Na koledu sp\u011bch\u00e1me, sv\u00e1tky jara v\u00edt\u00e1me &#8230;<\/li>\n<li>U\u017e k n\u00e1m let\u00ed po roce, mal\u00e1 \u010darod\u011bjnice &#8230;<\/li>\n<\/ul>\n<h2 id=\"wnd_TextBlock_4760_inner_60\" style=\"text-align: center;\" data-wnd_is_separable=\"1\" data-wnd_separable_index=\"60\" data-wnd_separable_id=\"wnd_TextBlock_4760\"><span style=\"color: #ffcc00;\">Kv\u011bten<\/span><\/h2>\n<blockquote id=\"wnd_TextBlock_4760_inner_61\" data-wnd_is_separable=\"1\" data-wnd_separable_index=\"61\" data-wnd_separable_id=\"wnd_TextBlock_4760\"><p><span style=\"color: #ffcc00;\"><strong>,,Na pr\u00e1zdniny &#8211; hola, hola, Slun\u00ed\u010dko n\u00e1s v\u0161echny vol\u00e1&#8220;<\/strong><\/span><\/p><\/blockquote>\n<p id=\"wnd_TextBlock_4760_inner_62\" style=\"text-align: center;\" data-wnd_is_separable=\"1\" data-wnd_separable_index=\"62\" data-wnd_separable_id=\"wnd_TextBlock_4760\"><em>&#8222;V\u0161echno kvete, v\u010delky bzu\u010d\u00ed, maminka m\u00e1 sv\u00e1tek,<\/em><\/p>\n<p id=\"wnd_TextBlock_4760_inner_63\" style=\"text-align: center;\" data-wnd_is_separable=\"1\" data-wnd_separable_index=\"63\" data-wnd_separable_id=\"wnd_TextBlock_4760\"><em>p\u00edsni\u010dku j\u00ed zazp\u00edv\u00e1me, p\u0159iprav\u00edme d\u00e1rek.<\/em><\/p>\n<p id=\"wnd_TextBlock_4760_inner_64\" style=\"text-align: center;\" data-wnd_is_separable=\"1\" data-wnd_separable_index=\"64\" data-wnd_separable_id=\"wnd_TextBlock_4760\"><em>Den d\u011bt\u00ed si oslav\u00edme, ud\u011bl\u00e1me z\u00e1vody,<\/em><\/p>\n<p id=\"wnd_TextBlock_4760_inner_65\" style=\"text-align: center;\" data-wnd_is_separable=\"1\" data-wnd_separable_index=\"65\" data-wnd_separable_id=\"wnd_TextBlock_4760\"><em>s kamar\u00e1dy za\u0159\u00e1d\u00edme, p\u0159i slun\u00ed\u010dku u vody.<\/em><\/p>\n<p id=\"wnd_TextBlock_4760_inner_66\" style=\"text-align: center;\" data-wnd_is_separable=\"1\" data-wnd_separable_index=\"66\" data-wnd_separable_id=\"wnd_TextBlock_4760\"><em>Nasedneme na ma\u0161inku, na v\u00fdlet se chyst\u00e1me,<\/em><\/p>\n<p id=\"wnd_TextBlock_4760_inner_67\" style=\"text-align: center;\" data-wnd_is_separable=\"1\" data-wnd_separable_index=\"67\" data-wnd_separable_id=\"wnd_TextBlock_4760\"><em>spole\u010dn\u011b se vyfot\u00edme, na pr\u00e1zdniny m\u00e1v\u00e1me.&#8220;<\/em><\/p>\n<h5 id=\"wnd_TextBlock_4760_inner_68\" style=\"text-align: left;\" data-wnd_is_separable=\"1\" data-wnd_separable_index=\"68\" data-wnd_separable_id=\"wnd_TextBlock_4760\">Podt\u00e9mata:<\/h5>\n<ul id=\"wnd_TextBlock_4760_inner_69\" style=\"text-align: left;\" data-wnd_is_separable=\"1\" data-wnd_separable_index=\"69\" data-wnd_separable_id=\"wnd_TextBlock_4760\">\n<li>Zv\u00ed\u0159\u00e1tka ze ZOO zn\u00e1me, v atlase je v\u0161echny m\u00e1me &#8230;<\/li>\n<li>P\u0159ekvapen\u00ed pro maminku vymysl\u00edme za chvilenku &#8230;<\/li>\n<li>Ve vod\u011b to \u0161plouch\u00e1, z r\u00e1kos\u00ed to kouk\u00e1<\/li>\n<li>T\u0159\u00eddit odpad um\u00edme, planetu tak chr\u00e1n\u00edme &#8230;<\/li>\n<\/ul>\n<h2 id=\"wnd_TextBlock_4760_inner_70\" style=\"text-align: center;\" data-wnd_is_separable=\"1\" data-wnd_separable_index=\"70\" data-wnd_separable_id=\"wnd_TextBlock_4760\"><span style=\"color: #ffcc00;\">\u010cerven<\/span><\/h2>\n<blockquote id=\"wnd_TextBlock_4760_inner_71\" data-wnd_is_separable=\"1\" data-wnd_separable_index=\"71\" data-wnd_separable_id=\"wnd_TextBlock_4760\">\n<p style=\"text-align: center;\"><span style=\"color: #ffcc00;\"><strong>,,Na pr\u00e1zdniny &#8211; hola, hola, Slun\u00ed\u010dko n\u00e1s v\u0161echny vol\u00e1&#8220;<\/strong><\/span><\/p>\n<\/blockquote>\n<h5 id=\"wnd_TextBlock_4760_inner_72\" style=\"text-align: left;\" data-wnd_is_separable=\"1\" data-wnd_separable_index=\"72\" data-wnd_separable_id=\"wnd_TextBlock_4760\">Podt\u00e9mata:<\/h5>\n<ul id=\"wnd_TextBlock_4760_inner_73\" data-wnd_is_separable=\"1\" data-wnd_separable_index=\"73\" data-wnd_separable_id=\"wnd_TextBlock_4760\">\n<li style=\"text-align: left;\">V\u0161echny d\u011bti sv\u00e1tek slav\u00ed, sout\u011b\u017eemi se dnes bav\u00ed<\/li>\n<li>\u010c\u00edm cestovat na v\u00fdlet, \u0159eknu v\u00e1m to d\u011bti hned &#8230;<\/li>\n<li>Z\u00e1chran\u00e1\u0159e dob\u0159e zn\u00e1m, jak\u00e9 \u010d\u00edslo zavol\u00e1m?<\/li>\n<li style=\"text-align: left;\">V \u010cech\u00e1ch v\u0161ichni bydl\u00edme, kde jsme byly, pov\u00edme &#8230;<\/li>\n<\/ul>\n","protected":false},"excerpt":{"rendered":"<p>Z\u00c1\u0158\u00cd ,,Ve \u0161kolce sv\u00edt\u00ed Slun\u00ed\u010dko, v\u00edtej kluku i hol\u010di\u010dko&#8220; &#8222;Mil\u00e9 d\u011bti, hola, hola, Slun\u00ed\u010dko zve do \u0161kolky. Pan\u00ed u\u010ditelka vol\u00e1 &#8211; p\u0159ineste si ba\u010dkorky. Prohl\u00e9dnem si na\u0161\u00ed \u0161kolu, pohrajem si v\u0161ichni spolu. \u0158ekneme si b\u00e1sni\u010dky, zazp\u00edv\u00e1me p\u00edsni\u010dky. Ka\u017ed\u00fd sd\u011bl\u00ed co m\u00e1 r\u00e1d, je to p\u0159eci kamar\u00e1d.&#8220; Podt\u00e9mata: Po pr\u00e1zdnin\u00e1ch zas, nastal \u0161kolky \u010das &#8230; Kdo &hellip; <a href=\"http:\/\/bozetice.cz\/ms\/index.php\/tematicke-okruhy\/\" class=\"more-link\">Pokra\u010dov\u00e1n\u00ed textu <span class=\"screen-reader-text\">Tematick\u00e9 okruhy pro inspiraci d\u011btem p\u0159i spole\u010dn\u00e9m pl\u00e1nov\u00e1n\u00ed<\/span><\/a><\/p>\n","protected":false},"author":2,"featured_media":0,"parent":0,"menu_order":0,"comment_status":"closed","ping_status":"closed","template":"","meta":{"footnotes":""},"class_list":["post-211","page","type-page","status-publish","hentry"],"_links":{"self":[{"href":"http:\/\/bozetice.cz\/ms\/index.php\/wp-json\/wp\/v2\/pages\/211","targetHints":{"allow":["GET"]}}],"collection":[{"href":"http:\/\/bozetice.cz\/ms\/index.php\/wp-json\/wp\/v2\/pages"}],"about":[{"href":"http:\/\/bozetice.cz\/ms\/index.php\/wp-json\/wp\/v2\/types\/page"}],"author":[{"embeddable":true,"href":"http:\/\/bozetice.cz\/ms\/index.php\/wp-json\/wp\/v2\/users\/2"}],"replies":[{"embeddable":true,"href":"http:\/\/bozetice.cz\/ms\/index.php\/wp-json\/wp\/v2\/comments?post=211"}],"version-history":[{"count":9,"href":"http:\/\/bozetice.cz\/ms\/index.php\/wp-json\/wp\/v2\/pages\/211\/revisions"}],"predecessor-version":[{"id":1344,"href":"http:\/\/bozetice.cz\/ms\/index.php\/wp-json\/wp\/v2\/pages\/211\/revisions\/1344"}],"wp:attachment":[{"href":"http:\/\/bozetice.cz\/ms\/index.php\/wp-json\/wp\/v2\/media?parent=211"}],"curies":[{"name":"wp","href":"https:\/\/api.w.org\/{rel}","templated":true}]}}