{"id":207,"date":"2018-09-14T17:19:27","date_gmt":"2018-09-14T15:19:27","guid":{"rendered":"http:\/\/bozetice.cz\/ms\/?page_id=207"},"modified":"2026-02-10T10:38:58","modified_gmt":"2026-02-10T09:38:58","slug":"prijimani-deti-do-ms","status":"publish","type":"page","link":"http:\/\/bozetice.cz\/ms\/index.php\/pro-rodice\/prijimani-deti-do-ms\/","title":{"rendered":"P\u0159ij\u00edm\u00e1n\u00ed d\u011bt\u00ed do M\u0160 (z\u00e1pis)"},"content":{"rendered":"<h2 style=\"text-align: center;\">\u00a0<\/h2>\n<h1 style=\"text-align: center;\"><strong><u>Z\u00e1pis d\u011bt\u00ed do Mate\u0159sk\u00e9 \u0161koly Bo\u017eetice\u00a0<\/u><\/strong><\/h1>\n<h1 style=\"text-align: center;\"><strong><u>na \u0161koln\u00ed rok 2026\/2027<\/u><\/strong><\/h1>\n<p>&nbsp;<\/p>\n<p style=\"text-align: center;\">\u0158editelka Mate\u0159sk\u00e9 \u0161koly Bo\u017eetice oznamuje rodi\u010d\u016fm,<\/p>\n<p style=\"text-align: center;\">\u00a0\u017ee\u00a0z\u00e1pis d\u011bt\u00ed na \u0161koln\u00ed rok 2026\/2027<\/p>\n<p style=\"text-align: center;\"><strong><u>se uskute\u010dn\u00ed ve st\u0159edu 18.b\u0159ezna 2026 od 14:30 do 16:00 hod.<\/u><\/strong><\/p>\n<p style=\"text-align: center;\">Pop\u0159\u00edpad\u011b kdykoliv v term\u00ednu dle \u0161kolsk\u00e9ho z\u00e1kona,<\/p>\n<p style=\"text-align: center;\">\u00a0\u00a0\u00a0\u00a0\u00a0\u00a0\u00a0\u00a0\u00a0\u00a0\u00a0 \u00a0tedy v\u00a0obdob\u00ed <u>od 15.b\u0159ezna 2026 do 15.dubna 2026.<\/u><\/p>\n<p style=\"text-align: center;\">Ve\u0161ker\u00e9 informace jsou uvedeny na webov\u00fdch str\u00e1nk\u00e1ch Mate\u0159sk\u00e9 \u0161koly Bo\u017eetice.<\/p>\n<p style=\"text-align: center;\">Nab\u00edz\u00edme i mo\u017enost prohl\u00eddky na\u0161\u00ed M\u0160 a zodpov\u011bzen\u00ed va\u0161ich dotaz\u016f.<\/p>\n<p style=\"text-align: center;\">V\u00a0p\u0159\u00edpad\u011b z\u00e1jmu kontaktujte \u0159editelku M\u0160: <strong>382\u00a0581\u00a0436<\/strong> nebo <strong>774\u00a0287\u00a0188<\/strong><strong>\u00a0\u00a0\u00a0<\/strong><\/p>\n<p style=\"text-align: center;\"><strong>\u00a0<\/strong><\/p>\n<p style=\"text-align: center;\"><strong>T\u011b\u0161\u00edme se na v\u00e1s\u00a0 \u00a0 \u00a0 \u00a0 \u00a0 \u00a0 \u00a0 \u00a0 \u00a0 \u00a0 \u00a0 \u00a0 \u00a0 \u00a0 \u00a0 \u00a0 \u00a0Bc. Blanka Shorn\u00e1 a kolektiv zam\u011bstnanc\u016f<\/strong><\/p>\n<p>&nbsp;<\/p>\n<p>K z\u00e1pisu si z\u00e1konn\u00ed z\u00e1stupci p\u0159inesou:<\/p>\n<ul>\n<li><strong>rodn\u00fd list d\u00edt\u011bte<\/strong><\/li>\n<li><strong>ob\u010dansk\u00fd pr\u016fkaz<\/strong><\/li>\n<li><strong>vypln\u011bnou p\u0159ihl\u00e1\u0161ku <\/strong>(p\u0159ihl\u00e1\u0161ku si mohou z\u00e1konn\u00ed z\u00e1stupci vyzvednout kdykoliv p\u0159ed samotn\u00fdm z\u00e1pisem nebo ji vyplnit p\u0159\u00edmo v\u00a0den z\u00e1pisu)<\/li>\n<li><strong>o\u010dkovac\u00ed pr\u016fkaz<\/strong><\/li>\n<\/ul>\n<p><strong><u>Informace pro rodi\u010de ohledn\u011b z\u00e1pisu do M\u0160 Bo\u017eetice<\/u><\/strong><\/p>\n<p><strong>Dokumenty k\u00a0pod\u00e1n\u00ed \u017e\u00e1dosti:<\/strong><\/p>\n<p>V\u0161echny d\u016fle\u017eit\u00e9 dokumenty v\u010detn\u011b informa\u010dn\u00edho let\u00e1ku atd. pro V\u00e1s p\u0159iprav\u00edme do ob\u00e1lky. Vy si ji m\u016f\u017eete vyzvednout po telefonick\u00e9 domluv\u011b u person\u00e1lu mate\u0159sk\u00e9 \u0161koly. A to v\u00a0pracovn\u00ed dny od 8:00 do 15:00 hod.<\/p>\n<p><strong>V\u00a0na\u0161\u00ed ob\u00e1lce najdete ji\u017e p\u0159ipraveny tiskopisy, pop\u0159\u00edpad\u011b si je m\u016f\u017eete st\u00e1hnout na webu v sekci dokumenty.<\/strong><\/p>\n<ul>\n<li>\u017d\u00e1dost o p\u0159ijet\u00ed k\u00a0p\u0159ed\u0161koln\u00edmu vzd\u011bl\u00e1v\u00e1n\u00ed<\/li>\n<li>Eviden\u010dn\u00ed list d\u00edt\u011bte<\/li>\n<li>P\u0159ihl\u00e1\u0161ku ke \u0161koln\u00edmu stravov\u00e1n\u00ed<\/li>\n<li>Informace<strong> o zpracov\u00e1n\u00ed osobn\u00edch \u00fadaj\u016f<\/strong>\u00a0\u2013 <em>vypl\u0148te zadn\u00ed \u010d\u00e1st, d\u00e1v\u00e1te t\u00edm souhlas se zpracov\u00e1n\u00edm osobn\u00edch \u00fadaj\u016f v\u00a0r\u00e1mci p\u0159ij\u00edmac\u00edho \u0159\u00edzen\u00ed<\/em><\/li>\n<\/ul>\n<p><em>\u200b<\/em><strong><u>d\u00e1le dodejte:<\/u><\/strong><\/p>\n<ul>\n<li><strong>Potvrzen\u00ed praktick\u00e9ho d\u011btsk\u00e9ho l\u00e9ka\u0159e\u00a0o \u0159\u00e1dn\u00e9m o\u010dkov\u00e1n\u00ed <\/strong><\/li>\n<li><strong>Prost\u00e1 kopie rodn\u00e9ho listu d\u00edt\u011bte<\/strong><\/li>\n<li><strong>Opr\u00e1vn\u011bn\u00ed d\u00edt\u011b zastupovat<\/strong>\u00a0(<em>dolo\u017e\u00ed pouze ten, kdo m\u00e1 d\u00edt\u011b pr\u00e1vo zastupovat a nen\u00ed jeho z\u00e1konn\u00fdm z\u00e1stupcem, nap\u0159. opatrovn\u00edk<\/em><\/li>\n<li><strong><em>K<\/em>opii doporu\u010den\u00ed \u0161kolsk\u00e9ho poradensk\u00e9ho za\u0159\u00edzen\u00ed\u00a0pro poskytov\u00e1n\u00ed podp\u016frn\u00fdch opat\u0159en\u00ed\u00a0<\/strong><em>(pro d\u011bti se speci\u00e1ln\u00edmi vzd\u011bl\u00e1vac\u00edmi pot\u0159ebami)<\/em><\/li>\n<\/ul>\n<p><em>\u200bP<\/em><strong>od\u00e1n\u00ed \u017e\u00e1dosti:<\/strong><\/p>\n<p><strong>Dokumenty je mo\u017en\u00e9 doru\u010dit n\u00e1sleduj\u00edc\u00edmi zp\u016fsoby:<\/strong><\/p>\n<ul>\n<li><u>preferujeme osobn\u00ed p\u0159ed\u00e1n\u00ed v dob\u011b z\u00e1pisu!<\/u><\/li>\n<li>do datov\u00e9 schr\u00e1nky \u0161koly (ID:) q4zkk3x<\/li>\n<li>po\u0161tou na na\u0161i adresu: M\u0160 Bo\u017eetice, Bo\u017eetice 7, 399 01 Milevsko<\/li>\n<\/ul>\n<p>&nbsp;<\/p>\n<p><strong>Dolo\u017een\u00ed \u0159\u00e1dn\u00e9ho o\u010dkov\u00e1n\u00ed podmi\u0148uje p\u0159ijet\u00ed d\u00edt\u011bte:\u00a0<\/strong><\/p>\n<p>Podm\u00ednkou pro p\u0159ijet\u00ed d\u00edt\u011bte do M\u0160 je podle \u00a7 50 z\u00e1kona o ochran\u011b ve\u0159ejn\u00e9ho zdrav\u00ed je spln\u011bn\u00ed povinnosti podrobit se pravideln\u00fdm o\u010dkov\u00e1n\u00edm, nebo m\u00edt doklad, \u017ee je d\u00edt\u011b proti n\u00e1kaze imunn\u00ed nebo se nem\u016f\u017ee o\u010dkov\u00e1n\u00ed podrobit pro trvalou kontraindikaci. Tato dokl\u00e1d\u00e1te potvrzen\u00edm praktick\u00e9ho d\u011btsk\u00e9ho l\u00e9ka\u0159e<strong>.<\/strong><\/p>\n<p><strong>Tato povinnost se net\u00fdk\u00e1 pouze d\u00edt\u011bte, kter\u00e9 pln\u00ed povinn\u00e9 p\u0159ed\u0161koln\u00ed vzd\u011bl\u00e1v\u00e1n\u00ed a dos\u00e1hly do 31.8.2026 p\u011bti let.<\/strong><\/p>\n<p>&nbsp;<\/p>\n<p><strong>Dal\u0161\u00ed pot\u0159ebn\u00e9 informace<\/strong>\u00a0<em>(d\u011bti se speci\u00e1ln\u00edmi vzd\u011bl\u00e1vac\u00edmi pot\u0159ebami)<\/em><\/p>\n<p>\u0160kolsk\u00e1 poradensk\u00e1 za\u0159\u00edzen\u00ed (pedagogicko-psychologick\u00e9 poradny \u010di speci\u00e1ln\u00ed pedagogick\u00e1 centra) zaji\u0161\u0165uj\u00ed pot\u0159ebn\u00e9\u00a0slu\u017eby. Pokud Va\u0161e d\u00edt\u011b ji\u017e bylo vy\u0161et\u0159eno ve \u0161kolsk\u00e9m poradensk\u00e9m za\u0159\u00edzen\u00ed,\u00a0<strong>p\u0159ilo\u017ete kopii doporu\u010den\u00ed pro poskytov\u00e1n\u00ed podp\u016frn\u00fdch opat\u0159en\u00ed.<\/strong><\/p>\n<p>V\u00a0p\u0159\u00edpad\u011b pot\u0159eby z\u00edsk\u00e1n\u00ed dal\u0161\u00ed informace, jak postupovat, kontaktujte \u0159editelstv\u00ed \u0161koly.<\/p>\n<p>&nbsp;<\/p>\n<p><strong>Individu\u00e1ln\u00ed vzd\u011bl\u00e1v\u00e1n\u00ed<\/strong><\/p>\n<p>Povinnost plnit p\u0159ed\u0161koln\u00ed vzd\u011bl\u00e1v\u00e1n\u00ed maj\u00ed dle \u0160kolsk\u00e9ho z\u00e1kona pouze d\u011bti, kter\u00e9 dos\u00e1hly do 31.8.2026 p\u011bti let.<\/p>\n<p>Z\u00e1stupce m\u016f\u017ee zvolit m\u00edsto povinn\u00e9ho vzd\u011bl\u00e1v\u00e1n\u00ed v\u00a0M\u0160 individu\u00e1ln\u00ed vzd\u011bl\u00e1v\u00e1n\u00ed. D\u00edt\u011b pak vzd\u011bl\u00e1v\u00e1 doma s\u00e1m. Vzd\u011bl\u00e1vat ho m\u016f\u017ee i jin\u00e1 osoba, nebo nav\u0161t\u011bvuje jin\u00e9 za\u0159\u00edzen\u00ed, ne\u017e je mate\u0159sk\u00e1 \u0161kola. Z\u00e1konn\u00fd z\u00e1stupce mus\u00ed nicm\u00e9n\u011b i tak p\u0159ihl\u00e1sit d\u00edt\u011b k\u00a0z\u00e1pisu k\u00a0p\u0159ed\u0161koln\u00edmu vzd\u011bl\u00e1v\u00e1n\u00ed. \u017d\u00e1dost o individu\u00e1ln\u00ed vzd\u011bl\u00e1v\u00e1n\u00ed d\u00edt\u011bte p\u0159ed\u00e1 \u0159editelstv\u00ed \u0161koly spole\u010dn\u011b s\u00a0ostatn\u00edmi dokumenty ur\u010den\u00fdmi k\u00a0z\u00e1pisu nebo nejd\u00e9le 3 m\u011bs\u00edce p\u0159ed po\u010d\u00e1tkem \u0161koln\u00edho roku.<\/p>\n<p><strong>\u00a0<\/strong><\/p>\n<p><strong>Vlastn\u00ed p\u0159ij\u00edmac\u00ed \u0159\u00edzen\u00ed:<\/strong><\/p>\n<p>Z\u00e1rove\u0148 bude zasl\u00e1no p\u0159id\u011blen\u00e9\u00a0<strong>registra\u010dn\u00ed \u010d\u00edslo<\/strong>\u00a0(<em>nahrazuje jm\u00e9no d\u00edt\u011bte<\/em>),<\/p>\n<p>pod kter\u00fdm bude provedeno zve\u0159ejn\u011bn\u00ed v\u00fdsledk\u016f p\u0159ij\u00edmac\u00edho \u0159\u00edzen\u00ed a bude takt\u00e9\u017e uveden\u00a0<strong>term\u00edn zve\u0159ejn\u011bn\u00ed p\u0159ij\u00edmac\u00edho \u0159\u00edzen\u00ed.<\/strong><\/p>\n<p>&nbsp;<\/p>\n<p><strong>Pr\u016fb\u011bh p\u0159ij\u00edmac\u00edho \u0159\u00edzen\u00ed:<\/strong><\/p>\n<p>Pr\u016fb\u011bh p\u0159ij\u00edmac\u00edho \u0159\u00edzen\u00ed se \u0159\u00edd\u00ed z\u00e1konem \u010d. 500\/2004 Sb., spr\u00e1vn\u00ed \u0159\u00e1d ve zn\u011bn\u00ed pozd\u011bj\u0161\u00edch p\u0159edpis\u016f.<\/p>\n<p><strong>Po ukon\u010den\u00ed p\u0159ijet\u00ed \u017e\u00e1dost\u00ed tedy 16. dubna 2026 bude zah\u00e1jeno spr\u00e1vn\u00ed \u0159\u00edzen\u00ed.<\/strong><\/p>\n<p>S ohledem na tuto skute\u010dnost budete m\u00edt mo\u017enost ve smyslu ust. \u00a7 36 odst. 3 z\u00e1kona \u010d. 500\/2004 Sb., spr\u00e1vn\u00edho \u0159\u00e1du, v platn\u00e9m zn\u011bn\u00ed,\u00a0jako z\u00e1konn\u00ed z\u00e1stupci zastupuj\u00edc\u00ed \u00fa\u010dastn\u00edka \u0159\u00edzen\u00ed veden\u00e9ho pod\u00a0registra\u010dn\u00edmi \u010d\u00edsly (osobn\u00ed data \u00fa\u010dastn\u00edk\u016f m\u00e1 spr\u00e1vn\u00ed org\u00e1n ve spisu) pr\u00e1vo sezn\u00e1mit se s podklady, na jejich\u017e z\u00e1klad\u011b bude rozhodnuto.<\/p>\n<p><strong>Term\u00edn mo\u017enosti sezn\u00e1men\u00ed s podklady\u00a0je uveden na \u017e\u00e1dosti.<\/strong>\u00a0S\u00a0ohledem na sou\u010dasnou situaci je nutn\u00e9 nejprve telefonick\u00e9 spojen\u00ed s\u00a0\u0159editelstv\u00edm \u0161koly.<\/p>\n<p>Pot\u00e9 bez zbyte\u010dn\u00e9ho odkladu bude zve\u0159ejn\u011bn v\u00fdsledek p\u0159ij\u00edmac\u00edho \u0159\u00edzen\u00ed (pod registra\u010dn\u00edmi \u010d\u00edsly) na webov\u00fdch str\u00e1nk\u00e1ch \u0161koly a na\u00a0informa\u010dn\u00ed tabuli \u0161koly.<\/p>\n<p><strong>Term\u00edn zve\u0159ejn\u011bn\u00ed V\u00e1m bude sd\u011blen p\u0159i potvrzen\u00ed p\u0159ijet\u00ed \u017e\u00e1dosti a ostatn\u00edch dokument\u016f. <\/strong><\/p>\n<p>Rozhodnut\u00ed o\u00a0<strong>p\u0159ijet\u00ed<\/strong>\u00a0v\u00e1m bude p\u0159ed\u00e1no osobn\u011b v listinn\u00e9 podob\u011b a bude zalo\u017eeno i ve spisech d\u00edt\u011bte<\/p>\n<ul>\n<li>Rozhodnut\u00ed o<strong>\u00a0nep\u0159ijet\u00ed\u00a0<\/strong>v listinn\u00e9 podob\u011b V\u00e1m bude bu\u010f osobn\u011b p\u0159ed\u00e1no nebo zasl\u00e1no po\u0161tou na doru\u010denku.<\/li>\n<li>\u00a0<strong>P\u0159ed p\u0159\u00edpadn\u00fdm odvol\u00e1n\u00edm o nep\u0159ijet\u00ed kontaktujte, pros\u00edm, \u0159editelstv\u00ed \u0161koly.<\/strong><\/li>\n<\/ul>\n<p>&nbsp;<\/p>\n<h3 style=\"text-align: center;\"><strong><u>Krit\u00e9ria pro p\u0159ij\u00edm\u00e1n\u00ed d\u011bt\u00ed k\u00a0p\u0159ed\u0161koln\u00edmu vzd\u011bl\u00e1v\u00e1n\u00ed v\u00a0Mate\u0159sk\u00e9 \u0161kole Bo\u017eetice\u00a0<\/u><\/strong><strong><u>na \u0161koln\u00ed rok 2026\/2027<\/u><\/strong><\/h3>\n<p>\u0158editelka Mate\u0159sk\u00e9 \u0161koly v\u00a0Bo\u017eetic\u00edch, Bo\u017eetice7, 399 01 Milevsko, okres P\u00edsek stanovila na z\u00e1klad\u011b \u00a7 34 odst. 1, 3, 4, 6 a 7 z\u00e1kona 561\/2004 Sb., o p\u0159ed\u0161koln\u00edm, z\u00e1kladn\u00edm, st\u0159edn\u00edm, vy\u0161\u0161\u00edm odborn\u00e9m a jin\u00e9m vzd\u011bl\u00e1v\u00e1n\u00ed, v\u00a0platn\u00e9m zn\u011bn\u00ed, n\u00e1sleduj\u00edc\u00ed krit\u00e9ria pro p\u0159ij\u00edm\u00e1n\u00ed d\u011bt\u00ed k\u00a0p\u0159ed\u0161koln\u00edmu vzd\u011bl\u00e1v\u00e1n\u00ed.<\/p>\n<p><u>Podle stanoven\u00fdch krit\u00e9ri\u00ed bude \u0159editelka \u0161koly postupovat, pokud po\u010det \u017e\u00e1dost\u00ed o p\u0159ijet\u00ed d\u00edt\u011bte k p\u0159ed\u0161koln\u00edmu vzd\u011bl\u00e1v\u00e1n\u00ed p\u0159ekro\u010d\u00ed po\u010det voln\u00fdch m\u00edst.<\/u><\/p>\n<table>\n<tbody>\n<tr>\n<td width=\"28\">\u00a0<\/td>\n<td width=\"537\"><strong><em>Krit\u00e9rium<\/em><\/strong><\/td>\n<td width=\"66\"><strong><em>Body<\/em><\/strong><\/td>\n<\/tr>\n<tr>\n<td width=\"28\">1.<\/td>\n<td width=\"537\">D\u011bti ze sp\u00e1dov\u00e9ho obvodu mate\u0159sk\u00e9 \u0161koly, kter\u00e9 dovr\u0161\u00ed do 31. srpna st\u00e1vaj\u00edc\u00edho roku 5 let v\u011bku.<\/td>\n<td width=\"66\"><strong>8<\/strong><\/td>\n<\/tr>\n<tr>\n<td width=\"28\">2.<\/td>\n<td width=\"537\">\u00a0D\u011bti ze sp\u00e1dov\u00e9ho obvodu mate\u0159sk\u00e9 \u0161koly, kter\u00e9 dovr\u0161\u00ed do 31. srpna st\u00e1vaj\u00edc\u00edho roku 4 let v\u011bku.<\/td>\n<td width=\"66\"><strong>7<\/strong><\/td>\n<\/tr>\n<tr>\n<td width=\"28\">3.<\/td>\n<td width=\"537\">D\u011bti ze sp\u00e1dov\u00e9ho obvodu mate\u0159sk\u00e9 \u0161koly, kter\u00e9 dovr\u0161\u00ed do 31. srpna st\u00e1vaj\u00edc\u00edho roku 3 let v\u011bku<\/td>\n<td width=\"66\"><strong>6<\/strong><\/td>\n<\/tr>\n<tr>\n<td width=\"28\">4.<\/td>\n<td width=\"537\">D\u011bti ze sp\u00e1dov\u00e9ho obvodu mate\u0159sk\u00e9 \u0161koly, kter\u00e9 dovr\u0161\u00ed do 31. srpna st\u00e1vaj\u00edc\u00edho roku 2 let v\u011bku<\/td>\n<td width=\"66\"><strong>5<\/strong><\/td>\n<\/tr>\n<tr>\n<td width=\"28\">5.<\/td>\n<td width=\"537\">D\u011bti z nesp\u00e1dov\u00e9ho obvodu mate\u0159sk\u00e9 \u0161koly, kter\u00e9 dovr\u0161\u00ed do 31. srpna st\u00e1vaj\u00edc\u00edho roku 5 let v\u011bku.<\/td>\n<td width=\"66\"><strong>4<\/strong><\/td>\n<\/tr>\n<tr>\n<td width=\"28\">6.<\/td>\n<td width=\"537\">D\u011bti z nesp\u00e1dov\u00e9ho obvodu mate\u0159sk\u00e9 \u0161koly, kter\u00e9 dovr\u0161\u00ed do 31. srpna st\u00e1vaj\u00edc\u00edho roku 4 let v\u011bku.<\/td>\n<td width=\"66\"><strong>3<\/strong><\/td>\n<\/tr>\n<tr>\n<td width=\"28\">7.<\/td>\n<td width=\"537\">D\u011bti z nesp\u00e1dov\u00e9ho obvodu mate\u0159sk\u00e9 \u0161koly, kter\u00e9 dovr\u0161\u00ed do 31. srpna st\u00e1vaj\u00edc\u00edho roku 3 let v\u011bku.<\/td>\n<td width=\"66\"><strong>2<\/strong><\/td>\n<\/tr>\n<tr>\n<td width=\"28\">8.<\/td>\n<td width=\"537\">D\u011bti z nesp\u00e1dov\u00e9ho obvodu mate\u0159sk\u00e9 \u0161koly, kter\u00e9 dovr\u0161\u00ed do 31. srpna st\u00e1vaj\u00edc\u00edho roku 2 let v\u011bku.<\/td>\n<td width=\"66\"><strong>1<\/strong><\/td>\n<\/tr>\n<tr>\n<td width=\"28\">9.<\/td>\n<td width=\"537\">Sourozenec doch\u00e1zej\u00edc\u00ed do M\u0160 k\u00a0datu pod\u00e1n\u00ed \u017e\u00e1dosti<\/td>\n<td width=\"66\"><strong>***<\/strong><\/td>\n<\/tr>\n<\/tbody>\n<\/table>\n<p>*** Na \u017e\u00e1dost z\u00e1konn\u00e9ho z\u00e1stupce o um\u00edst\u011bn\u00ed d\u00edt\u011bte sourozence doch\u00e1zej\u00edc\u00edho do mate\u0159sk\u00e9 \u0161koly k\u00a0datu pod\u00e1n\u00ed \u017e\u00e1dosti bude pohl\u00ed\u017eeno v\u017edy jako na d\u00edt\u011b ze sp\u00e1dov\u00e9 oblasti.<\/p>\n<p>V\u00a0p\u0159\u00edpad\u011b rovnosti v\u00fdsledn\u00e9ho sou\u010dtu bod\u016f bude pro p\u0159ijet\u00ed d\u00edt\u011bte k\u00a0p\u0159ed\u0161koln\u00edmu vzd\u011bl\u00e1v\u00e1n\u00ed <strong>rozhoduj\u00edc\u00ed datum narozen\u00ed d\u00edt\u011bte<\/strong> (star\u0161\u00ed m\u00e1 p\u0159ednost p\u0159ed mlad\u0161\u00edm).<\/p>\n<p><strong>Vyhodnocen\u00ed po\u0159ad\u00ed uchaze\u010d\u016f bude prob\u00edhat n\u00e1sleduj\u00edc\u00edm zp\u016fsobem:<\/strong><\/p>\n<ul>\n<li>Dle uveden\u00e9 tabulky krit\u00e9ri\u00ed bude nejprve vyhodnoceno po\u0159ad\u00ed uchaze\u010d\u016f ze sp\u00e1dov\u00e9 oblasti.<\/li>\n<li>Dle uveden\u00e9 tabulky krit\u00e9ri\u00ed bude n\u00e1sledn\u011b vyhodnoceno po\u0159ad\u00ed uchaze\u010d\u016f z\u00a0nesp\u00e1dov\u00fdch oblast\u00ed.<\/li>\n<\/ul>\n<p>V\u00a0p\u0159\u00edpad\u011b shodnosti bod\u016f uchaze\u010de posledn\u00edho v\u00a0po\u0159ad\u00ed a uchaze\u010de n\u00e1sleduj\u00edc\u00edho rozhodne <strong>los.<\/strong><\/p>\n<p>O p\u0159ijet\u00ed \/nep\u0159ijet\u00ed\/ budou z\u00e1konn\u00ed z\u00e1stupci vyrozum\u011bni do 30 dn\u016f od zah\u00e1jen\u00ed spr\u00e1vn\u00edho \u0159\u00edzen\u00ed. Proti rozhodnut\u00ed se mohou do 15 dn\u016f od doru\u010den\u00ed odvolat.<\/p>\n<p>Rozhodnut\u00ed o p\u0159ijet\u00ed budou ozn\u00e1mena zve\u0159ejn\u011bn\u00edm seznamu uchaze\u010d\u016f pod p\u0159id\u011blen\u00fdm registra\u010dn\u00edm \u010d\u00edslem na webov\u00fdch str\u00e1nk\u00e1ch \u0161koly a na informa\u010dn\u00ed tabuli ve vestibulu mate\u0159sk\u00e9 \u0161koly.<\/p>\n<p>Rozhodnut\u00ed o nep\u0159ijet\u00ed d\u00edt\u011bte k\u00a0p\u0159ed\u0161koln\u00edmu vzd\u011bl\u00e1v\u00e1n\u00ed bude z\u00e1konn\u00fdm z\u00e1stupc\u016fm p\u0159ed\u00e1no do vlastn\u00edch rukou.<\/p>\n<p>V Bo\u017eetic\u00edch\u00a0 02. 2. 2026\u00a0 \u00a0 \u00a0 \u00a0 \u00a0 \u00a0 \u00a0 \u00a0 \u00a0 \u00a0 \u00a0 \u00a0 \u00a0 \u00a0 \u00a0 \u00a0 \u00a0 \u00a0 \u00a0 \u00a0 \u00a0 \u00a0 \u00a0 \u00a0 \u00a0 \u00a0 \u00a0 \u00a0 \u00a0 \u00a0 \u00a0 \u00a0 \u00a0 \u00a0 \u00a0 \u00a0 \u00a0 \u00a0 \u00a0 \u00a0 \u00a0 \u00a0 \u00a0 \u00a0 \u00a0 \u00a0 \u00a0 \u00a0 \u00a0 \u00a0 \u00a0 \u00a0 Bc. Blanka Shorn\u00e1, \u0159editelka \u0161koly<\/p>\n<p>&nbsp;<\/p>\n\n\n<p><\/p>\n","protected":false},"excerpt":{"rendered":"<p>\u00a0 Z\u00e1pis d\u011bt\u00ed do Mate\u0159sk\u00e9 \u0161koly Bo\u017eetice\u00a0 na \u0161koln\u00ed rok 2026\/2027 &nbsp; \u0158editelka Mate\u0159sk\u00e9 \u0161koly Bo\u017eetice oznamuje rodi\u010d\u016fm, \u00a0\u017ee\u00a0z\u00e1pis d\u011bt\u00ed na \u0161koln\u00ed rok 2026\/2027 se uskute\u010dn\u00ed ve st\u0159edu 18.b\u0159ezna 2026 od 14:30 do 16:00 hod. Pop\u0159\u00edpad\u011b kdykoliv v term\u00ednu dle \u0161kolsk\u00e9ho z\u00e1kona, \u00a0\u00a0\u00a0\u00a0\u00a0\u00a0\u00a0\u00a0\u00a0\u00a0\u00a0 \u00a0tedy v\u00a0obdob\u00ed od 15.b\u0159ezna 2026 do 15.dubna 2026. Ve\u0161ker\u00e9 informace jsou uvedeny &hellip; <a href=\"http:\/\/bozetice.cz\/ms\/index.php\/pro-rodice\/prijimani-deti-do-ms\/\" class=\"more-link\">Pokra\u010dov\u00e1n\u00ed textu <span class=\"screen-reader-text\">P\u0159ij\u00edm\u00e1n\u00ed d\u011bt\u00ed do M\u0160 (z\u00e1pis)<\/span><\/a><\/p>\n","protected":false},"author":2,"featured_media":0,"parent":133,"menu_order":0,"comment_status":"closed","ping_status":"closed","template":"","meta":{"footnotes":""},"class_list":["post-207","page","type-page","status-publish","hentry"],"_links":{"self":[{"href":"http:\/\/bozetice.cz\/ms\/index.php\/wp-json\/wp\/v2\/pages\/207","targetHints":{"allow":["GET"]}}],"collection":[{"href":"http:\/\/bozetice.cz\/ms\/index.php\/wp-json\/wp\/v2\/pages"}],"about":[{"href":"http:\/\/bozetice.cz\/ms\/index.php\/wp-json\/wp\/v2\/types\/page"}],"author":[{"embeddable":true,"href":"http:\/\/bozetice.cz\/ms\/index.php\/wp-json\/wp\/v2\/users\/2"}],"replies":[{"embeddable":true,"href":"http:\/\/bozetice.cz\/ms\/index.php\/wp-json\/wp\/v2\/comments?post=207"}],"version-history":[{"count":27,"href":"http:\/\/bozetice.cz\/ms\/index.php\/wp-json\/wp\/v2\/pages\/207\/revisions"}],"predecessor-version":[{"id":1349,"href":"http:\/\/bozetice.cz\/ms\/index.php\/wp-json\/wp\/v2\/pages\/207\/revisions\/1349"}],"up":[{"embeddable":true,"href":"http:\/\/bozetice.cz\/ms\/index.php\/wp-json\/wp\/v2\/pages\/133"}],"wp:attachment":[{"href":"http:\/\/bozetice.cz\/ms\/index.php\/wp-json\/wp\/v2\/media?parent=207"}],"curies":[{"name":"wp","href":"https:\/\/api.w.org\/{rel}","templated":true}]}}