{"id":203,"date":"2018-09-14T17:16:11","date_gmt":"2018-09-14T15:16:11","guid":{"rendered":"http:\/\/bozetice.cz\/ms\/?page_id=203"},"modified":"2026-03-08T19:52:34","modified_gmt":"2026-03-08T18:52:34","slug":"akce-ve-skolce","status":"publish","type":"page","link":"http:\/\/bozetice.cz\/ms\/index.php\/domu\/akce-ve-skolce\/","title":{"rendered":"Akce ve \u0161kolce"},"content":{"rendered":"<h2 style=\"text-align: center;\"><strong>Pl\u00e1novan\u00e9 akce ve \u0161kolce<\/strong><\/h2>\n<p>&nbsp;<\/p>\n<p><strong>B\u0159ezen 2026<\/strong><\/p>\n<ul>\n<li>st\u0159eda 4.3.2026 &#8211;\u00a0<strong>Celodenn\u00ed v\u00fdlet do P\u00edsku &#8211; Sladovna<\/strong>\u00a0&#8211; galerie hrou<\/li>\n<li>p\u00e1tek 6.3.2026 <strong>&#8211; Karneval ve \u0161kolce &#8211;<\/strong>\u00a0dopoledne pln\u00e9 masek, tance a sout\u011b\u017e\u00ed<\/li>\n<li>9.3. &#8211; 13.3.2026 &#8211;\u00a0<strong>Jarn\u00ed pr\u00e1zdniny<\/strong>\u00a0&#8211; \u0161kolka uzav\u0159ena (\u0161kolka otev\u0159ena v pond\u011bl\u00ed 16.3.2026)<\/li>\n<li>st\u0159eda 18.3.2026 &#8211;\u00a0<strong>\u00a0Z\u00e1pis do Mate\u0159sk\u00e9 \u0161koly Bo\u017eetice<\/strong><\/li>\n<li>\u010dtvrtek 19.3.2026 &#8211;\u00a0<strong>V\u00edt\u00e1n\u00ed jara &#8211; vyn\u00e1\u0161en\u00ed Zimy do \u0159\u00ed\u010dky Smutn\u00e1\u00a0<\/strong><\/li>\n<li>p\u00e1tek 20.3.2026<strong>\u00a0&#8211; Krej\u010d\u00edk Honza &#8211; Z\u00e1chran\u00e1\u0159<\/strong><\/li>\n<li>pond\u011bl\u00ed 23.3.2026<strong>\u00a0&#8211; ,,V\u00edt\u00e1n\u00ed jara ve \u0161kolce&#8220;<\/strong>\u00a0&#8211; odem\u010den\u00ed \u0161koln\u00ed zahrady, probuzen\u00ed brou\u010dk\u016f a v\u010deli\u010dek<\/li>\n<li>st\u0159eda 25.3.2026<strong>\u00a0&#8211; V\u00edt\u00e1n\u00ed jara s prvn\u00edm pe\u010den\u00ed bu\u0159t\u016f na \u0161koln\u00ed zahrad\u011b\u00a0<\/strong>(dle p\u0159edpov\u011bdi po\u010das\u00ed)<\/li>\n<li>sobota 28.3.2026<strong> &#8211; ,,Ukli\u010fme \u010cesko&#8220; &#8211;<\/strong>\u00a0spole\u010dn\u00e9 sb\u00edr\u00e1n\u00ed odpadk\u016f v okol\u00ed Bo\u017eetic<\/li>\n<\/ul>\n<p>&nbsp;<\/p>\n<p><strong>Duben 2026<\/strong><\/p>\n<ul>\n<li>st\u0159eda 1.4.2026 &#8211;\u00a0<strong>Velikono\u010dn\u00ed jarmark v are\u00e1lu M\u0160 pro rodiny d\u011bt\u00ed a \u0161irokou ve\u0159ejnost<\/strong><\/li>\n<li>\u010dtvrtek 2.4.2026 &#8211;\u00a0<strong>Zelen\u00fd \u010dtvrte<\/strong>k &#8211; zelen\u00e1 barva kam se pod\u00edv\u00e1\u0161 (oble\u010den\u00ed, j\u00eddlo, v\u00fdzdoba atd.)<\/li>\n<li>st\u0159eda 8.4.2026 &#8211;\u00a0<strong>,,Knihovna&#8220;<\/strong>\u00a0&#8211; pov\u00edd\u00e1n\u00ed o nov\u00fdch knih\u00e1ch<\/li>\n<li>pond\u011bl\u00ed 13.4.2026 &#8211; <strong>,,Jarn\u00ed fotografov\u00e1n\u00ed&#8220;<\/strong>\u00a0&#8211; focen\u00ed jednotlivc\u016f i cel\u00e9 t\u0159\u00eddy<\/li>\n<li>\u010dtvrtek 26.4.2026 &#8211; ,<strong>,Bacil a bylinky<\/strong>&#8220; &#8211; projekt l\u00e9k\u00e1ren<\/li>\n<li>\u010dtvrtek 30.4.2026\u00a0<strong>&#8211; \u010carod\u011bjnick\u00fd rej ve \u0161kolce \u2013 kost\u00fdmy, sout\u011b\u017ee, \u010darod\u011bjnick\u00e1 stezka na \u0161koln\u00ed zahrad\u011b<\/strong><\/li>\n<\/ul>\n<p><strong>\u00a0<\/strong><\/p>\n<p><strong>Kv\u011bten 2026<\/strong><\/p>\n<ul>\n<li>pond\u011bl\u00ed 4.5.2026\u00a0\u00a0<strong>&#8211; Stav\u011bn\u00ed m\u00e1je u \u0161kolky<\/strong><\/li>\n<li>st\u0159eda 6.5.2026 &#8211;\u00a0<strong>\u00a0V\u00fdchovn\u00fd koncert v ZU\u0160 v Milevsku<\/strong> &#8211; v\u0161echny d\u011bti<\/li>\n<li>\u010dtvrtek 7.5.2026 &#8211; <strong>Knihovna &#8211; pov\u00edd\u00e1n\u00ed o nov\u00fdch knih\u00e1ch<\/strong><\/li>\n<li>\u010dtvrtek 14.5.2026 &#8211; <strong>V\u00fdlet do v\u00fdrobny pern\u00edk\u016f &#8211; Po\u010depice<\/strong><\/li>\n<li>p\u00e1tek 15.5.2026 &#8211; 16:30<strong>\u00a0&#8211; P\u0159edstaven\u00ed pro maminky &#8211;<\/strong>\u00a0m\u00edstn\u00ed kulturn\u00ed d\u016fm<\/li>\n<li>st\u0159eda 20.5.2026<strong> &#8211;\u00a0 Celodenn\u00ed v\u00fdlet do ZOO Hlubok\u00e1 nad Vltavou a poh\u00e1dkov\u00e9ho podzem\u00ed<\/strong><\/li>\n<\/ul>\n<p><strong>\u010cerven 2026<\/strong><\/p>\n<ul>\n<li>pond\u011bl\u00ed 1.6.2026\u00a0 &#8211;\u00a0<strong>Den d\u011bt\u00ed ve \u0161kolce<\/strong>\u00a0&#8211; sout\u011b\u017ee, tanec, zmrzlina<\/li>\n<li>\u010dtvrtek 11.6.2026<strong> &#8211; Sportovn\u00ed hry v Milevsku &#8211; star\u0161\u00ed d\u011bti (svoz zaji\u0161t\u011bn)<\/strong><\/li>\n<li>p\u00e1tek 12.6 2026<strong>\u00a0&#8211; Zahradn\u00ed slavnost<\/strong>\u00a0spojen\u00e1 s rozlou\u010den\u00edm s p\u0159ed\u0161kol\u00e1ky<\/li>\n<li>p\u00e1tek 12.6.2026<strong>\u00a0&#8211; Letn\u00ed nocov\u00e1n\u00ed ve \u0161kolce (z p\u00e1tku do soboty)<\/strong><\/li>\n<li><strong>\u2026\u2026\u2026\u2026\u2026\u2026\u2026\u2026. Muzeum Mlyn\u00e1\u0159stv\u00ed a peka\u0159stv\u00ed v Bo\u017eetic\u00edch<\/strong><\/li>\n<li><strong>\u2026\u2026\u2026\u2026\u2026\u2026\u2026\u2026. V\u00edt\u00e1n\u00ed pr\u00e1zdnin &#8211; ,,Den d\u011btsk\u00fdch p\u0159\u00e1n\u00ed&#8220; &#8211; p\u0159evleky, disco<\/strong><\/li>\n<\/ul>\n<h2 style=\"text-align: center;\">Co se u\u017e v leto\u0161n\u00edm roce uskute\u010dnilo &#8230;<\/h2>\n<h3 style=\"text-align: center;\">Z\u00e1\u0159\u00ed 2025<\/h3>\n<ul>\n<li>\u00a0\u010dtvrtek 4.9.2025- 16:30<strong> &#8211; Informa\u010dn\u00ed sch\u016fzka pro rodi\u010de d\u011bt\u00ed<\/strong><\/li>\n<li>\u010dtvrtek 18.9.2025<strong> &#8211; Plaveck\u00fd kurz pro p\u0159ed\u0161koln\u00ed d\u011bti<\/strong><\/li>\n<li>p\u00e1tek 19.9.2025 &#8211; ,<strong>,T\u0159i pras\u00e1tka&#8220;<\/strong> &#8211; ma\u0148\u00e1skov\u00e9 divadlo<\/li>\n<li>\u00fater\u00fd 23.9.2025 &#8211; <strong>Projekt ,,Lesn\u00ed zv\u00ed\u0159ata a p\u00e9\u010de o n\u011b&#8220;<\/strong>\u00a0&#8211; z\u00e1\u017eitkov\u00fd program v les\u00edku u na\u0161eho krmelce<\/li>\n<li>\u010dtvrtek 25.9.2025 <strong>&#8211; Plaveck\u00fd kurz pro p\u0159ed\u0161koln\u00ed d\u011bti<\/strong><\/li>\n<li>dopoledne &#8211; P<strong>odzimn\u00ed pe\u010den\u00ed bu\u0159t\u016f na \u0161koln\u00ed zahrad\u011b<\/strong><\/li>\n<li>\u00a0p\u00e1tek 26.9.2025<strong>&#8211; Sva<\/strong><strong>tov\u00e1clavsk\u00e1 slavnost &#8211; <\/strong>dopoledne pln\u00e9 kr\u00e1l\u016f a kr\u00e1loven<\/li>\n<li><\/li>\n<\/ul>\n<p style=\"text-align: center;\"><strong>\u0158\u00cdJEN 2025<\/strong><\/p>\n<ul>\n<li>\u010dtvrtek 2.10.2025<strong> &#8211; Plaveck\u00fd kurz pro p\u0159ed\u0161koln\u00ed d\u011bti<\/strong><\/li>\n<li>\u010dtvrtek 9.10.2025<strong> &#8211; Plaveck\u00fd kurz pro p\u0159ed\u0161koln\u00ed d\u011bti<\/strong><\/li>\n<li>pond\u011bl\u00ed 13.10.2025 &#8211;<strong> V\u00e1no\u010dn\u00ed fotografov\u00e1n\u00ed d\u011bt\u00ed a jejich sourozenc\u016f<\/strong><\/li>\n<li><strong>\u00a0,,Jabl\u00ed\u010dkov\u00e1n\u00ed&#8220;<\/strong> &#8211; dopoledne pln\u00e9 aktivit s jabl\u00ed\u010dky a spole\u010dn\u00e9 pe\u010den\u00ed \u0161tr\u016fdlu<\/li>\n<li>\u010dtvrtek 16.10.2025<strong> &#8211; Plaveck\u00fd kurz pro p\u0159ed\u0161koln\u00ed d\u011bti<\/strong><\/li>\n<li>p\u00e1tek 17.10.2025<strong> &#8211; <\/strong><strong>Havelsk\u00e9 posv\u00edcen\u00ed ve \u0161kolce &#8211;<\/strong>zdoben\u00ed\u00a0posv\u00edcensk\u00e9ho\u00a0cukrov\u00ed -,,Hn\u011bt\u00fdnek&#8220;<\/li>\n<li>\u010dtvrtek 23.10.2025<strong> &#8211; Plaveck\u00fd kurz pro p\u0159ed\u0161koln\u00ed d\u011bti<\/strong><\/li>\n<li>\u010dtvrtek 30.10.2025 &#8211; <strong>P\u0159ed\u0161koln\u00ed zralost a p\u0159ipravenost<\/strong> &#8211; depist\u00e1\u017e z PPP v P\u00edsku<\/li>\n<li>p\u00e1tek 31.10.2025 &#8211;<strong> ,,Mal\u00ed \u010dten\u00e1\u0159i<\/strong> &#8211; n\u00e1v\u0161t\u011bva z knihovny v Milevsku<\/li>\n<li>p\u00e1tek 31.10.2025<strong>\u00a0&#8211;<\/strong>\u00a0H<strong>alloween ve \u0161kolce<\/strong> &#8211; dopoledne v kost\u00fdmech bub\u00e1k\u016f, \u010darod\u011bj\u016f, duch\u016f a d\u00fdn\u00ed (masky v\u00edt\u00e1ny)<\/li>\n<\/ul>\n<p style=\"text-align: center;\"><strong>LI<\/strong><strong>STOPAD 2025<\/strong><\/p>\n<ul>\n<li>\u010dtvrtek 6.11.2025 <strong>&#8211; Plaveck\u00fd kurz pro p\u0159ed\u0161koln\u00ed d\u011bti<\/strong><\/li>\n<li>\u010dtvrtek 6.11.2025 &#8211;\u00a0<strong>P\u0159ed\u0161kol\u00e1\u010dek v M\u0160 Bo\u017eetice<\/strong> &#8211; setk\u00e1n\u00ed s pan\u00ed u\u010ditelkou ze Z\u0160 Sepekov<\/li>\n<li>\u00fater\u00fd 11.11.2025<strong>\u00a0&#8211; Svatomartinsk\u00e1 slavnost &#8211; pe\u010den\u00ed martinsk\u00fdch rohl\u00edk\u016f<\/strong><\/li>\n<li>st\u0159eda 12.11.2025 &#8211;\u00a0<strong>P\u0159ed\u0161kol\u00e1\u010dek v Z\u0160 Sepekov<\/strong><\/li>\n<li>\u010dtvrtek 13.11.2025 <strong>&#8211; Plaveck\u00fd kurz pro p\u0159ed\u0161koln\u00ed d\u011bti<\/strong><\/li>\n<li>\u00fater\u00fd 18.11.2025 &#8211; <strong>ma\u0148\u00e1skov\u00e9 divadlo ,,Sk\u0159\u00edtek T\u0159ebo\u0148sk\u00fd&#8220;<\/strong><\/li>\n<li>\u010dtvrtek 20.11.2025<strong> &#8211; Plaveck\u00fd kurz pro p\u0159ed\u0161koln\u00ed d\u011bti<\/strong><\/li>\n<li>\u010dtvrtek 27.11.2025<strong> &#8211; Plaveck\u00fd kurz pro p\u0159ed\u0161koln\u00ed d\u011bti &#8211; z\u00e1v\u011bre\u010dn\u00e1 lekce<\/strong><\/li>\n<li>sobota 29.11.2025 &#8211; <strong>V\u00e1no\u010dn\u00ed vystoupen\u00ed d\u011bt\u00ed v kulturn\u00edm dom\u011b v Bo\u017eetic\u00edch &#8211; sraz ve 13:45<\/strong><\/li>\n<li>ned\u011ble 30.11.2025 <strong>&#8211; Rozsv\u011bcen\u00ed v\u00e1no\u010dn\u00edho strome\u010dku<\/strong> spojen\u00e9 s vystoupen\u00edm d\u011bt\u00ed a jarmarkem &#8211; sraz v 15:45<\/li>\n<\/ul>\n<p>&nbsp;<\/p>\n<p style=\"text-align: center;\"><strong>PROSINEC 2025<\/strong><\/p>\n<ul>\n<li>st\u0159eda 3.12.2025<strong>\u00a0&#8211; Mikul\u00e1\u0161sk\u00e1 nad\u00edlka ve \u0161kolce<\/strong><\/li>\n<li>pond\u011bl\u00ed 15.12.2025- p\u00e1tek 19.12.2025 <strong>&#8211; V\u00e1noce ve \u0161kolce <\/strong>(v\u00e1no\u010dn\u00ed tradice, stavba Betl\u00e9mu, v\u00e1no\u010dn\u00ed ob\u010derstven\u00ed atd.)i<\/li>\n<li>st\u0159eda 17.12.2025 <strong>\u00a0&#8211;\u00a0<\/strong><strong>V\u00e1no\u010dn\u00ed strome\u010dek pro lesn\u00ed zv\u00ed\u0159\u00e1tka<\/strong> &#8211; vych\u00e1zka do lesa<\/li>\n<li>\u010dtvrtek 18.12.2025<strong>\u00a0&#8211; V\u00e1no\u010dn\u00ed nad\u00edlka ve \u0161kolce spojen\u00e1 s hostinou<\/strong><\/li>\n<li>p\u00e1tek 19.12.2025 &#8211; <strong>V\u00e1no\u010dn\u00ed obch\u016fzka vesnice spojen\u00e1 se zp\u00edv\u00e1n\u00edm koled<\/strong><\/li>\n<li>pond\u011bl\u00ed 22.12. 2025 &#8211; p\u00e1tek 2.1. 2026 &#8211; V<strong>\u00e1no\u010dn\u00ed pr\u00e1zdniny &#8211; \u0161kolka uzav\u0159ena<\/strong><\/li>\n<\/ul>\n<p>&nbsp;<\/p>\n<p style=\"text-align: center;\"><strong>Leden 2026<\/strong><\/p>\n<ul>\n<li>\u00fater\u00fd 6.1.2026 &#8211; <strong>T\u0159i kr\u00e1lov\u00e9<\/strong> &#8211; oslava sv\u00e1tku<\/li>\n<li><strong>Hrav\u00e9 ly\u017eov\u00e1n\u00ed<\/strong> &#8211; kurz ly\u017eov\u00e1n\u00ed pro d\u011bti od 4 let<\/li>\n<li><strong>,,\u0160koli\u010dka<\/strong> <strong>bruslen\u00ed&#8220;<\/strong> &#8211; 5 lekc\u00ed na zimn\u00edm stadionu v Milevsku<\/li>\n<\/ul>\n<p>&nbsp;<\/p>\n<p><strong>\u00danor 2026<\/strong><\/p>\n<ul>\n<li>p\u00e1tek 13.2.2026 &#8211; oslava sv\u00e1tku\u00a0<strong>,, Svat\u00e9ho Valent\u00fdna&#8220;<\/strong>\u00a0&#8211; n\u00e1\u0161 svatebn\u00ed den ve \u0161kolce<\/li>\n<li>sobota 21.2.2026 &#8211;\u00a0<strong>Karneval v kulturn\u00edm dom\u011b v Bo\u017eetic\u00edch<\/strong><\/li>\n<\/ul>\n<p>&nbsp;<\/p>\n","protected":false},"excerpt":{"rendered":"<p>Pl\u00e1novan\u00e9 akce ve \u0161kolce &nbsp; B\u0159ezen 2026 st\u0159eda 4.3.2026 &#8211;\u00a0Celodenn\u00ed v\u00fdlet do P\u00edsku &#8211; Sladovna\u00a0&#8211; galerie hrou p\u00e1tek 6.3.2026 &#8211; Karneval ve \u0161kolce &#8211;\u00a0dopoledne pln\u00e9 masek, tance a sout\u011b\u017e\u00ed 9.3. &#8211; 13.3.2026 &#8211;\u00a0Jarn\u00ed pr\u00e1zdniny\u00a0&#8211; \u0161kolka uzav\u0159ena (\u0161kolka otev\u0159ena v pond\u011bl\u00ed 16.3.2026) st\u0159eda 18.3.2026 &#8211;\u00a0\u00a0Z\u00e1pis do Mate\u0159sk\u00e9 \u0161koly Bo\u017eetice \u010dtvrtek 19.3.2026 &#8211;\u00a0V\u00edt\u00e1n\u00ed jara &#8211; vyn\u00e1\u0161en\u00ed Zimy &hellip; <a href=\"http:\/\/bozetice.cz\/ms\/index.php\/domu\/akce-ve-skolce\/\" class=\"more-link\">Pokra\u010dov\u00e1n\u00ed textu <span class=\"screen-reader-text\">Akce ve \u0161kolce<\/span><\/a><\/p>\n","protected":false},"author":2,"featured_media":0,"parent":8,"menu_order":0,"comment_status":"closed","ping_status":"closed","template":"","meta":{"footnotes":""},"class_list":["post-203","page","type-page","status-publish","hentry"],"_links":{"self":[{"href":"http:\/\/bozetice.cz\/ms\/index.php\/wp-json\/wp\/v2\/pages\/203","targetHints":{"allow":["GET"]}}],"collection":[{"href":"http:\/\/bozetice.cz\/ms\/index.php\/wp-json\/wp\/v2\/pages"}],"about":[{"href":"http:\/\/bozetice.cz\/ms\/index.php\/wp-json\/wp\/v2\/types\/page"}],"author":[{"embeddable":true,"href":"http:\/\/bozetice.cz\/ms\/index.php\/wp-json\/wp\/v2\/users\/2"}],"replies":[{"embeddable":true,"href":"http:\/\/bozetice.cz\/ms\/index.php\/wp-json\/wp\/v2\/comments?post=203"}],"version-history":[{"count":303,"href":"http:\/\/bozetice.cz\/ms\/index.php\/wp-json\/wp\/v2\/pages\/203\/revisions"}],"predecessor-version":[{"id":1369,"href":"http:\/\/bozetice.cz\/ms\/index.php\/wp-json\/wp\/v2\/pages\/203\/revisions\/1369"}],"up":[{"embeddable":true,"href":"http:\/\/bozetice.cz\/ms\/index.php\/wp-json\/wp\/v2\/pages\/8"}],"wp:attachment":[{"href":"http:\/\/bozetice.cz\/ms\/index.php\/wp-json\/wp\/v2\/media?parent=203"}],"curies":[{"name":"wp","href":"https:\/\/api.w.org\/{rel}","templated":true}]}}