{"id":194,"date":"2018-09-14T12:36:02","date_gmt":"2018-09-14T10:36:02","guid":{"rendered":"http:\/\/bozetice.cz\/ms\/?page_id=194"},"modified":"2024-06-07T11:16:49","modified_gmt":"2024-06-07T09:16:49","slug":"projekty-2","status":"publish","type":"page","link":"http:\/\/bozetice.cz\/ms\/index.php\/o-nas\/projekty-2\/","title":{"rendered":"Projekty"},"content":{"rendered":"<h1 id=\"wnd_TextBlock_21796_inner_0\" style=\"text-align: center;\" data-wnd_is_separable=\"1\" data-wnd_separable_index=\"0\" data-wnd_separable_id=\"wnd_TextBlock_21796\"><span style=\"color: #ffcc00;\">Projekty, <\/span><span style=\"color: #ffcc00;\">do kter\u00fdch se s d\u011btmi zapojujeme:<\/span><\/h1>\n<p>&nbsp;<\/p>\n<div class=\"uk-section-default uk-section\">\n<div class=\"uk-container\">\n<div class=\"tm-grid-expand uk-grid-margin uk-grid\">\n<div class=\"uk-width-1-2@m\">\n<h2 class=\"uk-h3\">Projekt: Hl\u00e1skov\u00e1n\u00ed s Lip\u00e1nkem<\/h2>\n<div class=\"uk-panel uk-text-lead uk-margin\">\n<p>Hl\u00e1skov\u00e1n\u00ed s Lip\u00e1nkem nab\u00edz\u00ed \u00a0n\u00e1zornou\u00a0pomoc rodi\u010d\u016fm, jak d\u011bti u\u010dit p\u0159irozen\u011b vyslovovat hl\u00e1sky, tvo\u0159it slova a v\u011bty.<\/p>\n<p>Spr\u00e1vn\u00e1 v\u00fdslovnost je z\u00e1klad komunikace s okol\u00edm a podstatn\u00e1 v budouc\u00edm \u017eivot\u011b na\u0161ich d\u011bt\u00ed. A proto\u017ee v\u00edme, \u017ee to nen\u00ed lhostejn\u00e9 v\u00e1m, rodi\u010d\u016fm, nen\u00ed to lhostejn\u00e9 ani Lip\u00e1nkovi, kter\u00fd je tu zejm\u00e9na pro d\u011bti.<\/p>\n<p>Projektem Hl\u00e1skov\u00e1n\u00ed s Lip\u00e1nkem podporujeme tak\u00e9 \u0161kolky a \u0161koly s logopedick\u00fdmi t\u0159\u00eddami. Jsme si v\u011bdomi, \u017ee pen\u011bz na po\u0159\u00edzen\u00ed logopedick\u00fdch pom\u016fcek nen\u00ed st\u00e1le dostatek.<\/p>\n<p><strong>Proto v\u011bnujeme \u0161kolk\u00e1m logopedick\u00e9 pom\u016fcky, kter\u00e9 u\u010ditel\u016fm v\u00fduku logopedie usnadn\u00ed a d\u011bti s\u00a0nimi budou r\u00e1dy v\u00fdslovnost tr\u00e9novat.<\/strong><\/p>\n<p><strong>M\u0160 Bo\u017eetice &#8211; Dar v hodnot\u011b 9 548,-K\u010d, moc a moc d\u011bkujeme!<\/strong><\/p>\n<\/div>\n<\/div>\n<\/div>\n<\/div>\n<\/div>\n<div class=\"uk-section-muted uk-section\">\n<div class=\"uk-container\">\n<div class=\"tm-grid-expand uk-child-width-1-1 uk-grid-margin uk-grid uk-grid-stack\">\n<div class=\"uk-width-1-1@m uk-first-column\">\n<div class=\"uk-panel uk-text-lead uk-margin\">\n<p>Na na\u0161em webu si m\u016f\u017eete po\u0159\u00eddit n\u011bkolik z\u00e1bavn\u00fdch her, kter\u00e9 podporuj\u00ed spr\u00e1vnou v\u00fdslovnost a rozvoj \u0159e\u010di. Vedle tr\u00e9ninku v\u00fdslovnosti, kter\u00e9 uvid\u00edte v na\u0161ich video tutori\u00e1lech, tak m\u016f\u017eete rozv\u00edjet \u0159e\u010d sv\u00e9ho d\u00edt\u011bte i za pomoc\u00ed t\u011bchto her.Projekt chce pomoci rodi\u010d\u016fm a roz\u0161\u00ed\u0159it jejich znalosti o v\u00fdvoji jednotliv\u00fdch hl\u00e1sek. Ned\u00e1v\u00e1 si za c\u00edl nahrazovat p\u00e9\u010di odborn\u00edk\u016f, klinick\u00fdch nebo \u0161kolsk\u00fdch logoped\u016f.<\/p>\n<h2 id=\"wnd_TextBlock_21796_inner_7\" data-wnd_is_separable=\"1\" data-wnd_separable_index=\"7\" data-wnd_separable_id=\"wnd_TextBlock_21796\"><b>LOGOPEDICK\u00c9 HR\u00c1TKY\u00a0<\/b><\/h2>\n<p data-wnd_is_separable=\"1\" data-wnd_separable_index=\"7\" data-wnd_separable_id=\"wnd_TextBlock_21796\"><b>L<\/b>ogopedick\u00e1 prevence u n\u00e1s prob\u00edh\u00e1 soustavn\u011b a odr\u00e1\u017e\u00ed se ve v\u0161ech \u010dinnostech dne. pan\u00ed u\u010ditelky jsou v t\u00e9to oblasti \u00a0c\u00edlen\u011b vzd\u011bl\u00e1v\u00e1ny, ob\u011b maj\u00ed osv\u011bd\u010den\u00ed pro realizaci \u00a0 ,,Prim\u00e1rn\u00ed logopedick\u00e1 prevence&#8220; u d\u011bt\u00ed.<\/p>\n<\/div>\n<\/div>\n<\/div>\n<\/div>\n<\/div>\n<h3><b>Pod\u011bkov\u00e1n\u00ed: MAS St\u0159edn\u00ed Povltav\u00ed<\/b><\/h3>\n<p>Zakoupen\u00ed dvou \u0161koln\u00edch tablet\u016f Lenovo pro p\u0159\u00edpravu p\u0159ed\u0161kol\u00e1k\u016f v na\u0161\u00ed M\u0160\u00a0 ,,Akce se uskute\u010dnila d\u00edky podpo\u0159e z projektu MAP ORP Milevsko II, jeho\u017e realiz\u00e1torem je MAS St\u0159edn\u00ed Povltav\u00ed.&#8220;<\/p>\n<h2 id=\"wnd_TextBlock_21796_inner_1\" data-wnd_is_separable=\"1\" data-wnd_separable_index=\"1\" data-wnd_separable_id=\"wnd_TextBlock_21796\"><b>MRKVI\u010cKA<\/b><\/h2>\n<p data-wnd_is_separable=\"1\" data-wnd_separable_index=\"1\" data-wnd_separable_id=\"wnd_TextBlock_21796\">S\u00ed\u0165 Mrkvi\u010dka vznikla v roce 2007. Na celost\u00e1tn\u00ed \u00farovni ji administruje Sdru\u017een\u00ed st\u0159edisek ekologick\u00e9 v\u00fdchovy Pavu\u010dina (d\u00e1le jen SSEV Pavu\u010dina), na \u00farovni kraj\u016f jednotliv\u00e1 krajsk\u00e1 st\u0159ediska ekologick\u00e9 v\u00fdchovy, tzv. kraj\u0161t\u00ed koordin\u00e1to\u0159i. Slu\u017eeb s\u00edt\u011b ka\u017edoro\u010dn\u011b vyu\u017e\u00edv\u00e1 cca 700 mate\u0159sk\u00fdch \u0161kol z cel\u00e9 \u010cR, kter\u00e9 projevily z\u00e1jem o problematiku environment\u00e1ln\u00ed v\u00fdchovy.\u00a0\u00a0V\u00edce informac\u00ed na str\u00e1nk\u00e1ch: http:\/\/www.pavucina-sev.cz\/<\/p>\n<h2 id=\"wnd_TextBlock_21796_inner_2\" class=\"wnd-align-justify\" data-wnd_is_separable=\"1\" data-wnd_separable_index=\"2\" data-wnd_separable_id=\"wnd_TextBlock_21796\"><b>CEL\u00c9 \u010cESKO \u010cTE D\u011aTEM<\/b><\/h2>\n<p class=\"wnd-align-justify\" data-wnd_is_separable=\"1\" data-wnd_separable_index=\"2\" data-wnd_separable_id=\"wnd_TextBlock_21796\">Do tohoto projektu se \u0161kolka zapojila v roce 2016. Ka\u017edodenn\u00edm \u010dten\u00edm d\u011btsk\u00fdch knih se pod\u00edl\u00edme na rozv\u00edjen\u00ed p\u0159edstavivosti, soust\u0159ed\u011bn\u00ed, rozvoji slovn\u00ed z\u00e1soby, psychick\u00e9m rozvoji d\u00edt\u011bte a dobr\u00e9 n\u00e1lad\u011b. Jakou knihu pr\u00e1v\u011b d\u011btem p\u0159ed odpo\u010dinkem \u010dteme se dozv\u00edte na odkazu &#8211; aktuality. M\u016f\u017eete si dan\u00e9 knize a p\u0159e\u010dten\u00e9 kapitole s d\u011btmi doma pov\u00eddat. V\u00edce o tomto projektu naleznete na: www.celeceskoctedetem.cz<\/p>\n<h2 id=\"wnd_TextBlock_21796_inner_4\" class=\"wnd-align-justify\" data-wnd_is_separable=\"1\" data-wnd_separable_index=\"4\" data-wnd_separable_id=\"wnd_TextBlock_21796\"><b>SV\u011aT NEKON\u010c\u00cd ZA VR\u00c1TKY, CVI\u010c\u00cdME SE ZV\u00cd\u0158\u00c1TKY &#8211; \u010cesk\u00e1 obec sokolsk\u00e1<\/b><\/h2>\n<p class=\"wnd-align-justify\" data-wnd_is_separable=\"1\" data-wnd_separable_index=\"4\" data-wnd_separable_id=\"wnd_TextBlock_21796\"><b>\u00a0C<\/b>eloro\u010dn\u00ed projekt si klade za c\u00edl vzbudit v d\u011btech z\u00e1jem o aktivn\u00ed sportov\u00e1n\u00ed, vede je k t\u00fdmov\u00e9 spolupr\u00e1ci a p\u0159in\u00e1\u0161\u00ed radost z pln\u011bn\u00ed \u00fakol\u016f jak individu\u00e1ln\u00edch, tak skupinov\u00fdch. V r\u00e1mci projektu nen\u00ed na\u0161\u00edm z\u00e1m\u011brem, aby d\u011bti vz\u00e1jemn\u011b soupe\u0159ili, nechceme vytv\u00e1\u0159et stresuj\u00edc\u00ed situace pro m\u00e9n\u011b zdatn\u00e9 d\u011bti. Naopak se zam\u011b\u0159ujeme na respektov\u00e1n\u00ed a rozvoj individu\u00e1ln\u00edch p\u0159edpoklad\u016f, kter\u00e9 jsou ve sv\u00e9m d\u016fsledku p\u0159\u00ednosem pro celou skupinu. R\u00e1di bychom, aby pln\u011bn\u00ed jednotliv\u00fdch \u00fakol\u016f p\u0159in\u00e1\u0161elo d\u011btem pot\u011b\u0161en\u00ed a radost z pohybu, nau\u010dilo je p\u0159ekon\u00e1vat p\u0159ek\u00e1\u017eky a rozv\u00edjelo jejich samostatnost p\u0159i dal\u0161\u00edm zdokonalov\u00e1n\u00ed pohybov\u00fdch dovednost\u00ed.\u00a0Na\u0161\u00edm c\u00edlem je zapojen\u00ed co nejv\u00edce d\u011bt\u00ed do pohybov\u00fdch a rozumov\u00fdch aktivit a p\u0159i pln\u011bn\u00ed \u00fakol\u016f uk\u00e1zat pohyb jako p\u0159irozenou sou\u010d\u00e1st \u017eivota. Za v\u00fdznamnou motivaci tak\u00e9 pova\u017eujeme podporu k pohybov\u00fdm aktivit\u00e1m ze strany rodi\u010d\u016f.<\/p>\n<h2 id=\"wnd_TextBlock_21796_inner_5\" data-wnd_is_separable=\"1\" data-wnd_separable_index=\"5\" data-wnd_separable_id=\"wnd_TextBlock_21796\"><b>SV\u00c1TKY A TRADICE\u00a0<\/b><\/h2>\n<p data-wnd_is_separable=\"1\" data-wnd_separable_index=\"5\" data-wnd_separable_id=\"wnd_TextBlock_21796\"><b>\u00a0<\/b>\u00a0Tento projekt co nejv\u00edce rozv\u00edj\u00ed emocion\u00e1ln\u00ed pro\u017e\u00edv\u00e1n\u00ed d\u011bt\u00ed a navozuje u\u00a0<span class=\"wnd-font-size-110\">\u00a0 nich du\u0161evn\u00ed pohodu. D\u011bti se prost\u0159ednictv\u00edm jednotliv\u00fdch t\u00e9mat seznamuj\u00ed s lidov\u00fdmi tradicemi, zvyky a oby\u010deji, kter\u00e9 n\u00e1s prov\u00e1z\u00ed v pr\u016fb\u011bhu cel\u00e9ho roku. P\u0159irozen\u011b pozn\u00e1vaj\u00ed, jak lid\u00e9 d\u0159\u00edve \u017eili, \u010d\u00edm se bavili, co jedli. D\u011bti pro\u017e\u00edvaj\u00ed intenzivn\u011b nap\u0159. nejkr\u00e1sn\u011bj\u0161\u00ed sv\u00e1tky roku &#8211; V\u00e1noce, kdy v nich je p\u0159irozen\u011b p\u011bstov\u00e1na radost z obdarov\u00e1v\u00e1n\u00ed druh\u00fdch a kdy vn\u00edmaj\u00ed, \u017ee V\u00e1noce jsou sv\u00e1tky setk\u00e1v\u00e1n\u00ed, posilov\u00e1n\u00ed vz\u00e1jemn\u00fdch vztah\u016f, rodinn\u00fdch vazeb, pomoci a porozum\u011bn\u00ed druh\u00fdm.<\/span><\/p>\n<h2 id=\"wnd_TextBlock_21796_inner_6\" data-wnd_is_separable=\"1\" data-wnd_separable_index=\"6\" data-wnd_separable_id=\"wnd_TextBlock_21796\"><b>NEJKR\u00c1SN\u00c9J\u0160\u00cd POH\u00c1DKY<\/b><\/h2>\n<p data-wnd_is_separable=\"1\" data-wnd_separable_index=\"6\" data-wnd_separable_id=\"wnd_TextBlock_21796\">D\u011bti po cel\u00fd rok pozn\u00e1vaj\u00ed nekone\u010dn\u00fd sv\u011bt poh\u00e1dek, ve kter\u00fdch dobro v\u00edt\u011bz\u00ed nad zlem a tyto mor\u00e1ln\u00ed hodnoty si odn\u00e1\u0161\u00ed i do ka\u017edodenn\u00edho \u017eivota. Poh\u00e1dkov\u00e9 knihy se pro d\u011bti st\u00e1vaj\u00ed p\u0159\u00edjemn\u00fdm a nepostradateln\u00fdm spole\u010dn\u00edkem, jen\u017e jim umo\u017e\u0148uje ocitnout se prost\u0159ednictv\u00edm vlastn\u00ed fantazie v poh\u00e1dkov\u00e9m sv\u011bt\u011b a splnit si tak i sv\u00e9 sny a p\u0159\u00e1n\u00ed. Vypr\u00e1v\u011bn\u00ed klasick\u00fdch poh\u00e1dek je pro n\u011b odpo\u010dinkem a relaxac\u00ed. \u00a0Ke ztv\u00e1rn\u011bn\u00ed poh\u00e1dek vyu\u017e\u00edvaj\u00ed n\u00e1st\u011bnn\u00e9 didaktick\u00e9 pom\u016fcky t\u00fdkaj\u00edc\u00ed se poh\u00e1dek, ale i poh\u00e1dkov\u00e9 p\u0159evleky, ma\u0148\u00e1sky a loutky. \u00a0D\u011bti si tak uv\u011bdomuj\u00ed, \u017ee sv\u00fdm chov\u00e1n\u00edm mohou navodit pozitivn\u00ed atmosf\u00e9ru ve sv\u00e9m okol\u00ed.\u00a0Pozn\u00e1vaj\u00ed, \u017ee mohou ud\u011blat i jin\u00e9 lidi \u0161\u0165astn\u00fdmi t\u00edm, \u017ee jim zazp\u00edvaj\u00ed nebo zahraj\u00ed poh\u00e1dku.<\/p>\n<h2 id=\"wnd_TextBlock_21796_inner_10\" data-wnd_is_separable=\"1\" data-wnd_separable_index=\"10\" data-wnd_separable_id=\"wnd_TextBlock_21796\"><b>POLYTECHNICK\u00c9 HR\u00c1TKY\u00a0<\/b><\/h2>\n<p data-wnd_is_separable=\"1\" data-wnd_separable_index=\"10\" data-wnd_separable_id=\"wnd_TextBlock_21796\"><b>\u00a0T<\/b>\u00e9to oblasti se v na\u0161\u00ed \u0161kolce sna\u017e\u00edme dlouhodob\u011b v\u011bnovat, nebo\u0165 \u00a0ji<span class=\"wnd-font-size-110\">\u00a0pova\u017eujeme za velmi d\u016fle\u017eitou. D\u00edt\u011b se u\u010d\u00ed zach\u00e1zet s b\u011b\u017en\u00fdmi p\u0159edm\u011bty denn\u00ed pot\u0159eby, n\u00e1stroji a materi\u00e1ly. P\u0159i h\u0159e hled\u00e1 r\u016fzn\u00e1 \u0159e\u0161en\u00ed a vyu\u017e\u00edv\u00e1 dosavadn\u00ed zku\u0161enosti, fantazii a p\u0159edstavivost. Zvl\u00e1d\u00e1 jemnou a hrubou motoriku, ovl\u00e1d\u00e1 koordinaci ruky a oka.\u00a0<\/span>Zkou\u0161\u00ed, experimentuje a postupuje cestou pokus\u016f a omyl\u016f. Slou\u017e\u00ed n\u00e1m k tomu provizorn\u00ed hrac\u00ed ostr\u016fvky na \u0161koln\u00ed zahrad\u011b, kter\u00e9 je pot\u0159eba roz\u0161\u00ed\u0159it a doplnit bezpe\u010dn\u00fdm vybaven\u00edm. D\u011bti na zahrad\u011b va\u0159\u00ed v opravdov\u00e9m kuchy\u0148sk\u00e9m n\u00e1dob\u00ed, pou\u017e\u00edvaj\u00ed bylinky a jedl\u00e9 ke\u0159e, stav\u00ed r\u016fzn\u00e9 stavby ze d\u0159eva, cihel a hl\u00edny, projektuj\u00ed si silnice a mosty. Na\u0161im\u00a0velk\u00fdm p\u0159\u00e1n\u00edm je vybudovat v suter\u00e9nu \u0161kolky keramickou d\u00edlnu pro d\u011bti a ve\u0159ejnost. D\u00edlna s keramickou pec\u00ed je prostorem k mnoha tvo\u0159iv\u00fdm aktivit\u00e1m. D\u011bti zde vyr\u00e1b\u011bj\u00ed r\u016fzn\u00e9 dekorativn\u00ed p\u0159edm\u011bty, t\u0159\u00edb\u00ed si vkus a cit pro kr\u00e1su. Procvi\u010duj\u00ed si jemnou motoriku rukou, v\u016fli a vytrvalost p\u0159i pr\u00e1ci s nov\u00fdm materi\u00e1lem. Nau\u010d\u00ed se z\u00e1kladn\u00ed techniky zpracov\u00e1n\u00ed a formov\u00e1n\u00ed keramick\u00e9 hmoty a r\u016fzn\u00e9 zp\u016fsoby zdoben\u00ed v\u00fdrobk\u016f. Sv\u00e9 v\u00fdrobky vyr\u00e1b\u011bj\u00ed podle sv\u00e9 fantazie nebo zpracov\u00e1vaj\u00ed ur\u010den\u00e9 t\u00e9ma. \u00a0D\u011bti tak navazuj\u00ed pozitivn\u00ed soci\u00e1ln\u00ed vazby. V\u00fdhodou pr\u00e1ce v keramick\u00e9 d\u00edln\u011b je mo\u017enost prezentace sv\u00e9ho v\u00fdrobku ostatn\u00edm. D\u011bti vytv\u00e1\u0159ej\u00ed hodnoty, uv\u011bdomuj\u00ed si, \u017ee za hmatateln\u00fdm v\u00fdrobkem stoj\u00ed jejich pr\u00e1ce. U\u010d\u00ed se v\u00e1\u017eit si pr\u00e1ce sv\u00e9 i druh\u00fdch. T\u00edmto chceme doc\u00edlit, aby d\u011bti z\u00edsk\u00e1valy vztah k v\u011bcem, aby si uv\u011bdomovaly, \u017ee ka\u017edou v\u011bc musel n\u011bkdo vyrobit, \u017ee i ona m\u00e1 ur\u010ditou hodnotu.<\/p>\n<h2 id=\"wnd_TextBlock_21796_inner_12\" class=\"wnd-align-justify\" data-wnd_is_separable=\"1\" data-wnd_separable_index=\"12\" data-wnd_separable_id=\"wnd_TextBlock_21796\"><strong>Enviroment\u00e1ln\u00ed v\u00fdchova &#8211; EVVO\u00a0<\/strong><\/h2>\n<p class=\"wnd-align-justify\" data-wnd_is_separable=\"1\" data-wnd_separable_index=\"12\" data-wnd_separable_id=\"wnd_TextBlock_21796\"><strong>\u00a0<\/strong>\u00a0 Na\u0161\u00edm p\u0159\u00e1n\u00edm je zalo\u017eit u d\u011bt\u00ed element\u00e1rn\u00ed pov\u011bdom\u00ed o okoln\u00edm sv\u011bt\u011b a jeho d\u011bn\u00ed, vlivu \u010dlov\u011bka na \u017eivotn\u00ed prost\u0159ed\u00ed a vytv\u00e1\u0159en\u00ed z\u00e1klad\u016f pro odpov\u011bdn\u00fd postoj d\u00edt\u011bte k \u017eivotn\u00edmu prost\u0159ed\u00ed. Utv\u00e1\u0159en\u00ed enviroment\u00e1ln\u00edho c\u00edt\u011bn\u00ed v d\u011btech by se m\u011blo objevovat p\u0159i ka\u017edodenn\u00ed pr\u00e1ci s d\u011btmi. Nen\u00ed smyslem d\u00edt\u011bti jen \u0159\u00edkat, co je \u0161patn\u00e9 \u010di dobr\u00e9 nebo vhodn\u00e9 \u010di nevhodn\u00e9. Je d\u016fle\u017eit\u00e9 jej nau\u010dit takov\u00e9mu chov\u00e1n\u00ed v b\u011b\u017en\u00e9m \u017eivot\u011b, aby si uv\u011bdomovalo, \u017ee je sou\u010d\u00e1st\u00ed t\u00e9to planety a \u017ee sv\u00fdm nezodpov\u011bdn\u00fdm jedn\u00e1n\u00edm m\u016f\u017ee p\u0159\u00edrodu a sv\u011bt kolem n\u011bj ni\u010dit a po\u0161kozovat. Sna\u017e\u00edme se, aby d\u00edt\u011b v\u00fdchovn\u00fdm p\u016fsoben\u00edm na n\u011bj um\u011blo vn\u00edmat a oce\u0148ovat z\u00e1zraky p\u0159\u00edrody, uzn\u00e1valo , \u017ee ne v\u0161echno se d\u00e1 koupit za pen\u00edze, \u017ee je dobr\u00e9 citliv\u011b vn\u00edmat pot\u0159eby i jin\u00fdch ne\u017e jen vlastn\u00ed, nemyslelo jen na sv\u016fj prosp\u011bch a pohodl\u00ed a pr\u00e1v\u011b v\u00fdchovou k odpov\u011bdn\u00e9mu jedn\u00e1n\u00ed a chov\u00e1n\u00ed si uv\u011bdomilo, \u017ee ka\u017ed\u00fd v t\u00e9to spole\u010dnosti si nese sv\u016fj d\u00edl odpov\u011bdnosti. P\u0159\u00e1n\u00edm u\u010ditelek v na\u0161\u00ed mate\u0159sk\u00e9 \u0161kolce tak je, aby se d\u00edt\u011b nau\u010dilo utv\u00e1\u0159et si sv\u00e9 vlastn\u00ed postoje a n\u00e1zory na ur\u010dit\u00e9 v\u011bci, aby byla vyv\u00e1\u017eenost a soulad mezi v\u011bdomostmi a pro\u017eitky vedouc\u00ed k l\u00e1sce ke v\u0161emu \u017eiv\u00e9mu.<\/p>\n<h2 id=\"wnd_TextBlock_21796_inner_14\" class=\"wnd-align-justify\" data-wnd_is_separable=\"1\" data-wnd_separable_index=\"14\" data-wnd_separable_id=\"wnd_TextBlock_21796\"><b>ZDRAV\u00c1 P\u011aTKA<\/b><\/h2>\n<p class=\"wnd-align-justify\" data-wnd_is_separable=\"1\" data-wnd_separable_index=\"14\" data-wnd_separable_id=\"wnd_TextBlock_21796\">Je unik\u00e1tn\u00ed celorepublikov\u00fd vzd\u011bl\u00e1vac\u00ed program pro z\u00e1kladn\u00ed i mate\u0159sk\u00e9 \u0161koly. Je zam\u011b\u0159en na\u00a0zdrav\u00fd \u017eivotn\u00ed styl, p\u0159edev\u0161\u00edm v oblasti\u00a0zdrav\u00e9ho stravov\u00e1n\u00ed. Lekto\u0159i Zdrav\u00e9 5 seznamuj\u00ed \u017e\u00e1ky v r\u00e1mci dvouhodinov\u00e9ho bloku\u00a0z\u00e1bavnou\u00a0a\u00a0interaktivn\u00ed\u00a0formou se z\u00e1sadami\u00a0zdrav\u00e9ho stravov\u00e1n\u00ed. C\u00edlem hodiny je motivovat d\u011bti k automatick\u00e9mu p\u0159ijet\u00ed z\u00e1sad zdrav\u00e9 v\u00fd\u017eivy a jejich p\u0159irozen\u00e9 implementaci do \u017eivotn\u00edho stylu.\u00a0<strong>Nada\u010dn\u00ed fond Albert<\/strong>\u00a0poskytuje \u0161kol\u00e1m vzd\u011bl\u00e1vac\u00ed program zdarma a p\u0159ihl\u00e1sit se m\u016f\u017ee ka\u017ed\u00e1 z\u00e1kladn\u00ed \u0161kola prost\u0159ednictv\u00edm registra\u010dn\u00edho formul\u00e1\u0159e.<\/p>\n<h1 id=\"wnd_TextBlock_21796_inner_15\" style=\"text-align: center;\" data-wnd_is_separable=\"1\" data-wnd_separable_index=\"15\" data-wnd_separable_id=\"wnd_TextBlock_21796\"><span style=\"color: #ffcc00;\">\u010ceho se je\u0161t\u011b b\u011bhem<\/span><\/h1>\n<h1 style=\"text-align: center;\" data-wnd_is_separable=\"1\" data-wnd_separable_index=\"15\" data-wnd_separable_id=\"wnd_TextBlock_21796\"><span style=\"color: #ffcc00;\"> roku s d\u011btmi \u00fa\u010dastn\u00edme?<\/span><\/h1>\n<ul id=\"wnd_TextBlock_21796_inner_16\" type=\"disc\" data-wnd_is_separable=\"1\" data-wnd_separable_index=\"16\" data-wnd_separable_id=\"wnd_TextBlock_21796\">\n<li class=\"wnd-align-justify\">spole\u010dn\u00e9 v\u00fdzdoby are\u00e1lu \u0161kolky dle d\u016fle\u017eit\u00fdch sv\u00e1tk\u016f a tradic<\/li>\n<li class=\"wnd-align-justify\">n\u00e1v\u0161t\u011bvy zahradnictv\u00ed pana Pokorn\u00e9ho<\/li>\n<li class=\"wnd-align-justify\">vystoupen\u00ed d\u011bt\u00ed na slavnostn\u00edm rozsv\u011bcov\u00e1n\u00ed strome\u010dku<\/li>\n<li class=\"wnd-align-justify\">V\u00e1no\u010dn\u00ed ve\u0159ejn\u00e9 vystoupen\u00ed v kulturn\u00edm dom\u011b pro m\u00edstn\u00ed seniory<\/li>\n<li class=\"wnd-align-justify\">po\u017e\u00e1d\u00e1n\u00ed V\u00e1no\u010dn\u00edho jarmarku pro rodi\u010de a \u0161irokou ve\u0159ejnost<\/li>\n<li class=\"wnd-align-justify\">pravideln\u00e9 n\u00e1v\u0161t\u011bvy m\u00edstn\u00ed knihovny<\/li>\n<li class=\"wnd-align-justify\">n\u00e1v\u0161t\u011bva are\u00e1lu Zem\u011bd\u011blsk\u00e9ho dru\u017estva<\/li>\n<li class=\"wnd-align-justify\">n\u00e1v\u0161t\u011bva divadeln\u00edho p\u0159edstaven\u00ed v Kulturn\u00edm dom\u011b v Milevsku<\/li>\n<li class=\"wnd-align-justify\">ve\u0159ejn\u00e9 vystoupen\u00ed pro maminky a \u010dlenky \u010cS\u017d<\/li>\n<li class=\"wnd-align-justify\">n\u00e1v\u0161t\u011bva Z\u00e1kladn\u00ed \u0161koly v Sepekov\u011b, kam v\u011bt\u0161ina p\u0159ed\u0161kol\u00e1k\u016f nastoup\u00ed do 1. t\u0159\u00eddy<\/li>\n<li>\u00fa\u010dast na Sportovn\u00edch hr\u00e1ch po\u0159\u00e1dan\u00fdch M\u011bstem Milevsko<\/li>\n<li class=\"wnd-align-justify\">spolupr\u00e1ce s rodi\u010di &#8211; projekt ,,\u0160koln\u00ed zahrada je na\u0161e kr\u00e1lovstv\u00ed&#8220;<\/li>\n<li class=\"wnd-align-justify\">uk\u00e1zka pr\u00e1ce v\u010dela\u0159e<\/li>\n<li class=\"wnd-align-justify\">\u0161koln\u00ed v\u00fdlet na nov\u00e1 m\u00edsta, kter\u00e1 je\u0161t\u011b nezn\u00e1me<\/li>\n<\/ul>\n","protected":false},"excerpt":{"rendered":"<p>Projekty, do kter\u00fdch se s d\u011btmi zapojujeme: &nbsp; Projekt: Hl\u00e1skov\u00e1n\u00ed s Lip\u00e1nkem Hl\u00e1skov\u00e1n\u00ed s Lip\u00e1nkem nab\u00edz\u00ed \u00a0n\u00e1zornou\u00a0pomoc rodi\u010d\u016fm, jak d\u011bti u\u010dit p\u0159irozen\u011b vyslovovat hl\u00e1sky, tvo\u0159it slova a v\u011bty. Spr\u00e1vn\u00e1 v\u00fdslovnost je z\u00e1klad komunikace s okol\u00edm a podstatn\u00e1 v budouc\u00edm \u017eivot\u011b na\u0161ich d\u011bt\u00ed. A proto\u017ee v\u00edme, \u017ee to nen\u00ed lhostejn\u00e9 v\u00e1m, rodi\u010d\u016fm, nen\u00ed to lhostejn\u00e9 ani &hellip; <a href=\"http:\/\/bozetice.cz\/ms\/index.php\/o-nas\/projekty-2\/\" class=\"more-link\">Pokra\u010dov\u00e1n\u00ed textu <span class=\"screen-reader-text\">Projekty<\/span><\/a><\/p>\n","protected":false},"author":2,"featured_media":0,"parent":9,"menu_order":0,"comment_status":"closed","ping_status":"closed","template":"","meta":{"footnotes":""},"class_list":["post-194","page","type-page","status-publish","hentry"],"_links":{"self":[{"href":"http:\/\/bozetice.cz\/ms\/index.php\/wp-json\/wp\/v2\/pages\/194","targetHints":{"allow":["GET"]}}],"collection":[{"href":"http:\/\/bozetice.cz\/ms\/index.php\/wp-json\/wp\/v2\/pages"}],"about":[{"href":"http:\/\/bozetice.cz\/ms\/index.php\/wp-json\/wp\/v2\/types\/page"}],"author":[{"embeddable":true,"href":"http:\/\/bozetice.cz\/ms\/index.php\/wp-json\/wp\/v2\/users\/2"}],"replies":[{"embeddable":true,"href":"http:\/\/bozetice.cz\/ms\/index.php\/wp-json\/wp\/v2\/comments?post=194"}],"version-history":[{"count":9,"href":"http:\/\/bozetice.cz\/ms\/index.php\/wp-json\/wp\/v2\/pages\/194\/revisions"}],"predecessor-version":[{"id":1121,"href":"http:\/\/bozetice.cz\/ms\/index.php\/wp-json\/wp\/v2\/pages\/194\/revisions\/1121"}],"up":[{"embeddable":true,"href":"http:\/\/bozetice.cz\/ms\/index.php\/wp-json\/wp\/v2\/pages\/9"}],"wp:attachment":[{"href":"http:\/\/bozetice.cz\/ms\/index.php\/wp-json\/wp\/v2\/media?parent=194"}],"curies":[{"name":"wp","href":"https:\/\/api.w.org\/{rel}","templated":true}]}}