{"id":191,"date":"2018-09-14T12:22:56","date_gmt":"2018-09-14T10:22:56","guid":{"rendered":"http:\/\/bozetice.cz\/ms\/?page_id=191"},"modified":"2024-06-20T12:50:08","modified_gmt":"2024-06-20T10:50:08","slug":"projekty","status":"publish","type":"page","link":"http:\/\/bozetice.cz\/ms\/index.php\/o-nas\/projekty\/","title":{"rendered":"Opera\u010dn\u00ed program OPVVV"},"content":{"rendered":"<h3 style=\"text-align: center;\"><span style=\"color: #ffcc00;\">Opera\u010dn\u00ed program &#8211; Jan \u00c1mos Komensk\u00fd<\/span><\/h3>\n<p><strong>N\u00e1zev programu:\u00a0 OP JAK 1 &#8211; M\u0160 Bo\u017eetice<\/strong><\/p>\n<p><strong>Projekt: CZ.02.02.03\/00\/22_002\/0004746\u00a0 \u00a0OP JAK I &#8211; M\u0160 Bo\u017eetice<\/strong><\/p>\n<p>\u010c\u00edslo programu : 02<\/p>\n<p>\u010c\u00edslo priority: 02.02<\/p>\n<p>N\u00e1zev priority: Vzd\u011bl\u00e1v\u00e1n\u00ed<\/p>\n<p>\u010c\u00edslo c\u00edle politiky: CP4<\/p>\n<p>N\u00e1zev c\u00edle politiky: Soci\u00e1ln\u00ed Evropa<\/p>\n<p>\u010c\u00edslo specifick\u00e9ho c\u00edle\/opat\u0159en\u00ed-<\/p>\n<p>Form\u00e1t \u0158O:\u00a0\u00a0\u00a0\u00a0\u00a0 02.02.02<\/p>\n<p>\u010c\u00edslo projektu : CZ.02.02.03\/00\/22_002\/0004746<\/p>\n<p>Form\u00e1t EK: Zv\u00fd\u0161it kvalitu, inkluzivitu a \u00fa\u010dinnost syst\u00e9m\u016f vzd\u011bl\u00e1v\u00e1n\u00ed a odborn\u00e9 p\u0159\u00edpravy a jejich relevantnosti pro trh pr\u00e1ce, mimo jin\u00e9 i uzn\u00e1v\u00e1n\u00edm v\u00fdsledk\u016f neform\u00e1ln\u00edho a inform\u00e1ln\u00edho u\u010den\u00ed, s c\u00edlem podpo\u0159it z\u00edsk\u00e1v\u00e1n\u00ed\u00a0 kl\u00ed\u010dov\u00fdch kompetenc\u00ed v\u010detn\u011b podnikatelsk\u00fdch a digit\u00e1ln\u00edch dovednost\u00ed a prosazov\u00e1n\u00edm zav\u00e1d\u011bn\u00ed odborn\u00e9 p\u0159\u00edpravy a u\u010d\u0148ovsk\u00e9 p\u0159\u00edpravy du\u00e1ln\u00edch syst\u00e9m\u016f<\/p>\n<p>Anotace projektu: Projekt je zam\u011b\u0159en na person\u00e1ln\u00ed podporu, soci\u00e1ln\u00ed a profesn\u00ed rozvoj pracovn\u00edk\u016f ve vzd\u011bl\u00e1v\u00e1n\u00ed, spolupr\u00e1ci s rodi\u010di a d\u011btmi<\/p>\n<p>\u0160kola zvolila \u0161ablonu person\u00e1ln\u00ed podpory <strong>\u0161koln\u00edho asistent<\/strong>a.<\/p>\n<p>C\u00edlem je zajistit dostate\u010dnou podporu u ohro\u017een\u00fdch d\u011bt\u00ed \u00a0\u0161koln\u00ed ne\u00fasp\u011b\u0161nost\u00ed.C\u00edlem t\u00e9to aktivity je poskytnout person\u00e1ln\u00ed podporu \u2013 \u0161koln\u00edho asistenta mate\u0159sk\u00fdm \u0161kol\u00e1m. Aktivita umo\u017e\u0148uje vyzkou\u0161et a na ur\u010dit\u00e9 obdob\u00ed poskytnout v\u011bt\u0161\u00ed podporu zejm\u00e9na d\u011btem ohro\u017een\u00fdm \u0161koln\u00edm ne\u00fasp\u011bchem, resp. d\u011btem, u kter\u00fdch je p\u0159edpoklad, \u017ee budou ohro\u017eeny \u0161koln\u00edm ne\u00fasp\u011bchem po jejich n\u00e1stupu do z\u00e1kladn\u00ed \u0161koly.<br \/>\nMate\u0159sk\u00e1 \u0161kola mus\u00ed identifikovat alespo\u0148 t\u0159i d\u011bti ohro\u017een\u00e9 \u0161koln\u00edm ne\u00fasp\u011bchem. P\u0159i identifikaci d\u011bt\u00ed ohro\u017een\u00fdch \u0161koln\u00edm ne\u00fasp\u011bchem v mate\u0159sk\u00e9 \u0161kole je mo\u017en\u00e9 sledovat n\u00e1sleduj\u00edc\u00ed oblasti:<br \/>\n<strong>\u2022 ned\u016fsledn\u00e9 rodi\u010dovsk\u00e9 veden\u00ed;<\/strong><br \/>\n<strong>\u2022 nedostatek mo\u017enost\u00ed pro identifikaci a rozvoj nad\u00e1n\u00ed\/talentu d\u00edt\u011bte;<\/strong><br \/>\n<strong>\u2022 sociokulturn\u011b znev\u00fdhodn\u011bn\u00e9 prost\u0159ed\u00ed.<\/strong><br \/>\nV\u00fdb\u011br d\u011bt\u00ed je zcela v kompetenci \u0159editele \u0161koly. Minim\u00e1ln\u011b t\u0159i d\u011bti ohro\u017een\u00e9 \u0161koln\u00edm ne\u00fasp\u011bchem mus\u00ed b\u00fdt ve \u0161kole identifikov\u00e1ny po celou dobu realizace aktivity. Podm\u00ednka t\u0159\u00ed d\u011bt\u00ed ohro\u017een\u00fdch \u0161koln\u00edm ne\u00fasp\u011bchem plat\u00ed v\u017edy a\u017e do v\u00fd\u0161e \u00favazku 1,0.<br \/>\nPodm\u00ednkou v\u00fdkonu \u010dinnosti \u0161koln\u00edho asistenta je spln\u011bn\u00ed stejn\u00fdch kvalifika\u010dn\u00edch p\u0159edpoklad\u016f, jako je u pozice asistent pedagoga v z\u00e1kon\u011b \u010d. 563\/2004 Sb.<br \/>\nV krajn\u00edch p\u0159\u00edpadech, kdy \u0161kola prokazateln\u011b nem\u016f\u017ee zajistit \u010dinnost pozice kvalifikovanou osobou, je mo\u017en\u00e9 zam\u011bstnat i nekvalifikovan\u00e9ho pracovn\u00edka, podrobn\u00e1 pravidla viz kapitola 5.1<\/p>\n<p>Pokud jsou v M\u0160 p\u0159\u00edtomny dvoulet\u00e9 d\u011bti, m\u016f\u017ee \u0161koln\u00ed asistent vykon\u00e1vat tak\u00e9 \u010dinnosti ch\u016fvy. V takov\u00e9m p\u0159\u00edpad\u011b bude \u0161koln\u00ed asistent pom\u00e1hat pedagogick\u00e9mu pracovn\u00edkovi s p\u00e9\u010d\u00ed o dvoulet\u00e9 d\u011bti, a to zejm\u00e9na v oblasti sebeobsluhy d\u00edt\u011bte, zaji\u0161t\u011bn\u00ed bezpe\u010dnosti a ochrany zdrav\u00ed a individu\u00e1ln\u00edch pot\u0159eb d\u00edt\u011bte.<\/p>\n<p>Asistent v\u00fdznamn\u011b pom\u00e1h\u00e1 jak pedagogovi , tak v b\u011b\u017en\u00fdch \u010dinnostech samotn\u00fdm d\u011btem. Podpora je c\u00edlena i rodin\u00e1m dle jejich pot\u0159eb. Dal\u0161\u00ed v\u00fdb\u011br \u0161ablon byl zac\u00edlen na profesn\u00ed rozvoj pedagog\u016f, spolupr\u00e1ci s rodinou a vz\u00e1jemn\u00e1 sd\u00edlen\u00ed s pedagogy jin\u00fdch \u0161kol za \u00fa\u010delem pos\u00edlen\u00ed pedagogick\u00fdch kompetenc\u00ed a p\u0159ed\u00e1n\u00ed zku\u0161enost\u00ed.<\/p>\n<p>Projekt se rozb\u011bhl 1. z\u00e1\u0159\u00ed 2023- ukon\u010den\u00ed 30.8.2025<\/p>\n","protected":false},"excerpt":{"rendered":"<p>Opera\u010dn\u00ed program &#8211; Jan \u00c1mos Komensk\u00fd N\u00e1zev programu:\u00a0 OP JAK 1 &#8211; M\u0160 Bo\u017eetice Projekt: CZ.02.02.03\/00\/22_002\/0004746\u00a0 \u00a0OP JAK I &#8211; M\u0160 Bo\u017eetice \u010c\u00edslo programu : 02 \u010c\u00edslo priority: 02.02 N\u00e1zev priority: Vzd\u011bl\u00e1v\u00e1n\u00ed \u010c\u00edslo c\u00edle politiky: CP4 N\u00e1zev c\u00edle politiky: Soci\u00e1ln\u00ed Evropa \u010c\u00edslo specifick\u00e9ho c\u00edle\/opat\u0159en\u00ed- Form\u00e1t \u0158O:\u00a0\u00a0\u00a0\u00a0\u00a0 02.02.02 \u010c\u00edslo projektu : CZ.02.02.03\/00\/22_002\/0004746 Form\u00e1t EK: Zv\u00fd\u0161it kvalitu, &hellip; <a href=\"http:\/\/bozetice.cz\/ms\/index.php\/o-nas\/projekty\/\" class=\"more-link\">Pokra\u010dov\u00e1n\u00ed textu <span class=\"screen-reader-text\">Opera\u010dn\u00ed program OPVVV<\/span><\/a><\/p>\n","protected":false},"author":2,"featured_media":0,"parent":9,"menu_order":0,"comment_status":"closed","ping_status":"closed","template":"","meta":{"footnotes":""},"class_list":["post-191","page","type-page","status-publish","hentry"],"_links":{"self":[{"href":"http:\/\/bozetice.cz\/ms\/index.php\/wp-json\/wp\/v2\/pages\/191","targetHints":{"allow":["GET"]}}],"collection":[{"href":"http:\/\/bozetice.cz\/ms\/index.php\/wp-json\/wp\/v2\/pages"}],"about":[{"href":"http:\/\/bozetice.cz\/ms\/index.php\/wp-json\/wp\/v2\/types\/page"}],"author":[{"embeddable":true,"href":"http:\/\/bozetice.cz\/ms\/index.php\/wp-json\/wp\/v2\/users\/2"}],"replies":[{"embeddable":true,"href":"http:\/\/bozetice.cz\/ms\/index.php\/wp-json\/wp\/v2\/comments?post=191"}],"version-history":[{"count":10,"href":"http:\/\/bozetice.cz\/ms\/index.php\/wp-json\/wp\/v2\/pages\/191\/revisions"}],"predecessor-version":[{"id":1128,"href":"http:\/\/bozetice.cz\/ms\/index.php\/wp-json\/wp\/v2\/pages\/191\/revisions\/1128"}],"up":[{"embeddable":true,"href":"http:\/\/bozetice.cz\/ms\/index.php\/wp-json\/wp\/v2\/pages\/9"}],"wp:attachment":[{"href":"http:\/\/bozetice.cz\/ms\/index.php\/wp-json\/wp\/v2\/media?parent=191"}],"curies":[{"name":"wp","href":"https:\/\/api.w.org\/{rel}","templated":true}]}}