{"id":180,"date":"2018-09-14T10:00:28","date_gmt":"2018-09-14T08:00:28","guid":{"rendered":"http:\/\/bozetice.cz\/ms\/?page_id=180"},"modified":"2022-05-12T16:46:46","modified_gmt":"2022-05-12T14:46:46","slug":"rikanky-v-ms","status":"publish","type":"page","link":"http:\/\/bozetice.cz\/ms\/index.php\/domu\/rikanky-v-ms\/","title":{"rendered":"\u0158\u00edkanky a p\u00edsni\u010dky"},"content":{"rendered":"<h2 id=\"wnd_TextBlock_66471_inner_4\" data-wnd_is_separable=\"1\" data-wnd_separable_index=\"4\" data-wnd_separable_id=\"wnd_TextBlock_66471\">Podzim<\/h2>\n<ul id=\"wnd_TextBlock_66471_inner_5\" data-wnd_is_separable=\"1\" data-wnd_separable_index=\"5\" data-wnd_separable_id=\"wnd_TextBlock_66471\">\n<li>Dobr\u00fd den, dobr\u00fd den, dneska m\u00e1me kr\u00e1sn\u00fd den. Ruce m\u00e1me na tlesk\u00e1n\u00ed, nohy m\u00e1me na dup\u00e1n\u00ed, dobr\u00fd den, dobr\u00fd den, dneska zlobit nebudem.<\/li>\n<li>A\u0165 jsi holka nebo kluk, ud\u011blej si s n\u00e1mi kruh. Budeme se spolu sm\u00e1t, zp\u00edvat, cvi\u010dit, tancovat.<\/li>\n<li>\u0160el medv\u00eddek do \u0161kolky, vzal si s sebou ba\u010dkorky a \u010derven\u00e9 jabl\u00ed\u010dko, nashledanou mati\u010dko.<\/li>\n<li>Kdy\u017e se ko\u010dka s druhou sejde, na pozdrav hned zam\u0148ouk\u00e1. Pejsek zase p\u00e1rkr\u00e1t \u0161t\u011bkne, medv\u011bd brum, brum zabrouk\u00e1. J\u00e1 to tak\u00e9 takhle d\u011bl\u00e1m, i kdy\u017e trochu jinak jen, d\u011btem \u0159eknu ahoj, ahoj a t\u011bm velk\u00fdm dobr\u00fd den.<\/li>\n<li>Ne\u017e k n\u00e1m dve\u0159e otev\u0159e\u0161, ur\u010dit\u011b si vzpomene\u0161, \u017ee slu\u0161n\u00e9 je v\u017edy pozdravit, usm\u00e1t se a d\u00e1l vej\u00edt.<\/li>\n<li>Koulela se ze dvora, velik\u00e1nsk\u00e1 brambora. Nevid\u011bla, nesly\u0161ela, spadla na ni z\u00e1vora. Kam kouk\u00e1\u0161 ty, z\u00e1voro, na tebe ty bramboro. Kdyby tudy projel vlak, byl by z tebe brambor\u00e1k.<\/li>\n<li>N\u00e1\u0161 t\u00e1ta \u0161el na houby, jestli on tam zabloud\u00ed, nezabloud\u00ed, t\u011b\u0161te se, on n\u00e1m houby p\u0159inese.<\/li>\n<li>V \u010dern\u00e9m lese zvan\u00e9m H\u016frka, \u010derven\u00e1 se muchom\u016frka. \u010cerven\u00e1 se, moc se styd\u00ed, \u017ee j\u00ed soused h\u0159\u00edbek vid\u00ed.<\/li>\n<li>Kdy\u017e jsem \u0161el z hub, ztratil jsem zub. Na\u0161la ho Johana s dlouh\u00fdma nohama, j\u00e1 na n\u00ed dup, dej sem ten zub, nebo ti vytrhnu z drdolu chlup.<\/li>\n<li>Foukej, foukej v\u011bt\u0159\u00ed\u010dku, sho\u010f mi jednu hru\u0161ti\u010dku. Sho\u010f mi jednu nebo dv\u011b, budou sladk\u00e9 ob\u011b dv\u011b. Shodil v\u011bt\u0159\u00edk, shodil hru\u0161ku, do tr\u00e1vy jak na podu\u0161ku. Dob\u0159e, \u017ee tam tr\u00e1va byla, jinak by se uhodila.<\/li>\n<li>J\u00e1 jsem \u0161vestka tmav\u011b modr\u00e1, do knedl\u00edk\u016f b\u00fdv\u00e1m dobr\u00e1. Do t\u011bsta m\u011b zabal\u00edte, potom v dlan\u00edch uv\u00e1l\u00edte. P\u0159ipravte si rendl\u00edky na \u0161vestkov\u00e9 knedl\u00edky.<\/li>\n<li>M\u00e1me hrnec velik\u00fd, va\u0159\u00edme v n\u011bm knedl\u00edky. A\u017e ten hrnec upadne, knedl\u00edk z n\u011bho vypadne.<\/li>\n<li>Sho\u010f mi ka\u0161tan &#8211; ka\u0161tane, v\u017edy\u0165 se ti nic nestane. Jenom trochu hlavou hod\u00ed\u0161 a hned jeden ka\u0161tan shod\u00ed\u0161.<\/li>\n<li>U na\u0161\u00ed babi\u010dky, stoup\u00e1me na \u0161pi\u010dky, trh\u00e1me jabl\u00ed\u010dka, trh\u00e1me hru\u0161ti\u010dky. U na\u0161\u00ed babi\u010dky sm\u00edme, potom je spole\u010dn\u011b sn\u00edme.<\/li>\n<li>Jabl\u00ed\u010dko se kut\u00e1lelo, v\u016fbec ho to nebolelo. Koukn\u011bte se jak se koul\u00ed, nem\u00e1 ani jednu bouli. Kut\u00e1l\u00ed se, kut\u00e1l\u00ed, to jsme se mu nasm\u00e1li.<\/li>\n<li>\u010cerve, \u010derve, \u010derv\u00ed\u010dku, neubli\u017euj jabl\u00ed\u010dku. Jabl\u00ed\u010dko by plakalo, ze stromu by padalo.<\/li>\n<li>Okur\u010di\u010dko, okur\u010di\u010dko, necho\u010f k lesu na pol\u00ed\u010dko my\u0161ka tam m\u00e1 dome\u010dek, ukousne ti kone\u010dek.<\/li>\n<li>Spadla hru\u0161ka zelen\u00e1, natloukla si kolena. A te\u010f pl\u00e1\u010de, na\u0159\u00edk\u00e1, \u017ee j\u00ed \u0161\u0165\u00e1va ut\u00edk\u00e1.<\/li>\n<li>Posv\u00edcen\u00ed, posv\u00edcen\u00ed, Pun\u0165a ch\u0148apl po pe\u010deni. ut\u00edk\u00e1 sn\u00ed to, to von\u00ed, u\u017e ho nikdo nedohon\u00ed. Pod jablon\u00ed ve st\u00ednu, ud\u011bl\u00e1 si hostinu.<\/li>\n<li>D\u011bde\u010dek a babi\u010dka, maj\u00ed v ko\u0161i jabl\u00ed\u010dka. d\u011bde\u010dku a babi\u010dko, dejte, pros\u00edm,\u00a0 jabl\u00ed\u010dko.<\/li>\n<li>Listopad, listopad, l\u00edste\u010dek mi na dla\u0148 spad. Zlat\u00fd l\u00edstek z javora, zima u\u017e jde do dvora.<\/li>\n<li>Kam se je\u017eek v zim\u011b schoval? Neklouzal se, nes\u00e1\u0148koval, zahrabal se do list\u00ed, od t\u00e9 doby sp\u00ed a sp\u00ed. Zahrabal se do zem\u011b, lidi\u010dky vzbu\u010fte mn\u011b, a\u017e zavon\u00ed fialky, zap\u00edskaj\u00ed p\u00ed\u0161\u0165alky.<\/li>\n<li>Ti\u0161e, ti\u0161e je\u017eek sp\u00ed, a\u0165 ho nikdo nevzbud\u00ed. J\u00e1 m\u00e1m doma ovci m\u016f\u017eu tleskat jak chci, j\u00e1 mam doma berana, m\u016f\u017eu dupat do r\u00e1na.<\/li>\n<\/ul>\n<p>P\u00edsni\u010dky:<\/p>\n<ul>\n<li>J\u00e1 do lesa nepojedu &#8230;<\/li>\n<li>Na t\u00fd louce zelen\u00fd &#8230;<\/li>\n<li>Cib, cib, cibulenka &#8230;<\/li>\n<li>\u0160el zahradn\u00edk do zahrady &#8230;<\/li>\n<li>\u0160la Nanynka do zel\u00ed &#8230;<\/li>\n<li>To je zlat\u00e9 posv\u00edcen\u00ed &#8230;<\/li>\n<\/ul>\n<p>&nbsp;<\/p>\n<h2>Zima<\/h2>\n<ul>\n<li>Sn\u011b\u017e\u00ed, sn\u011b\u017e\u00ed, mr\u00e1z kolem b\u011b\u017e\u00ed. Zima je ko\u010di\u010dce, h\u0159bet se j\u00ed je\u017e\u00ed. (sklon\u00edme se) Fouk\u00e1, fouk\u00e1, b\u00edl\u00e1 je louka. Zima je pejskovi, ke kamn\u016fm kouk\u00e1. Zima, zima,\u00a0 zimi\u010dka h\u00e1z\u00ed b\u00edl\u00e1 pe\u0159\u00ed\u010dka. D\u011bti si je chytaj\u00ed, koule si z\u00a0nich d\u011blaj\u00ed.<\/li>\n<li>Mraz\u00edk cen\u00ed zoubky, cht\u011bl by do chaloupky. Co dovede, to my v\u00edme. Dovnit\u0159 si ho nepust\u00edme. A\u0165 maluje p\u011bkn\u011b zvenku b\u00edl\u00e9 kv\u011bty na ok\u00e9nku.<\/li>\n<li>Jela li\u0161ka na san\u00edch, p\u0159ed n\u00ed hust\u011b padal sn\u00edh, za n\u00ed pr\u00e1\u0161il je\u0161t\u011b v\u00edce, to v\u00e1m byla metelice. Ut\u00edkejte, nevid\u00edm \u2013 k\u0159i\u010d\u00ed li\u0161ka na lidi. Ut\u00edkejte v\u0161ichni vp\u0159edu, a\u0165 v\u00e1m nohy nep\u0159ejedu.<\/li>\n<li>Spadl zaj\u00edc do z\u00e1v\u011bje, vr\u00e1na se mu z\u00a0v\u011btve sm\u011bje. Hrozn\u011b ti to slu\u0161\u00ed, v\u011b\u0159 mi na mou du\u0161i. \u0160koda \u017ee ti kamar\u00e1de, koukaj jenom u\u0161i.<\/li>\n<li>Zaj\u00ed\u010dek si k\u00fdch, jejda \u2013 pad\u00e1 sn\u00edh. K\u00fdch\u00e1 zas a zas \u2013 jejda, to je mr\u00e1z. Hupky, dupky do doup\u011bte a vy v\u0161ichni tak\u00e9 sp\u011bte.<\/li>\n<li>Medv\u011bd pr\u00e1\u0161\u00ed pe\u0159inu, u\u017e se chyst\u00e1 na zimu. Z\u00e1soby si mus\u00ed d\u00e1t a\u017e do jara bude sp\u00e1t. Jedna, dv\u011b, t\u0159i, \u010dty\u0159i, p\u011bt, medv\u011bd usnul hned.<\/li>\n<li>Bum, bum ratata, nejsme \u017e\u00e1dn\u00e1 mr\u0148ata. My se \u010dert\u016f neboj\u00edme, my se spolu ochr\u00e1n\u00edme. Budem hodn\u00ed, elce &#8211; pelce, vra\u0165 se \u010derte, do pekelce.<\/li>\n<li><strong>P\u00edsni\u010dka<\/strong>: Pad\u00e1 sn\u00edh, pad\u00e1 sn\u00edh, pojedeme na\u00a0san\u00edch. Na san\u00edch to p\u011bkn\u011b jede, tohle ka\u017ed\u00fd nedovede. Pad\u00e1 sn\u00edh, pojedeme na san\u00edch. Pad\u00e1 sn\u00edh, pad\u00e1 sn\u00edh, pojedeme na san\u00edch. Pojedeme z\u00a0kopce dol\u016f, pojedeme za stodolu. Pad\u00e1 sn\u00edh\u2026.<\/li>\n<li><strong>P\u00edsni\u010dka<\/strong> &#8211; Zlob\u00edm, zlob\u00ed\u0161, zlob\u00edme, m\u00e1me \u010derty v\u00a0t\u011ble. P\u011bkn\u011b p\u0159i tom \u0159\u00e1d\u00edme, c\u00edt\u00edme se skv\u011ble. Tak a tak, tak a tak, my zlob\u00edme v\u0161elijak. Tak a tak, tak a tak, my zlob\u00edme v\u0161elijak.<\/li>\n<li>Mikul\u00e1\u0161i, and\u00edlku, d\u011bkujem za nad\u00edlku. A ty \u010derte chlupat\u00fd, z\u016fsta\u0148 rad\u0161i za vraty! Cel\u00fd rok jsme hodn\u00ed byli, ve \u0161kolce jsme nezlobili. Hra\u010dky si v\u017edy ukl\u00edz\u00edme, po ve\u010dern\u00ed\u010dku hned sp\u00edme.<\/li>\n<li>U\u017e se t\u011b\u0161\u00edm, And\u00edlku, na v\u00e1no\u010dn\u00ed nad\u00edlku. Chci b\u00fdt hodn\u00fd moc a moc, vydr\u017e\u00edm to do V\u00e1noc. A pak zase malinko, za\u010dnu zlobit, maminko.<\/li>\n<li>Strome\u010dku vst\u00e1vej, ovoce d\u00e1vej, umyj se, ustroj se, je \u0160t\u011bdr\u00fd den.<\/li>\n<li>Mikul\u00e1\u0161 je hodn\u00fd p\u00e1n, nos\u00ed d\u011btem marcip\u00e1n. Zlobiv\u00fdm d\u00e1 brambory, do velik\u00e9 ba\u010dkory a kdo zlobil je\u0161t\u011b v\u00edc, nedostane v\u016fbec nic.<\/li>\n<li>A\u017e zazvon\u00ed zvone\u010dek, rozsv\u00edt\u00ed se strome\u010dek. D\u00e1rky le\u017e\u00ed dokola, maminka n\u00e1s zavol\u00e1: \u201ePoj\u010fte, v\u0161ichni, honem sem, dneska m\u00e1me \u0160t\u011bdr\u00fd den!\u201c<\/li>\n<li>V\u00e1no\u010dn\u00ed<span style=\"color: #000000;\">\u00a0<\/span><a href=\"http:\/\/wiki.rvp.cz\/Knihovna\/V%c3%9dROBKY_S_D%c4%9aTMI\/V%c3%a1noce\/V%c3%81NO%c4%8cN%c3%8d_OZDOBY_ZE_SLAN%c3%89HO_T%c4%9aSTA\"><span style=\"color: #000000;\">strome\u010dek<\/span>\u00a0<\/a>zavon\u011bl v pokoji, maminka u stolu jabl\u00ed\u010dko rozkroj\u00ed. A kdy\u017e ho rozkroj\u00ed, uvid\u00edm hv\u011bzdi\u010dku, co byla schovan\u00e1 v \u010derven\u00e9m jabl\u00ed\u010dku.<\/li>\n<li><strong>Koleda &#8211;<\/strong> P\u00e1sli ovce vala\u0161i, Stoj\u00ed vrba ko\u0161at\u00e1, Zelen\u00e1 se louka, Hej V\u00e1noce, dlouh\u00fd noce<\/li>\n<li>Rolni\u010dky<\/li>\n<li>V\u00e1noce, V\u00e1noce &#8230;<\/li>\n<\/ul>\n<h2><strong>Jaro<\/strong><\/h2>\n<ul>\n<li>T\u00e1ta v\u010dera na venku, na\u0161el prvn\u00ed sn\u011b\u017eenku. A hned vedle petrkl\u00ed\u010d, zima u\u017e je d\u00e1vno pry\u010d.<\/li>\n<li>V lese v tr\u00e1v\u011b spink\u00e1, b\u00edl\u00e1 konvalinka. Zvone\u010dky m\u00e1, nezazvon\u00ed, ale za to kr\u00e1sn\u011b von\u00ed.<\/li>\n<li>Kdy\u017e slun\u00ed\u010dko vych\u00e1z\u00ed, sedmikr\u00e1ska vst\u00e1v\u00e1, na\u010de\u0161e si obo\u010d\u00ed, na mot\u00fdlky m\u00e1v\u00e1. Kdy\u017e slun\u00ed\u010dko zapad\u00e1, sedmikr\u00e1ska ch\u0159adne, ke sp\u00e1nku se ukl\u00e1d\u00e1 do post\u00fdlky chladn\u00e9.<\/li>\n<li>Zimo, zimo, t\u00e1hni pry\u010d nebo na t\u011b vezmu bi\u010d! Odt\u00e1hnu t\u011b za pa\u010desy za ty hory, za ty lesy,<br \/>\na\u017e se vr\u00e1t\u00edm nazp\u00e1tek, svle\u010du zimn\u00ed kab\u00e1tek.<\/li>\n<li>Slunce vol\u00e1 na sn\u011b\u017eenku, pod\u00edvej se, jak je venku! Slunce vol\u00e1 do oken, d\u011bti, hal\u00f3, poj\u010fte ven!<\/li>\n<li><em>Vol\u00e1m t\u011b slun\u00ed\u010dko, hal\u00f3, hal\u00f3, tepla je na sv\u011bt\u011b m\u00e1lo, m\u00e1lo, vylez a roze\u017ee\u0148 mraky, mraky,<br \/>\na j\u00e1 ti pom\u016f\u017eu taky, taky. Vol\u00e1m t\u011b sk\u0159iv\u00e1nku, hal\u00f3, hal\u00f3, l\u00e1sky je na sv\u011bt\u011b m\u00e1lo, m\u00e1lo,<br \/>\nvyle\u0165 a zazp\u00edvej pro m\u011b, pro m\u011b, bydl\u00edme ve stejn\u00e9m dom\u011b, dom\u011b. Vol\u00e1m v\u00e1s kyti\u010dky, hal\u00f3, hal\u00f3, vykve\u0165te, u\u017e bude jaro, jaro, \u010derven\u011b, \u017elut\u011b a mod\u0159e, mod\u0159e, a\u0165 je n\u00e1m na sv\u011bt\u011b dob\u0159e, dob\u0159e.<\/em><\/li>\n<li>Hody, hody doprovody, j\u00e1 jsem mal\u00fd zaj\u00ed\u010dek, ut\u00edkal jsem podle vody, nesl kopu vaj\u00ed\u010dek.<br \/>\nPotkala m\u011b koroptvi\u010dka, cht\u011bla jedno \u010derven\u00e9, \u017ee mi d\u00e1 l\u00e1n jetel\u00ed\u010dka a j\u00e1 \u0159ekl: &#8222;Ne, ne, ne!&#8220;<br \/>\nNa dvore\u010dku za potokem m\u00e1m j\u00e1 str\u00fd\u010dka kr\u00e1l\u00ed\u010dka, tomu nos\u00edm ka\u017ed\u00fdm rokem malovan\u00e1 vaj\u00ed\u010dka. Hody hody doprovody, j\u00e1 jsem mal\u00fd zaj\u00ed\u010dek, dojdu-li tam bez nehody, d\u00e1m mu kopu vaj\u00ed\u010dek.<\/li>\n<li>Kropenat\u00e1 slepi\u010dka snesla b\u00edl\u00e1 vaj\u00ed\u010dka, obarv\u00edm je, vymaluji, v\u0161echny chlapce podaruji, pentli\u010dky si nast\u0159\u00edh\u00e1m, na poml\u00e1zku jim je d\u00e1m.<\/li>\n<li>Pan\u00edm\u00e1mo zlati\u010dk\u00e1, darujte n\u00e1m vaj\u00ed\u010dka, ned\u00e1te-li vaj\u00ed\u010dka, ute\u010de v\u00e1m slepi\u010dka do horn\u00edho rybn\u00ed\u010dka a z rybn\u00ed\u010dka do lou\u017ee, kdo j\u00ed odtud pom\u016f\u017ee?<\/li>\n<li>Zlat\u00e1 br\u00e1na otev\u0159en\u00e1, zlat\u00fdm kl\u00ed\u010dem otev\u0159en\u00e1, kdo do n\u00ed vejde tomu hlava sejde, a\u0165 je to ten nebo ten, pra\u0161t\u00edme ho ko\u0161t\u011btem.<\/li>\n<li>U potoka roste kv\u00edt\u00ed \u0159\u00edkaj\u00ed mu petrkl\u00ed\u010d, na koho to slovo padne, ten mus\u00ed j\u00edt z kola pry\u010d.<\/li>\n<li>Zaj\u00ed\u010dek ve sv\u00e9 jamce sed\u00ed s\u00e1m, sed\u00ed s\u00e1m. Ubo\u017e\u00e1\u010dku co je ti,\u017ee nem\u016f\u017ee\u0161 sk\u00e1kati. Chut\u011b sko\u010d,chut\u011b sko\u010d a vysko\u010d!<\/li>\n<li>Had leze z d\u00edry, vystrkuje kn\u00edry. B\u00e1ba se ho lekla, na kolena klekla. Nic se b\u00e1bo nelekej, na kolena neklekej, j\u00e1 jsem p\u0159ece hodn\u00fd had, j\u00e1 m\u00e1m v\u0161echny d\u011bti r\u00e1d.<\/li>\n<li>Kdy\u017e j\u00e1 se vyt\u00e1hnu,<em>(stoupneme si na \u0161pi\u010dky) <\/em>a\u017e ke slun\u00ed\u010dku dos\u00e1hnu. <em>(nat\u00e1hneme ruce ke slun\u00ed\u010dku) <\/em>Kdy\u017e j\u00e1 se skr\u010d\u00edm, <em>(sedneme si do d\u0159epu) <\/em>do v\u00fd\u0161ky sko\u010d\u00edm. <em>(vysko\u010d\u00edme)<\/em><br \/>\nKdy\u017e j\u00e1 si lehnu, <em>(lehneme si) <\/em>ani se nehnu. <em>(le\u017e\u00edme bez pohybu)<\/em><\/li>\n<li><strong>P\u00edsni\u010dky:<\/strong><\/li>\n<li>Ko\u010dka leze d\u00edrou<\/li>\n<li>Travi\u010dka zelen\u00e1<\/li>\n<li>\u010cerven\u00fd \u0161\u00e1te\u010dku<\/li>\n<li>Jaro, l\u00e9to, podzim, zima<\/li>\n<li>Slun\u00ed\u010dko, slun\u00ed\u010dko<\/li>\n<li>H\u0159ej slun\u00ed\u010dko, h\u0159ej, hory, doly krej. Povysko\u010d si v\u00fd\u0161e na t\u00e9 na\u0161\u00ed st\u0159e\u0161e, kolo ud\u011blej, kolo ud\u011blej.<\/li>\n<\/ul>\n<h2><strong>L\u00e9to<\/strong><\/h2>\n<ul>\n<li>T\u00fa, t\u00fa, t\u00fa, auto u\u017e je tu. Poje\u010f m\u00e1mo, poje\u010f s n\u00e1mi, auto u\u017e je za horami. T\u00fa t\u00fa t\u00fa, auto u\u017e je tu.<\/li>\n<li>\u010cist\u00edm zoubky \u0159\u00edzy \u0159\u00edzy, a\u0165 jsou b\u00edl\u00e9 jako b\u0159\u00edzy. Vlevo, vpravo, vp\u0159edu, vzadu, horn\u00ed a pak spodn\u00ed \u0159adu. A\u0165 jsou b\u00edl\u00e9 jako sn\u00edh, a\u0165 m\u00e1 ka\u017ed\u00fd radost z nich.<\/li>\n<li>To jsou ruce, to jsou dlan\u011b, m\u00fddlo s vodou pat\u0159\u00ed na n\u011b. A po m\u00fddle dobr\u00e9 j\u00eddlo a po j\u00eddle zase m\u00fddlo.<\/li>\n<li>Pod\u00edvej se babi\u010dko, namaluji slun\u00ed\u010dko. Slun\u00ed\u010dko m\u00e1 o\u010dka, jak n\u011bjak\u00e1 ko\u010dka. Vesele se usm\u00edv\u00e1 a p\u0159itom a ti\u0161e si pov\u00edd\u00e1:\u201cSv\u00edt\u00edm, sv\u00edt\u00edm na stromy, posv\u00edt\u00edm i na domy. Sv\u00edt\u00edm tak\u00e9 kot\u011bti, ale nejv\u00edc pro d\u011bti.\u201c<\/li>\n<li>Princezni\u010dka na b\u00e1le poztr\u00e1cela kor\u00e1le. Jej\u00ed t\u00e1ta, mocn\u00fd kr\u00e1l, Honz\u00edka si zavolal: Honz\u00edku, m\u00e1\u0161 nam\u00e1le, najdi n\u00e1m ty kor\u00e1le! Honz\u00edk b\u011b\u017eel za horu, nakopal tam brambor\u016f. Vysypal je p\u0159ed kr\u00e1le: Nesu v\u00e1m ty kor\u00e1le, v\u011bt\u0161\u00ed u\u017e tam nem\u011bli, ty sn\u011bdli u\u017e v ned\u011bli.<\/li>\n<li>My\u0161i chod\u00ed tuze ti\u0161e, maj\u00ed tlapky jako z ply\u0161e. Ti\u0161e, my\u0161i, \u0161i, \u0161i, \u0161i &#8211; a\u0165 v\u00e1s ko\u010dky nesly\u0161\u00ed!<\/li>\n<li>Beru\u0161ko, p\u016fj\u010d mi jednu te\u010dku, t\u0159eba tu co m\u00e1\u0161 na zade\u010dku, mus\u00edm j\u00ed napsat za v\u011btou, a\u0165 se mi slova nepletou. Tulip\u00e1n a tulipan\u00ed, cel\u00fd den se k sob\u011b klan\u00ed, a\u017e se div\u00ed okol\u00ed, \u017ee je z\u00e1da nebol\u00ed.<\/li>\n<li>J\u00e1 jsem kos, ty jsi kos.<em>(ukazujeme na sebe, potom na d\u011bti)<\/em><br \/>\nJ\u00e1 m\u00e1m nos, ty m\u00e1\u0161 nos. <em>(ukazujeme na sv\u016fj nos, potom na nos d\u00edt\u011bte)<\/em><br \/>\nJ\u00e1 m\u00e1m sladkou, ty m\u00e1\u0161 sladkou. <em>(ukazujeme na svoji pusinku, potom na pusinku d\u00edt\u011bte).\u00a0<\/em>J\u00e1 m\u00e1m hladkou, ty m\u00e1\u0161 hladkou\u00a0<em>(pohlad\u00edme svoji tv\u00e1\u0159, potom tv\u00e1\u0159i\u010dku d\u00edt\u011bte).\u00a0<\/em>My se m\u00e1me r\u00e1di, my jsme kamar\u00e1di. <em>(obejmeme se)<\/em><\/li>\n<li>\u010c\u00e1ry m\u00e1ry fuk,<em>(rukama p\u0159edv\u00e1d\u00edme \u010darov\u00e1n\u00ed), <\/em>a\u0165 tu nen\u00ed kluk. A\u0165 tu nejsou hol\u010di\u010dky, a\u0165 tu sk\u00e1\u010dou \u017eabi\u010dky. <em>(d\u011bti za\u010dnou sk\u00e1kat jako \u017eabi\u010dky)<\/em><\/li>\n<li>Na\u0161e mil\u00e1 maminko, p\u0159ejeme ti ke Dni matek, a\u0165 m\u00e1\u0161 dneska kr\u00e1sn\u00fd sv\u00e1tek, dneska je tv\u016fj velk\u00fd den, my t\u011b zlobit nebudem.<\/li>\n<li>Star\u00fd medv\u011bd vzdych\u00e1, \u017ee ho v tlam\u011b p\u00edch\u00e1. \u017de ho bol\u00ed v zubu d\u00edra, od bolesti u\u017e u\u017e zm\u00edr\u00e1 a \u017ee pros\u00ed li\u0161ti\u010dku, a\u0165 mu p\u016fj\u010d\u00ed masti\u010dku.<\/li>\n<li>Co ta o\u010dka vid\u00ed, vid\u00ed, vid\u00ed lidi. T\u00e1tu, m\u00e1mu, hol\u010di\u010dku, kluka, d\u011bdu, babi\u010dku. Bydl\u00ed spolu v dome\u010dku, na zelen\u00e9m kope\u010dku.<\/li>\n<li>K\u0159\u00ed\u017eem, kr\u00e1\u017eem, klikyh\u00e1kem, ve \u0161kolce jsem p\u0159ed\u0161kol\u00e1kem. Za chv\u00edli j\u00ed pod\u00e1m ru\u010dku a zam\u00e1v\u00e1m na rozlu\u010dku. \u010cek\u00e1 m\u011b u\u017e prvn\u00ed t\u0159\u00edda, velk\u00e1 \u0161kola, b\u00edl\u00e1 k\u0159\u00edda. Po l\u00e9t\u011b pr\u00fd p\u0159ijde den, kdy se stanu \u0161kol\u00e1kem!<\/li>\n<\/ul>\n<p>&nbsp;<\/p>\n<ul>\n<li><em><strong>P\u00edsni\u010dky:<\/strong><\/em><\/li>\n<li><em>\u0160el zahradn\u00edk do zahrady<\/em><\/li>\n<li><em>Holka modrook\u00e1<\/em><\/li>\n<li><em>Pod na\u0161\u00edm ok\u00fdnkem<\/em><\/li>\n<li><em>\u0160la Nanynka do zel\u00ed<\/em><\/li>\n<li><em>Okolo Hradce v mal\u00e9 zahr\u00e1dce<\/em><\/li>\n<li><em>Kolik je na sv\u011bt\u011b<\/em><\/li>\n<\/ul>\n","protected":false},"excerpt":{"rendered":"<p>Podzim Dobr\u00fd den, dobr\u00fd den, dneska m\u00e1me kr\u00e1sn\u00fd den. Ruce m\u00e1me na tlesk\u00e1n\u00ed, nohy m\u00e1me na dup\u00e1n\u00ed, dobr\u00fd den, dobr\u00fd den, dneska zlobit nebudem. A\u0165 jsi holka nebo kluk, ud\u011blej si s n\u00e1mi kruh. Budeme se spolu sm\u00e1t, zp\u00edvat, cvi\u010dit, tancovat. \u0160el medv\u00eddek do \u0161kolky, vzal si s sebou ba\u010dkorky a \u010derven\u00e9 jabl\u00ed\u010dko, nashledanou mati\u010dko. &hellip; <a href=\"http:\/\/bozetice.cz\/ms\/index.php\/domu\/rikanky-v-ms\/\" class=\"more-link\">Pokra\u010dov\u00e1n\u00ed textu <span class=\"screen-reader-text\">\u0158\u00edkanky a p\u00edsni\u010dky<\/span><\/a><\/p>\n","protected":false},"author":2,"featured_media":0,"parent":8,"menu_order":0,"comment_status":"closed","ping_status":"closed","template":"","meta":{"footnotes":""},"class_list":["post-180","page","type-page","status-publish","hentry"],"_links":{"self":[{"href":"http:\/\/bozetice.cz\/ms\/index.php\/wp-json\/wp\/v2\/pages\/180","targetHints":{"allow":["GET"]}}],"collection":[{"href":"http:\/\/bozetice.cz\/ms\/index.php\/wp-json\/wp\/v2\/pages"}],"about":[{"href":"http:\/\/bozetice.cz\/ms\/index.php\/wp-json\/wp\/v2\/types\/page"}],"author":[{"embeddable":true,"href":"http:\/\/bozetice.cz\/ms\/index.php\/wp-json\/wp\/v2\/users\/2"}],"replies":[{"embeddable":true,"href":"http:\/\/bozetice.cz\/ms\/index.php\/wp-json\/wp\/v2\/comments?post=180"}],"version-history":[{"count":12,"href":"http:\/\/bozetice.cz\/ms\/index.php\/wp-json\/wp\/v2\/pages\/180\/revisions"}],"predecessor-version":[{"id":761,"href":"http:\/\/bozetice.cz\/ms\/index.php\/wp-json\/wp\/v2\/pages\/180\/revisions\/761"}],"up":[{"embeddable":true,"href":"http:\/\/bozetice.cz\/ms\/index.php\/wp-json\/wp\/v2\/pages\/8"}],"wp:attachment":[{"href":"http:\/\/bozetice.cz\/ms\/index.php\/wp-json\/wp\/v2\/media?parent=180"}],"curies":[{"name":"wp","href":"https:\/\/api.w.org\/{rel}","templated":true}]}}