{"id":164,"date":"2018-09-13T22:22:35","date_gmt":"2018-09-13T20:22:35","guid":{"rendered":"http:\/\/bozetice.cz\/ms\/?page_id=164"},"modified":"2022-09-07T06:31:34","modified_gmt":"2022-09-07T04:31:34","slug":"co-si-prinest-do-materske-skoly","status":"publish","type":"page","link":"http:\/\/bozetice.cz\/ms\/index.php\/pro-rodice\/co-si-prinest-do-materske-skoly\/","title":{"rendered":"Co si p\u0159in\u00e9st do mate\u0159sk\u00e9 \u0161koly"},"content":{"rendered":"<h3>Co si p\u0159in\u00e9st do mate\u0159sk\u00e9 \u0161koly<\/h3>\n<ul>\n<li>Fotografie d\u00edt\u011bte (pohlednicov\u00fd form\u00e1t)<\/li>\n<li>Zrc\u00e1tko (logopedick\u00e1 prevence v M\u0160) &#8211; hranat\u00e9 se stoj\u00e1nkem, velikosti pohlednice<\/li>\n<li>Zubn\u00ed kart\u00e1\u010dek a kel\u00edmek (zubn\u00ed pastu ne)<\/li>\n<li>Ru\u010dn\u00edk s poutkem<\/li>\n<li>Plastov\u00fd hrn\u00ed\u010dek na celodenn\u00ed pitn\u00fd re\u017eim<\/li>\n<li>Ba\u010dkorky nebo sand\u00e1le s pevnou patou a sv\u011btlou podr\u00e1\u017ekou na p\u0159ezut\u00ed (pantofle nejsou vhodn\u00e9)<\/li>\n<li>Py\u017eamo (pokud d\u00edt\u011b ve \u0161kolce odpo\u010d\u00edv\u00e1), mal\u00e9 d\u011bti svoji obl\u00edbenou v\u011bc na us\u00edn\u00e1n\u00ed<\/li>\n<li>Oble\u010den\u00ed do t\u0159\u00eddy\u00a0&#8211; tri\u010dko, tepl\u00e1ky \u010di kalhoty na gumu, leg\u00edny pop\u0159\u00edpad\u011b pun\u010doch\u00e1\u010de, z\u00e1st\u011brka nebo suk\u00e9nka, v tepl\u00fdch dnech kra\u0165asy \u010di \u0161aty<\/li>\n<li>Oble\u010den\u00ed a vhodnou obuv na ven\u00a0&#8211; takov\u00e9 oble\u010den\u00ed, kter\u00e9 se m\u016f\u017ee p\u0159i pobytu venku umazat, kvalitn\u00ed obuv na proch\u00e1zky do p\u0159\u00edrody<\/li>\n<li>N\u00e1hradn\u00ed oble\u010den\u00ed\u00a0&#8211; v\u011bci na p\u0159evle\u010den\u00ed budou v \u0161atn\u011b v s\u00e1\u010dku (spodn\u00ed pr\u00e1dlo, pono\u017eky, pun\u010doch\u00e1\u010de, tri\u010dko, tepl\u00e1ky \u010di leg\u00edny) &#8211; pot\u0159ebu ur\u010d\u00ed pop\u0159\u00edpad\u011b pedagog<\/li>\n<li>rodi\u010de<\/li>\n<li>Pl\u00e1\u0161t\u011bnku<\/li>\n<li>Holinky<\/li>\n<li>Pokr\u00fdvka hlavy dle ro\u010dn\u00edho obdob\u00ed (\u010depice, klobou\u010dek, k\u0161iltovka)<\/li>\n<\/ul>\n<p>Sledujte po\u010das\u00ed a podle toho d\u011bti obl\u00e9kejte.\u00a0Ven chod\u00edme t\u00e9m\u011b\u0159 za ka\u017ed\u00e9ho po\u010das\u00ed, aby byly d\u011bti na \u010derstv\u00e9m vzduchu a otu\u017eovaly se. Oble\u010den\u00ed do t\u0159\u00eddy a na zahradu p\u0159izp\u016fsobte moment\u00e1ln\u00edmu ro\u010dn\u00edmu obdob\u00ed, po\u010das\u00ed a topn\u00e9 sezon\u011b.<br \/>\nVzhledem k tomu, \u017ee si d\u011bti svoje v\u011bci \u010dasto nepoznaj\u00ed, je\u00a0NUTN\u00c9 v\u0161e d\u016fkladn\u011b podepsat!(sta\u010d\u00ed permanentn\u00ed fixou). P\u0159edejdeme t\u00edm v\u0161ichni zbyte\u010dn\u00fdm nep\u0159\u00edjemnostem, d\u011bkujeme.<br \/>\nDejte d\u011btem takov\u00e9 oble\u010den\u00ed, kter\u00e9 z v\u011bt\u0161\u00ed \u010d\u00e1sti zvl\u00e1dnou samostatn\u011b obl\u00e9kat a z\u00e1rove\u0148 nebudou m\u00edt strach si je u\u0161pinit. (samostatnost je pro d\u011bti velkou v\u00fdhodou &#8211; nec\u00edt\u00ed se bezradn\u011b).<br \/>\nSamoz\u0159ejmost\u00ed v\u0161ak je, \u017ee person\u00e1l a pan\u00ed u\u010ditelky d\u011btem pom\u00e1haj\u00ed.<\/p>\n<p>UPOZOR\u0147UJEME RODI\u010cE, \u017dE KALHOTY (TEPL\u00c1KY, LEG\u00cdNY) UR\u010cEN\u00c9 DO T\u0158\u00cdDY, NESM\u00cd B\u00ddT NO\u0160ENY TAK\u00c9 NA POBYT VENKU.<\/p>\n<h4>Pros\u00edme rodi\u010de o n\u00e1kup t\u011bchto v\u011bc\u00ed na \u0161koln\u00ed rok 2022-2023. V\u0161e je v\u0161ak dobrovoln\u00e9 a nelze to po v\u00e1s vym\u00e1hat. P\u0159edem v\u00e1m srde\u010dn\u011b d\u011bkujeme.<\/h4>\n<ul>\n<li>4 krabice vytahovac\u00edch pap\u00edrov\u00fdch kapesn\u00edk\u016f (po 200ks v 1 balen\u00ed)<\/li>\n<li>8 rol\u00ed toaletn\u00edho pap\u00edru<\/li>\n<li>2 balen\u00ed vlh\u010den\u00fdch ubrousk\u016f<\/li>\n<li>1 balen\u00ed pap\u00edrov\u00fdch ubrousk\u016f (j\u00eddelna)<\/li>\n<li>1l jemn\u00e9ho tekut\u00e9ho m\u00fddla (n\u00e1hradn\u00ed n\u00e1pl\u0148)<\/li>\n<li>1 balen\u00ed kancel\u00e1\u0159sk\u00fdch pap\u00edr\u016f<\/li>\n<\/ul>\n<p>Ve\u0161ker\u00e9 hygienick\u00e9 pot\u0159eby budou slou\u017eit pouze d\u011btem.<\/p>\n","protected":false},"excerpt":{"rendered":"<p>Co si p\u0159in\u00e9st do mate\u0159sk\u00e9 \u0161koly Fotografie d\u00edt\u011bte (pohlednicov\u00fd form\u00e1t) Zrc\u00e1tko (logopedick\u00e1 prevence v M\u0160) &#8211; hranat\u00e9 se stoj\u00e1nkem, velikosti pohlednice Zubn\u00ed kart\u00e1\u010dek a kel\u00edmek (zubn\u00ed pastu ne) Ru\u010dn\u00edk s poutkem Plastov\u00fd hrn\u00ed\u010dek na celodenn\u00ed pitn\u00fd re\u017eim Ba\u010dkorky nebo sand\u00e1le s pevnou patou a sv\u011btlou podr\u00e1\u017ekou na p\u0159ezut\u00ed (pantofle nejsou vhodn\u00e9) Py\u017eamo (pokud d\u00edt\u011b ve &hellip; <a href=\"http:\/\/bozetice.cz\/ms\/index.php\/pro-rodice\/co-si-prinest-do-materske-skoly\/\" class=\"more-link\">Pokra\u010dov\u00e1n\u00ed textu <span class=\"screen-reader-text\">Co si p\u0159in\u00e9st do mate\u0159sk\u00e9 \u0161koly<\/span><\/a><\/p>\n","protected":false},"author":1,"featured_media":0,"parent":133,"menu_order":0,"comment_status":"closed","ping_status":"closed","template":"","meta":{"footnotes":""},"class_list":["post-164","page","type-page","status-publish","hentry"],"_links":{"self":[{"href":"http:\/\/bozetice.cz\/ms\/index.php\/wp-json\/wp\/v2\/pages\/164","targetHints":{"allow":["GET"]}}],"collection":[{"href":"http:\/\/bozetice.cz\/ms\/index.php\/wp-json\/wp\/v2\/pages"}],"about":[{"href":"http:\/\/bozetice.cz\/ms\/index.php\/wp-json\/wp\/v2\/types\/page"}],"author":[{"embeddable":true,"href":"http:\/\/bozetice.cz\/ms\/index.php\/wp-json\/wp\/v2\/users\/1"}],"replies":[{"embeddable":true,"href":"http:\/\/bozetice.cz\/ms\/index.php\/wp-json\/wp\/v2\/comments?post=164"}],"version-history":[{"count":10,"href":"http:\/\/bozetice.cz\/ms\/index.php\/wp-json\/wp\/v2\/pages\/164\/revisions"}],"predecessor-version":[{"id":815,"href":"http:\/\/bozetice.cz\/ms\/index.php\/wp-json\/wp\/v2\/pages\/164\/revisions\/815"}],"up":[{"embeddable":true,"href":"http:\/\/bozetice.cz\/ms\/index.php\/wp-json\/wp\/v2\/pages\/133"}],"wp:attachment":[{"href":"http:\/\/bozetice.cz\/ms\/index.php\/wp-json\/wp\/v2\/media?parent=164"}],"curies":[{"name":"wp","href":"https:\/\/api.w.org\/{rel}","templated":true}]}}