{"id":162,"date":"2018-09-13T22:22:18","date_gmt":"2018-09-13T20:22:18","guid":{"rendered":"http:\/\/bozetice.cz\/ms\/?page_id=162"},"modified":"2018-09-13T22:28:41","modified_gmt":"2018-09-13T20:28:41","slug":"dovednosti-nutne-pro-prijeti","status":"publish","type":"page","link":"http:\/\/bozetice.cz\/ms\/index.php\/pro-rodice\/dovednosti-nutne-pro-prijeti\/","title":{"rendered":"Dovednosti nutn\u00e9 pro p\u0159ijet\u00ed"},"content":{"rendered":"<h3>Dovednosti nutn\u00e9 pro p\u0159ijet\u00ed<\/h3>\n<p>Co by m\u011blo va\u0161e d\u00edt\u011b um\u011bt:<\/p>\n<ul>\n<li>z\u00e1klady slu\u0161n\u00e9ho chov\u00e1n\u00ed &#8211; pozdravit, poprosit, pod\u011bkovat, respektovat pokyny dosp\u011bl\u00e9ho<\/li>\n<li>spolupracovat p\u0159i \u00faklidu<\/li>\n<li>um\u00fdt si ruce<\/li>\n<li>pou\u017e\u00edvat WC<\/li>\n<li>naj\u00edst se<\/li>\n<li>pou\u017e\u00edvat kapesn\u00edk, um\u011bt se vysmrkat<\/li>\n<li>svl\u00e9knout a obl\u00e9knout si jednoduch\u00e9 \u010d\u00e1sti oble\u010den\u00ed<\/li>\n<\/ul>\n<p>Mate\u0159sk\u00e1 \u0161kola m\u00e1 pestr\u00fd program, kter\u00fd p\u0159isp\u00edv\u00e1 k harmonick\u00e9mu rozvoji d\u00edt\u011bte.<br \/>\nVzd\u011bl\u00e1vac\u00ed obsah je obohacen celo\u0161koln\u00edmi dopl\u0148kov\u00fdmi programy, do kter\u00fdch jsou zapojeny v\u0161echny d\u011bti &#8211; environment\u00e1ln\u00ed program, divadlo.<\/p>\n","protected":false},"excerpt":{"rendered":"<p>Dovednosti nutn\u00e9 pro p\u0159ijet\u00ed Co by m\u011blo va\u0161e d\u00edt\u011b um\u011bt: z\u00e1klady slu\u0161n\u00e9ho chov\u00e1n\u00ed &#8211; pozdravit, poprosit, pod\u011bkovat, respektovat pokyny dosp\u011bl\u00e9ho spolupracovat p\u0159i \u00faklidu um\u00fdt si ruce pou\u017e\u00edvat WC naj\u00edst se pou\u017e\u00edvat kapesn\u00edk, um\u011bt se vysmrkat svl\u00e9knout a obl\u00e9knout si jednoduch\u00e9 \u010d\u00e1sti oble\u010den\u00ed Mate\u0159sk\u00e1 \u0161kola m\u00e1 pestr\u00fd program, kter\u00fd p\u0159isp\u00edv\u00e1 k harmonick\u00e9mu rozvoji d\u00edt\u011bte. Vzd\u011bl\u00e1vac\u00ed obsah &hellip; <a href=\"http:\/\/bozetice.cz\/ms\/index.php\/pro-rodice\/dovednosti-nutne-pro-prijeti\/\" class=\"more-link\">Pokra\u010dov\u00e1n\u00ed textu <span class=\"screen-reader-text\">Dovednosti nutn\u00e9 pro p\u0159ijet\u00ed<\/span><\/a><\/p>\n","protected":false},"author":1,"featured_media":0,"parent":133,"menu_order":0,"comment_status":"closed","ping_status":"closed","template":"","meta":{"footnotes":""},"class_list":["post-162","page","type-page","status-publish","hentry"],"_links":{"self":[{"href":"http:\/\/bozetice.cz\/ms\/index.php\/wp-json\/wp\/v2\/pages\/162","targetHints":{"allow":["GET"]}}],"collection":[{"href":"http:\/\/bozetice.cz\/ms\/index.php\/wp-json\/wp\/v2\/pages"}],"about":[{"href":"http:\/\/bozetice.cz\/ms\/index.php\/wp-json\/wp\/v2\/types\/page"}],"author":[{"embeddable":true,"href":"http:\/\/bozetice.cz\/ms\/index.php\/wp-json\/wp\/v2\/users\/1"}],"replies":[{"embeddable":true,"href":"http:\/\/bozetice.cz\/ms\/index.php\/wp-json\/wp\/v2\/comments?post=162"}],"version-history":[{"count":3,"href":"http:\/\/bozetice.cz\/ms\/index.php\/wp-json\/wp\/v2\/pages\/162\/revisions"}],"predecessor-version":[{"id":171,"href":"http:\/\/bozetice.cz\/ms\/index.php\/wp-json\/wp\/v2\/pages\/162\/revisions\/171"}],"up":[{"embeddable":true,"href":"http:\/\/bozetice.cz\/ms\/index.php\/wp-json\/wp\/v2\/pages\/133"}],"wp:attachment":[{"href":"http:\/\/bozetice.cz\/ms\/index.php\/wp-json\/wp\/v2\/media?parent=162"}],"curies":[{"name":"wp","href":"https:\/\/api.w.org\/{rel}","templated":true}]}}