{"id":151,"date":"2018-09-13T21:53:35","date_gmt":"2018-09-13T19:53:35","guid":{"rendered":"http:\/\/bozetice.cz\/ms\/?page_id=151"},"modified":"2018-09-13T22:34:12","modified_gmt":"2018-09-13T20:34:12","slug":"alergeny","status":"publish","type":"page","link":"http:\/\/bozetice.cz\/ms\/index.php\/jidelna\/alergeny\/","title":{"rendered":"Alergeny"},"content":{"rendered":"<h3><strong>Alergeny<\/strong><\/h3>\n<p class=\"wnd-align-justify\"><span class=\"wsw-02 wnd-font-size-60\">Odvol\u00e1n\u00ed na legislativu: EU &#8211; 2000\/13 do 13.12.2014 a pak nahrazena 1169\/2011 EU \u010dl\u00e1nek 21<\/span><\/p>\n<p class=\"wnd-align-justify\"><strong><span class=\"wnd-font-size-60\" style=\"color: #292929;\">Seznam potravinov\u00fdch alergen\u016f, kter\u00e9 podl\u00e9haj\u00ed legislativn\u00edmu ozna\u010dov\u00e1n\u00ed dle sm\u011brnice 1169\/2011 EU:<\/span><\/strong><\/p>\n<p class=\"wnd-align-justify\">\u010cR &#8211; vyhl\u00e1\u0161ka 113\/2005 Sb. O zp\u016fsobu ozna\u010dov\u00e1n\u00ed potravin<\/p>\n<p class=\"wnd-align-justify\"><span class=\"wnd-font-size-60\" style=\"color: #292929;\">1)\u00a0<strong>Obiloviny obsahuj\u00edc\u00ed lepek<\/strong>: 1\/1 p\u0161enice, 1\/2 \u017eito, 1\/3 je\u010dmen, 1\/4 oves, 1\/5 \u0161palda, 1\/6 kamut nebo jejich hybridn\u00ed odr\u016fdy a v\u00fdrobky z nich<br \/>\n<\/span><span class=\"wnd-font-size-60\" style=\"color: #292929;\">2)\u00a0<strong>Kor\u00fd\u0161i<\/strong>\u00a0a v\u00fdrobky z nich<br \/>\n<\/span><span class=\"wnd-font-size-60\" style=\"color: #292929;\">3)\u00a0<strong>Vejce<\/strong>\u00a0a v\u00fdrobky z nich<br \/>\n<\/span><span class=\"wnd-font-size-60\" style=\"color: #292929;\">4)\u00a0<strong>Ryby<\/strong>\u00a0a v\u00fdrobky z nich<br \/>\n<\/span><span class=\"wnd-font-size-60\" style=\"color: #292929;\">5)<strong>\u00a0Podzemnice olejn\u00e1<\/strong>\u00a0(ara\u0161\u00eddy) a v\u00fdrobky z nich<br \/>\n<\/span><span class=\"wnd-font-size-60\" style=\"color: #292929;\">6)\u00a0<strong>S\u00f3jov\u00e9 boby<\/strong>\u00a0(s\u00f3ja) a v\u00fdrobky z nich<br \/>\n<\/span><span class=\"wnd-font-size-60\" style=\"color: #292929;\">7)\u00a0<strong>Ml\u00e9ko<\/strong>\u00a0a v\u00fdrobky z n\u011bj<br \/>\n<\/span><span class=\"wnd-font-size-60\" style=\"color: #292929;\">8)\u00a0<strong>Sko\u0159\u00e1pkov\u00e9 plody<\/strong>: 8\/1 mandle, 8\/2 l\u00edskov\u00e9 o\u0159echy, 8\/3 vla\u0161sk\u00e9 o\u0159echy, 8\/4 ke\u0161u o\u0159echy, 8\/5 pekanov\u00e9 o\u0159echy, 8\/6 para o\u0159echy, 8\/7 pist\u00e1cie, 8\/8 makadamie a v\u00fdrobky z nich<br \/>\n<\/span><span class=\"wnd-font-size-60\" style=\"color: #292929;\">9)\u00a0<strong>Celer<\/strong>\u00a0a v\u00fdrobky z n\u011bj<br \/>\n<\/span><span class=\"wnd-font-size-60\" style=\"color: #292929;\">10)\u00a0<strong>Ho\u0159\u010dice<\/strong>\u00a0a v\u00fdrobky z n\u00ed<br \/>\n<\/span><span class=\"wnd-font-size-60\" style=\"color: #292929;\">11)\u00a0<strong>Sezamov\u00e1 semena (sezam)<\/strong>\u00a0a v\u00fdrobky z nich<br \/>\n<\/span><span class=\"wnd-font-size-60\" style=\"color: #292929;\">12)\u00a0<strong>Oxid si\u0159i\u010dit\u00fd a si\u0159i\u010ditany<\/strong>\u00a0&#8211; v koncentrac\u00edch vy\u0161\u0161\u00edch ne\u017e 10 mg, ml\/kg, l, vyj\u00e1d\u0159eno SO2<br \/>\n<\/span><span style=\"color: #292929;\">13)\u00a0<\/span><strong style=\"color: #292929;\">Vl\u010d\u00ed bob (<\/strong><span style=\"color: #292929;\">lupina) a v\u00fdrobky z n\u011bj<br \/>\n<\/span><span class=\"wnd-font-size-60\" style=\"color: #292929;\">14)\u00a0<strong>M\u011bkk\u00fd\u0161<\/strong>i a v\u00fdrobky z nich<\/span><\/p>\n<p class=\"wnd-align-justify\"><span class=\"wsw-02 wnd-font-size-60\">Ozna\u010den\u00ed p\u0159\u00edtomnosti alergenu bude na j\u00eddeln\u00edm l\u00edstku za ka\u017ed\u00fdm pokrmem vyzna\u010deno v z\u00e1vorce \u010d\u00edslem ozna\u010duj\u00edc\u00ed alergen. U j\u00eddeln\u00edho l\u00edstku bude p\u0159\u00edloha &#8211; seznam legislativn\u011b stanoven\u00fdch alergen\u016f s ozna\u010den\u00edm \u010d\u00edsla, kter\u00e9 je p\u0159eneseno na j\u00eddeln\u00ed l\u00edstek. P\u0159\u00edtomnost alergenu bude p\u0159enesena z receptur a ingredienc\u00ed, kter\u00e9 byly pou\u017eity p\u0159i v\u00fdrob\u011b jednotliv\u00fdch pokrm\u016f ve \u0161koln\u00ed j\u00eddeln\u011b.\u00a0<\/span><\/p>\n","protected":false},"excerpt":{"rendered":"<p>Alergeny Odvol\u00e1n\u00ed na legislativu: EU &#8211; 2000\/13 do 13.12.2014 a pak nahrazena 1169\/2011 EU \u010dl\u00e1nek 21 Seznam potravinov\u00fdch alergen\u016f, kter\u00e9 podl\u00e9haj\u00ed legislativn\u00edmu ozna\u010dov\u00e1n\u00ed dle sm\u011brnice 1169\/2011 EU: \u010cR &#8211; vyhl\u00e1\u0161ka 113\/2005 Sb. O zp\u016fsobu ozna\u010dov\u00e1n\u00ed potravin 1)\u00a0Obiloviny obsahuj\u00edc\u00ed lepek: 1\/1 p\u0161enice, 1\/2 \u017eito, 1\/3 je\u010dmen, 1\/4 oves, 1\/5 \u0161palda, 1\/6 kamut nebo jejich hybridn\u00ed odr\u016fdy &hellip; <a href=\"http:\/\/bozetice.cz\/ms\/index.php\/jidelna\/alergeny\/\" class=\"more-link\">Pokra\u010dov\u00e1n\u00ed textu <span class=\"screen-reader-text\">Alergeny<\/span><\/a><\/p>\n","protected":false},"author":1,"featured_media":0,"parent":120,"menu_order":0,"comment_status":"closed","ping_status":"closed","template":"","meta":{"footnotes":""},"class_list":["post-151","page","type-page","status-publish","hentry"],"_links":{"self":[{"href":"http:\/\/bozetice.cz\/ms\/index.php\/wp-json\/wp\/v2\/pages\/151","targetHints":{"allow":["GET"]}}],"collection":[{"href":"http:\/\/bozetice.cz\/ms\/index.php\/wp-json\/wp\/v2\/pages"}],"about":[{"href":"http:\/\/bozetice.cz\/ms\/index.php\/wp-json\/wp\/v2\/types\/page"}],"author":[{"embeddable":true,"href":"http:\/\/bozetice.cz\/ms\/index.php\/wp-json\/wp\/v2\/users\/1"}],"replies":[{"embeddable":true,"href":"http:\/\/bozetice.cz\/ms\/index.php\/wp-json\/wp\/v2\/comments?post=151"}],"version-history":[{"count":2,"href":"http:\/\/bozetice.cz\/ms\/index.php\/wp-json\/wp\/v2\/pages\/151\/revisions"}],"predecessor-version":[{"id":174,"href":"http:\/\/bozetice.cz\/ms\/index.php\/wp-json\/wp\/v2\/pages\/151\/revisions\/174"}],"up":[{"embeddable":true,"href":"http:\/\/bozetice.cz\/ms\/index.php\/wp-json\/wp\/v2\/pages\/120"}],"wp:attachment":[{"href":"http:\/\/bozetice.cz\/ms\/index.php\/wp-json\/wp\/v2\/media?parent=151"}],"curies":[{"name":"wp","href":"https:\/\/api.w.org\/{rel}","templated":true}]}}