{"id":133,"date":"2018-09-13T21:43:07","date_gmt":"2018-09-13T19:43:07","guid":{"rendered":"http:\/\/bozetice.cz\/ms\/?page_id=133"},"modified":"2022-05-17T16:42:24","modified_gmt":"2022-05-17T14:42:24","slug":"pro-rodice","status":"publish","type":"page","link":"http:\/\/bozetice.cz\/ms\/index.php\/pro-rodice\/","title":{"rendered":"Pro rodi\u010de"},"content":{"rendered":"<div class=\"section header header-01 claim-section cf design-07-02 wsection-media-light wnd-background-pattern\">\n<div class=\"section-inner section-claim header-height-sp-01\">\n<div class=\"claim-content cf\">\n<div class=\"header-claim cf\">\n<h2 class=\"big-claim auto-font-size cf\"><span class=\"styled-inline-text claim-default brandon-grotesque\">Dovednosti nutn\u00e9 pro p\u0159ijet\u00ed<\/span><\/h2>\n<div class=\"small-claim cf\"><span class=\"styled-inline-text claim-default brandon-grotesque\">Co by m\u011blo va\u0161e d\u00edt\u011b um\u011bt:<\/span><\/div>\n<\/div>\n<\/div>\n<\/div>\n<\/div>\n<section class=\"section default-01 design-01 wsection-white\">\n<div class=\"section-bg\">\n<div class=\"section-bg-layer\"><\/div>\n<\/div>\n<div class=\"section-inner\">\n<div class=\"content cf wnd-no-cols\">\n<div class=\"text cf design-01\">\n<div class=\"text-content\">\n<ul type=\"disc\">\n<li>z\u00e1klady slu\u0161n\u00e9ho chov\u00e1n\u00ed &#8211; pozdravit, poprosit, pod\u011bkovat, respektovat pokyny dosp\u011bl\u00e9ho<\/li>\n<li>spolupracovat p\u0159i \u00faklidu<\/li>\n<li>um\u00fdt si ruce<\/li>\n<li>pou\u017e\u00edvat WC<\/li>\n<li>naj\u00edst se<\/li>\n<li>pou\u017e\u00edvat kapesn\u00edk, um\u011bt se vysmrkat<\/li>\n<li>svl\u00e9knout a obl\u00e9knout si jednoduch\u00e9 \u010d\u00e1sti oble\u010den\u00ed<\/li>\n<\/ul>\n<p>Mate\u0159sk\u00e1 \u0161kola m\u00e1 pestr\u00fd program, kter\u00fd p\u0159isp\u00edv\u00e1 k harmonick\u00e9mu rozvoji d\u00edt\u011bte.<br \/>\nVzd\u011bl\u00e1vac\u00ed obsah je obohacen celo\u0161koln\u00edmi dopl\u0148kov\u00fdmi programy, do kter\u00fdch jsou zapojeny v\u0161echny d\u011bti &#8211; environment\u00e1ln\u00ed program, divadlo.<\/p>\n<div class=\"section header header-01 claim-section cf design-07-02 wsection-media-light wnd-background-pattern\">\n<div class=\"section-inner section-claim header-height-sp-01\">\n<div class=\"claim-content cf\">\n<div class=\"header-claim cf\">\n<div class=\"small-claim cf\"><strong style=\"font-family: Bitter, Georgia, serif; font-size: 30px;\">Co si p<\/strong><strong style=\"font-family: Bitter, Georgia, serif; font-size: 30px;\">\u0159<\/strong><strong style=\"font-family: Bitter, Georgia, serif; font-size: 30px;\">in\u00e9st do mate<\/strong><strong style=\"font-family: Bitter, Georgia, serif; font-size: 30px;\">\u0159<\/strong><strong style=\"font-family: Bitter, Georgia, serif; font-size: 30px;\">sk\u00e9 \u0161koly<\/strong><\/div>\n<\/div>\n<\/div>\n<\/div>\n<\/div>\n<section class=\"section default-01 design-01 wsection-white\">\n<div class=\"section-inner\">\n<div class=\"content cf wnd-no-cols\">\n<div class=\"text cf design-01\">\n<div class=\"text-content\">\n<ul>\n<li>Fotografie d\u00edt\u011bte<\/li>\n<li>Zrc\u00e1tko (logopedick\u00e1 prevence v M\u0160)<\/li>\n<li>Zubn\u00ed kart\u00e1\u010dek a kel\u00edmek na vodu<\/li>\n<li>Ru\u010dn\u00edk<\/li>\n<li>Plastov\u00fd hrn\u00ed\u010dek na celodenn\u00ed pitn\u00fd re\u017eim<\/li>\n<li>Ba\u010dkorky nebo sand\u00e1le s pevnou patou a sv\u011btlou podr\u00e1\u017ekou na p\u0159ezut\u00ed (pantofle nejsou vhodn\u00e9)<\/li>\n<li>Py\u017eamo (pokud d\u00edt\u011b ve \u0161kolce odpo\u010d\u00edv\u00e1)<\/li>\n<li><strong>Oble<\/strong><strong>\u010d<\/strong><strong>en\u00ed do t<\/strong><strong>\u0159<\/strong><strong>\u00eddy<\/strong>\u00a0&#8211; tri\u010dko, tepl\u00e1ky \u010di kalhoty na gumu, leg\u00edny pop\u0159\u00edpad\u011b pun\u010doch\u00e1\u010de, z\u00e1st\u011brka nebo suk\u00e9nka, v tepl\u00fdch dnech kra\u0165asy \u010di \u0161aty<\/li>\n<li><strong>Oble<\/strong><strong>\u010d<\/strong><strong>en\u00ed a vhodnou obuv na ven<\/strong>\u00a0&#8211; takov\u00e9 oble\u010den\u00ed, kter\u00e9 se m\u016f\u017ee p\u0159i pobytu venku umazat, kvalitn\u00ed obuv na proch\u00e1zky do p\u0159\u00edrody<\/li>\n<li><strong>N\u00e1hradn\u00ed oble\u010den\u00ed<\/strong>\u00a0&#8211; v\u011bci na p\u0159evle\u010den\u00ed budou v \u0161atn\u011b v s\u00e1\u010dku (spodn\u00ed pr\u00e1dlo, pono\u017eky, pun\u010doch\u00e1\u010de, tri\u010dko, tepl\u00e1ky \u010di leg\u00edny) &#8211; pot\u0159ebu ur\u010d\u00ed rodi\u010de<\/li>\n<li>Pl\u00e1\u0161t\u011bnku<\/li>\n<li>Holinky<\/li>\n<li>Pokr\u00fdvka hlavy dle ro\u010dn\u00edho obdob\u00ed (\u010depice, klobou\u010dek, k\u0161iltovka)<\/li>\n<li><strong>Sledujte po<\/strong><strong>\u010d<\/strong><strong>as\u00ed a podle toho d<\/strong><strong>\u011b<\/strong><strong>ti obl\u00e9kejte.\u00a0<\/strong>Ven chod\u00edme t\u00e9m\u011b\u0159 za ka\u017ed\u00e9ho po\u010das\u00ed, aby byly d\u011bti na \u010derstv\u00e9m vzduchu a otu\u017eovaly se. Oble\u010den\u00ed do t\u0159\u00eddy a na zahradu p\u0159izp\u016fsobte moment\u00e1ln\u00edmu ro\u010dn\u00edmu obdob\u00ed, po\u010das\u00ed a topn\u00e9 sezon\u011b.<\/li>\n<li>Vzhledem k tomu, \u017ee si d\u011bti svoje v\u011bci \u010dasto nepoznaj\u00ed, je\u00a0<strong>NUTN\u00c9 v\u0161e d\u016fkladn\u011b podepsat!<\/strong>(sta\u010d\u00ed permanentn\u00ed fixou). P\u0159edejdeme t\u00edm v\u0161ichni zbyte\u010dn\u00fdm nep\u0159\u00edjemnostem, d\u011bkujeme.<\/li>\n<li>Dejte d\u011btem takov\u00e9 oble\u010den\u00ed, kter\u00e9 z v\u011bt\u0161\u00ed \u010d\u00e1sti zvl\u00e1dnou samostatn\u011b obl\u00e9kat a z\u00e1rove\u0148 nebudou m\u00edt strach si je u\u0161pinit. (samostatnost je pro d\u011bti velkou v\u00fdhodou &#8211; nec\u00edt\u00ed se bezradn\u011b).<\/li>\n<\/ul>\n<p>Samoz\u0159ejmost\u00ed v\u0161ak je, \u017ee person\u00e1l a pan\u00ed u\u010ditelky d\u011btem pom\u00e1haj\u00ed.<\/p>\n<ul>\n<li>UPOZOR\u0147UJEME RODI\u010cE, \u017dE KALHOTY (TEPL\u00c1KY, LEG\u00cdNY) UR\u010cEN\u00c9 DO T\u0158\u00cdDY, NESM\u00cd B\u00ddT NO\u0160ENY TAK\u00c9 NA POBYT VENKU.<\/li>\n<\/ul>\n<p>&nbsp;<\/p>\n<\/div>\n<\/div>\n<\/div>\n<\/div>\n<\/section>\n<\/div>\n<\/div>\n<\/div>\n<\/div>\n<\/section>\n","protected":false},"excerpt":{"rendered":"<p>Dovednosti nutn\u00e9 pro p\u0159ijet\u00ed Co by m\u011blo va\u0161e d\u00edt\u011b um\u011bt: z\u00e1klady slu\u0161n\u00e9ho chov\u00e1n\u00ed &#8211; pozdravit, poprosit, pod\u011bkovat, respektovat pokyny dosp\u011bl\u00e9ho spolupracovat p\u0159i \u00faklidu um\u00fdt si ruce pou\u017e\u00edvat WC naj\u00edst se pou\u017e\u00edvat kapesn\u00edk, um\u011bt se vysmrkat svl\u00e9knout a obl\u00e9knout si jednoduch\u00e9 \u010d\u00e1sti oble\u010den\u00ed Mate\u0159sk\u00e1 \u0161kola m\u00e1 pestr\u00fd program, kter\u00fd p\u0159isp\u00edv\u00e1 k harmonick\u00e9mu rozvoji d\u00edt\u011bte. Vzd\u011bl\u00e1vac\u00ed obsah &hellip; <a href=\"http:\/\/bozetice.cz\/ms\/index.php\/pro-rodice\/\" class=\"more-link\">Pokra\u010dov\u00e1n\u00ed textu <span class=\"screen-reader-text\">Pro rodi\u010de<\/span><\/a><\/p>\n","protected":false},"author":1,"featured_media":0,"parent":0,"menu_order":0,"comment_status":"closed","ping_status":"closed","template":"","meta":{"footnotes":""},"class_list":["post-133","page","type-page","status-publish","hentry"],"_links":{"self":[{"href":"http:\/\/bozetice.cz\/ms\/index.php\/wp-json\/wp\/v2\/pages\/133","targetHints":{"allow":["GET"]}}],"collection":[{"href":"http:\/\/bozetice.cz\/ms\/index.php\/wp-json\/wp\/v2\/pages"}],"about":[{"href":"http:\/\/bozetice.cz\/ms\/index.php\/wp-json\/wp\/v2\/types\/page"}],"author":[{"embeddable":true,"href":"http:\/\/bozetice.cz\/ms\/index.php\/wp-json\/wp\/v2\/users\/1"}],"replies":[{"embeddable":true,"href":"http:\/\/bozetice.cz\/ms\/index.php\/wp-json\/wp\/v2\/comments?post=133"}],"version-history":[{"count":5,"href":"http:\/\/bozetice.cz\/ms\/index.php\/wp-json\/wp\/v2\/pages\/133\/revisions"}],"predecessor-version":[{"id":771,"href":"http:\/\/bozetice.cz\/ms\/index.php\/wp-json\/wp\/v2\/pages\/133\/revisions\/771"}],"wp:attachment":[{"href":"http:\/\/bozetice.cz\/ms\/index.php\/wp-json\/wp\/v2\/media?parent=133"}],"curies":[{"name":"wp","href":"https:\/\/api.w.org\/{rel}","templated":true}]}}