{"id":128,"date":"2018-09-13T21:36:01","date_gmt":"2018-09-13T19:36:01","guid":{"rendered":"http:\/\/bozetice.cz\/ms\/?page_id=128"},"modified":"2026-02-03T14:48:11","modified_gmt":"2026-02-03T13:48:11","slug":"platby-stravneho","status":"publish","type":"page","link":"http:\/\/bozetice.cz\/ms\/index.php\/jidelna\/platby-stravneho\/","title":{"rendered":"Platby stravn\u00e9ho"},"content":{"rendered":"<p>Stravn\u00e9 se plat\u00ed v\u017edy po ukon\u010den\u00e9m m\u011bs\u00edci.<\/p>\n<p>Vedouc\u00ed \u0161koln\u00ed j\u00eddelny rodi\u010d\u016fm nap\u00ed\u0161e jakou \u010d\u00e1stku za projeden\u00e9 ob\u011bdy za dan\u00fd m\u011bs\u00edc zaplat\u00ed.<\/p>\n<p>&nbsp;<\/p>\n<p><span style=\"color: #000000;\"><strong>Komer\u010dn\u00ed banka &#8211; pobo\u010dka Milevsko<\/strong><\/span><\/p>\n<p><span style=\"color: #ff0000;\"><strong><span class=\"label\">\u010c\u00edslo \u00fa\u010dtu:\u00a0<\/span><span id=\"id21f\" class=\"value\">115-5340970217\/0100<\/span><\/strong><\/span><\/p>\n<hr \/>\n<h2 style=\"text-align: center;\"><strong>Ceny stravn\u00e9ho v Mate\u0159sk\u00e9 \u0161kole Bo\u017eetice<\/strong><\/h2>\n<h2 style=\"text-align: center;\"><strong> od 1.9.2025<\/strong><\/h2>\n<ol>\n<li><strong><u>Str\u00e1vn\u00edci 2-3 roky a str\u00e1vn\u00edci 3-6 let<\/u><\/strong><\/li>\n<\/ol>\n<p>P\u0159esn\u00edd\u00e1vka\u00a0\u00a0\u00a0\u00a0\u00a0\u00a0\u00a0\u00a0\u00a0\u00a0\u00a0\u00a0\u00a0\u00a0\u00a0\u00a0\u00a0\u00a0\u00a0\u00a0\u00a0\u00a0\u00a0\u00a0\u00a0\u00a0\u00a0\u00a0\u00a0\u00a0\u00a0\u00a0\u00a0\u00a0\u00a0\u00a0\u00a0\u00a0\u00a0 10,- K\u010d<\/p>\n<p>Ob\u011bd\u00a0\u00a0\u00a0\u00a0\u00a0\u00a0\u00a0\u00a0\u00a0\u00a0\u00a0\u00a0\u00a0\u00a0\u00a0\u00a0\u00a0\u00a0\u00a0\u00a0\u00a0\u00a0\u00a0\u00a0\u00a0\u00a0\u00a0\u00a0\u00a0\u00a0\u00a0\u00a0\u00a0\u00a0\u00a0\u00a0\u00a0\u00a0\u00a0\u00a0\u00a0\u00a0\u00a0\u00a0\u00a0\u00a0\u00a0\u00a0\u00a0\u00a0 25,- K\u010d<\/p>\n<p>Sva\u010dina\u00a0\u00a0\u00a0\u00a0\u00a0\u00a0\u00a0\u00a0\u00a0\u00a0\u00a0\u00a0\u00a0\u00a0\u00a0\u00a0\u00a0\u00a0\u00a0\u00a0\u00a0\u00a0\u00a0\u00a0\u00a0\u00a0\u00a0\u00a0\u00a0\u00a0\u00a0\u00a0\u00a0\u00a0\u00a0\u00a0\u00a0\u00a0\u00a0\u00a0\u00a0\u00a0\u00a0\u00a0\u00a0\u00a0 10,- K\u010d<\/p>\n<p><strong>Celkem celodenn\u00ed stravov\u00e1n\u00ed:\u00a0\u00a0\u00a0\u00a0\u00a0\u00a0\u00a0\u00a0 45,- K\u010d<\/strong><\/p>\n<p><strong>\u00a0<\/strong><\/p>\n<p><u>\u00a0<\/u><\/p>\n<ol start=\"2\">\n<li><strong><u>Str\u00e1vn\u00edci 7 \u2013 10 let<\/u><\/strong><\/li>\n<\/ol>\n<p>P\u0159esn\u00edd\u00e1vka\u00a0\u00a0\u00a0\u00a0\u00a0\u00a0\u00a0\u00a0\u00a0\u00a0\u00a0\u00a0\u00a0\u00a0\u00a0\u00a0\u00a0\u00a0\u00a0\u00a0\u00a0\u00a0\u00a0\u00a0\u00a0\u00a0\u00a0\u00a0\u00a0\u00a0\u00a0\u00a0\u00a0\u00a0\u00a0\u00a0\u00a0\u00a0\u00a0 11,- K\u010d<\/p>\n<p>Ob\u011bd\u00a0\u00a0\u00a0\u00a0\u00a0\u00a0\u00a0\u00a0\u00a0\u00a0\u00a0\u00a0\u00a0\u00a0\u00a0\u00a0\u00a0\u00a0\u00a0\u00a0\u00a0\u00a0\u00a0\u00a0\u00a0\u00a0\u00a0\u00a0\u00a0\u00a0\u00a0\u00a0\u00a0\u00a0\u00a0\u00a0\u00a0\u00a0\u00a0\u00a0\u00a0\u00a0\u00a0\u00a0\u00a0\u00a0\u00a0\u00a0\u00a0\u00a0 27,- K\u010d<\/p>\n<p>Sva\u010dina\u00a0\u00a0\u00a0\u00a0\u00a0\u00a0\u00a0\u00a0\u00a0\u00a0\u00a0\u00a0\u00a0\u00a0\u00a0\u00a0\u00a0\u00a0\u00a0\u00a0\u00a0\u00a0\u00a0\u00a0\u00a0\u00a0\u00a0\u00a0\u00a0\u00a0\u00a0\u00a0\u00a0\u00a0\u00a0\u00a0\u00a0\u00a0\u00a0\u00a0\u00a0\u00a0\u00a0\u00a0\u00a0\u00a0 11,- K\u010d<\/p>\n<p><strong>Celkem celodenn\u00ed stravov\u00e1n\u00ed:\u00a0\u00a0\u00a0\u00a0\u00a0\u00a0\u00a0\u00a0 49,- K\u010d<\/strong><\/p>\n<p><strong>\u00a0<\/strong><\/p>\n<p>&nbsp;<\/p>\n<p><em>ceny plat\u00ed od 1.9.2025<\/em><\/p>\n","protected":false},"excerpt":{"rendered":"<p>Stravn\u00e9 se plat\u00ed v\u017edy po ukon\u010den\u00e9m m\u011bs\u00edci. Vedouc\u00ed \u0161koln\u00ed j\u00eddelny rodi\u010d\u016fm nap\u00ed\u0161e jakou \u010d\u00e1stku za projeden\u00e9 ob\u011bdy za dan\u00fd m\u011bs\u00edc zaplat\u00ed. &nbsp; Komer\u010dn\u00ed banka &#8211; pobo\u010dka Milevsko \u010c\u00edslo \u00fa\u010dtu:\u00a0115-5340970217\/0100 Ceny stravn\u00e9ho v Mate\u0159sk\u00e9 \u0161kole Bo\u017eetice od 1.9.2025 Str\u00e1vn\u00edci 2-3 roky a str\u00e1vn\u00edci 3-6 let P\u0159esn\u00edd\u00e1vka\u00a0\u00a0\u00a0\u00a0\u00a0\u00a0\u00a0\u00a0\u00a0\u00a0\u00a0\u00a0\u00a0\u00a0\u00a0\u00a0\u00a0\u00a0\u00a0\u00a0\u00a0\u00a0\u00a0\u00a0\u00a0\u00a0\u00a0\u00a0\u00a0\u00a0\u00a0\u00a0\u00a0\u00a0\u00a0\u00a0\u00a0\u00a0\u00a0 10,- K\u010d Ob\u011bd\u00a0\u00a0\u00a0\u00a0\u00a0\u00a0\u00a0\u00a0\u00a0\u00a0\u00a0\u00a0\u00a0\u00a0\u00a0\u00a0\u00a0\u00a0\u00a0\u00a0\u00a0\u00a0\u00a0\u00a0\u00a0\u00a0\u00a0\u00a0\u00a0\u00a0\u00a0\u00a0\u00a0\u00a0\u00a0\u00a0\u00a0\u00a0\u00a0\u00a0\u00a0\u00a0\u00a0\u00a0\u00a0\u00a0\u00a0\u00a0\u00a0\u00a0 25,- K\u010d Sva\u010dina\u00a0\u00a0\u00a0\u00a0\u00a0\u00a0\u00a0\u00a0\u00a0\u00a0\u00a0\u00a0\u00a0\u00a0\u00a0\u00a0\u00a0\u00a0\u00a0\u00a0\u00a0\u00a0\u00a0\u00a0\u00a0\u00a0\u00a0\u00a0\u00a0\u00a0\u00a0\u00a0\u00a0\u00a0\u00a0\u00a0\u00a0\u00a0\u00a0\u00a0\u00a0\u00a0\u00a0\u00a0\u00a0\u00a0 10,- K\u010d Celkem celodenn\u00ed &hellip; <a href=\"http:\/\/bozetice.cz\/ms\/index.php\/jidelna\/platby-stravneho\/\" class=\"more-link\">Pokra\u010dov\u00e1n\u00ed textu <span class=\"screen-reader-text\">Platby stravn\u00e9ho<\/span><\/a><\/p>\n","protected":false},"author":1,"featured_media":0,"parent":120,"menu_order":0,"comment_status":"closed","ping_status":"closed","template":"","meta":{"footnotes":""},"class_list":["post-128","page","type-page","status-publish","hentry"],"_links":{"self":[{"href":"http:\/\/bozetice.cz\/ms\/index.php\/wp-json\/wp\/v2\/pages\/128","targetHints":{"allow":["GET"]}}],"collection":[{"href":"http:\/\/bozetice.cz\/ms\/index.php\/wp-json\/wp\/v2\/pages"}],"about":[{"href":"http:\/\/bozetice.cz\/ms\/index.php\/wp-json\/wp\/v2\/types\/page"}],"author":[{"embeddable":true,"href":"http:\/\/bozetice.cz\/ms\/index.php\/wp-json\/wp\/v2\/users\/1"}],"replies":[{"embeddable":true,"href":"http:\/\/bozetice.cz\/ms\/index.php\/wp-json\/wp\/v2\/comments?post=128"}],"version-history":[{"count":13,"href":"http:\/\/bozetice.cz\/ms\/index.php\/wp-json\/wp\/v2\/pages\/128\/revisions"}],"predecessor-version":[{"id":1332,"href":"http:\/\/bozetice.cz\/ms\/index.php\/wp-json\/wp\/v2\/pages\/128\/revisions\/1332"}],"up":[{"embeddable":true,"href":"http:\/\/bozetice.cz\/ms\/index.php\/wp-json\/wp\/v2\/pages\/120"}],"wp:attachment":[{"href":"http:\/\/bozetice.cz\/ms\/index.php\/wp-json\/wp\/v2\/media?parent=128"}],"curies":[{"name":"wp","href":"https:\/\/api.w.org\/{rel}","templated":true}]}}