{"id":124,"date":"2018-09-13T21:32:30","date_gmt":"2018-09-13T19:32:30","guid":{"rendered":"http:\/\/bozetice.cz\/ms\/?page_id=124"},"modified":"2025-11-21T12:41:22","modified_gmt":"2025-11-21T11:41:22","slug":"jidelni-listek","status":"publish","type":"page","link":"http:\/\/bozetice.cz\/ms\/index.php\/jidelna\/jidelni-listek\/","title":{"rendered":"J\u00eddeln\u00ed l\u00edstek"},"content":{"rendered":"<h2><strong>\u00a0 \u00a0 \u00a0 \u00a0 \u00a0 \u00a0 \u00a0 \u00a0 \u00a0 \u00a0 \u00a0 \u00a0 \u00a0 \u00a0 \u00a0 \u00a0 \u00a0 \u00a0 \u00a0 \u00a0 \u00a0<span style=\"color: #ffcc00;\"> \u00a0 J\u00eddeln\u00ed l\u00edstek<\/span><\/strong><\/h2>\n<h3>Aktu\u00e1ln\u00ed j\u00eddeln\u00ed l\u00edstek je pro rodi\u010de d\u011bt\u00ed vkl\u00e1d\u00e1n na aplikaci Twigsee.<\/h3>\n<p><strong style=\"text-align: center;\"><br \/>\nPitn\u00fd re\u017eim b\u011bhem cel\u00e9ho dne: voda, <\/strong><strong style=\"text-align: center;\">\u010daj, ovocn\u00e9 \u0161\u0165\u00e1vy, \u0159ed\u011bn\u00e9 d\u017eusy a ovocn\u00e9 mo\u0161ty<\/strong><\/p>\n<p style=\"text-align: center;\">Zm\u011bna j\u00eddeln\u00edho l\u00edstku vyhrazena.<\/p>\n<p style=\"text-align: center;\">Alergeny jsou ke shl\u00e9dnut\u00ed na webov\u00fdch str\u00e1nk\u00e1ch mate\u0159sk\u00e9 \u0161koly \/sekce: Ke sta\u017een\u00ed\/\u00a0a na n\u00e1st\u011bnce ve vstupn\u00ed hale \u0161koly<\/p>\n<p style=\"text-align: center;\"><strong>V\u00fdrobky \u0161koln\u00ed j\u00eddelny neskladujte, spot\u0159ebujte do 30 minut od p\u0159evzet\u00ed!<\/strong><\/p>\n<p style=\"text-align: center;\"><strong>\u00a0<\/strong><strong>\u00a0 \u00a0 \u00a0 \u00a0 \u00a0 \u00a0 \u00a0 \u00a0 \u00a0 \u00a0 \u00a0 \u00a0 \u00a0 \u00a0 \u00a0 \u00a0\u00a0<\/strong><\/p>\n<p style=\"text-align: center;\">\n","protected":false},"excerpt":{"rendered":"<p>\u00a0 \u00a0 \u00a0 \u00a0 \u00a0 \u00a0 \u00a0 \u00a0 \u00a0 \u00a0 \u00a0 \u00a0 \u00a0 \u00a0 \u00a0 \u00a0 \u00a0 \u00a0 \u00a0 \u00a0 \u00a0 \u00a0 J\u00eddeln\u00ed l\u00edstek Aktu\u00e1ln\u00ed j\u00eddeln\u00ed l\u00edstek je pro rodi\u010de d\u011bt\u00ed vkl\u00e1d\u00e1n na aplikaci Twigsee. Pitn\u00fd re\u017eim b\u011bhem cel\u00e9ho dne: voda, \u010daj, ovocn\u00e9 \u0161\u0165\u00e1vy, \u0159ed\u011bn\u00e9 d\u017eusy a ovocn\u00e9 mo\u0161ty Zm\u011bna j\u00eddeln\u00edho l\u00edstku vyhrazena. Alergeny jsou &hellip; <a href=\"http:\/\/bozetice.cz\/ms\/index.php\/jidelna\/jidelni-listek\/\" class=\"more-link\">Pokra\u010dov\u00e1n\u00ed textu <span class=\"screen-reader-text\">J\u00eddeln\u00ed l\u00edstek<\/span><\/a><\/p>\n","protected":false},"author":1,"featured_media":0,"parent":120,"menu_order":0,"comment_status":"closed","ping_status":"closed","template":"","meta":{"footnotes":""},"class_list":["post-124","page","type-page","status-publish","hentry"],"_links":{"self":[{"href":"http:\/\/bozetice.cz\/ms\/index.php\/wp-json\/wp\/v2\/pages\/124","targetHints":{"allow":["GET"]}}],"collection":[{"href":"http:\/\/bozetice.cz\/ms\/index.php\/wp-json\/wp\/v2\/pages"}],"about":[{"href":"http:\/\/bozetice.cz\/ms\/index.php\/wp-json\/wp\/v2\/types\/page"}],"author":[{"embeddable":true,"href":"http:\/\/bozetice.cz\/ms\/index.php\/wp-json\/wp\/v2\/users\/1"}],"replies":[{"embeddable":true,"href":"http:\/\/bozetice.cz\/ms\/index.php\/wp-json\/wp\/v2\/comments?post=124"}],"version-history":[{"count":304,"href":"http:\/\/bozetice.cz\/ms\/index.php\/wp-json\/wp\/v2\/pages\/124\/revisions"}],"predecessor-version":[{"id":1323,"href":"http:\/\/bozetice.cz\/ms\/index.php\/wp-json\/wp\/v2\/pages\/124\/revisions\/1323"}],"up":[{"embeddable":true,"href":"http:\/\/bozetice.cz\/ms\/index.php\/wp-json\/wp\/v2\/pages\/120"}],"wp:attachment":[{"href":"http:\/\/bozetice.cz\/ms\/index.php\/wp-json\/wp\/v2\/media?parent=124"}],"curies":[{"name":"wp","href":"https:\/\/api.w.org\/{rel}","templated":true}]}}