{"id":120,"date":"2018-09-13T21:23:25","date_gmt":"2018-09-13T19:23:25","guid":{"rendered":"http:\/\/bozetice.cz\/ms\/?page_id=120"},"modified":"2021-09-08T17:39:01","modified_gmt":"2021-09-08T15:39:01","slug":"jidelna","status":"publish","type":"page","link":"http:\/\/bozetice.cz\/ms\/index.php\/jidelna\/","title":{"rendered":"J\u00eddelna"},"content":{"rendered":"<h3 class=\"wnd-align-center\"><strong>Vedouc\u00ed \u0161koln\u00ed j\u00eddelny, kucha\u0159ka a \u0161kolnice:<\/strong><\/h3>\n<div class=\"wnd-align-center\">Pavl\u00edna Zemanov\u00e1<\/div>\n<p class=\"wnd-align-center\"><span class=\"wnd-font-size-130\">P\u0159ihla\u0161ov\u00e1n\u00ed a odhla\u0161ov\u00e1n\u00ed d\u011bt\u00ed telefonicky nebo SMS zpr\u00e1vou na \u010d\u00edsle:<b>\u00a0<\/b><\/span><\/p>\n<p class=\"wnd-align-center\"><span class=\"wnd-font-size-130\"><b>775 373 500 \u00a0 \u00a0 <\/b>nebo<b> \u00a0 \u00a0 382 581 436<\/b><\/span><\/p>\n<h3 class=\"wnd-align-center\"><strong>P\u0159ihl\u00e1\u0161ky a odhl\u00e1\u0161ky stravn\u00e9ho<\/strong><\/h3>\n<p>P\u0159ihl\u00e1\u0161ky a odhl\u00e1\u0161ky stravn\u00e9ho prov\u00e1d\u011bjte den p\u0159edem.<\/p>\n<p>Pokud nebude d\u00edt\u011b odhl\u00e1\u0161eno bude mu ob\u011bd v dan\u00fd den \u00fa\u010dtov\u00e1n.<\/p>\n<p>Vyhl\u00e1\u0161ka \u010d. 14\/2005 Sb., o p\u0159ed\u0161koln\u00edm vzd\u011bl\u00e1v\u00e1n\u00ed<\/p>\n<p><strong>\u00a74 Stravov\u00e1n\u00ed &#8211;\u00a0<\/strong>Je-li d\u00edt\u011b p\u0159\u00edtomno v mate\u0159sk\u00e9 \u0161kole v dob\u011b pod\u00e1v\u00e1n\u00ed j\u00eddla stravuje se v\u017edy.<\/p>\n<p>Vyhl\u00e1\u0161ka \u010d. 107\/2005 Sb., o \u0161koln\u00edm stravov\u00e1n\u00ed:<\/p>\n<p><b>\u00a0\u00a0\u00a74 vymezuje rozsah slu\u017eeb \u0161koln\u00edho stravov\u00e1n\u00ed<\/b><\/p>\n<p>odst. 9. Prvn\u00ed den nepl\u00e1novan\u00e9 nep\u0159\u00edtomnosti str\u00e1vn\u00edka ve \u0161kole nebo \u0161kolsk\u00e9m za\u0159\u00edzen\u00ed se pro \u00fa\u010dely t\u00e9to vyhl\u00e1\u0161ky pova\u017euje za pobyt ve \u0161kole nebo \u0161kolsk\u00e9m za\u0159\u00edzen\u00ed. V tomto okam\u017eiku vznik\u00e1 n\u00e1rok na vyzvednut\u00ed ob\u011bda &#8211; \u017e\u00e1dejte u pan\u00ed kucha\u0159ky v dob\u011b od 11,15 hod do 11.30 hod.<\/p>\n<p class=\"wnd-align-justify\">\n","protected":false},"excerpt":{"rendered":"<p>Vedouc\u00ed \u0161koln\u00ed j\u00eddelny, kucha\u0159ka a \u0161kolnice: Pavl\u00edna Zemanov\u00e1 P\u0159ihla\u0161ov\u00e1n\u00ed a odhla\u0161ov\u00e1n\u00ed d\u011bt\u00ed telefonicky nebo SMS zpr\u00e1vou na \u010d\u00edsle:\u00a0 775 373 500 \u00a0 \u00a0 nebo \u00a0 \u00a0 382 581 436 P\u0159ihl\u00e1\u0161ky a odhl\u00e1\u0161ky stravn\u00e9ho P\u0159ihl\u00e1\u0161ky a odhl\u00e1\u0161ky stravn\u00e9ho prov\u00e1d\u011bjte den p\u0159edem. Pokud nebude d\u00edt\u011b odhl\u00e1\u0161eno bude mu ob\u011bd v dan\u00fd den \u00fa\u010dtov\u00e1n. Vyhl\u00e1\u0161ka \u010d. 14\/2005 Sb., &hellip; <a href=\"http:\/\/bozetice.cz\/ms\/index.php\/jidelna\/\" class=\"more-link\">Pokra\u010dov\u00e1n\u00ed textu <span class=\"screen-reader-text\">J\u00eddelna<\/span><\/a><\/p>\n","protected":false},"author":1,"featured_media":0,"parent":0,"menu_order":0,"comment_status":"closed","ping_status":"closed","template":"","meta":{"footnotes":""},"class_list":["post-120","page","type-page","status-publish","hentry"],"_links":{"self":[{"href":"http:\/\/bozetice.cz\/ms\/index.php\/wp-json\/wp\/v2\/pages\/120","targetHints":{"allow":["GET"]}}],"collection":[{"href":"http:\/\/bozetice.cz\/ms\/index.php\/wp-json\/wp\/v2\/pages"}],"about":[{"href":"http:\/\/bozetice.cz\/ms\/index.php\/wp-json\/wp\/v2\/types\/page"}],"author":[{"embeddable":true,"href":"http:\/\/bozetice.cz\/ms\/index.php\/wp-json\/wp\/v2\/users\/1"}],"replies":[{"embeddable":true,"href":"http:\/\/bozetice.cz\/ms\/index.php\/wp-json\/wp\/v2\/comments?post=120"}],"version-history":[{"count":6,"href":"http:\/\/bozetice.cz\/ms\/index.php\/wp-json\/wp\/v2\/pages\/120\/revisions"}],"predecessor-version":[{"id":637,"href":"http:\/\/bozetice.cz\/ms\/index.php\/wp-json\/wp\/v2\/pages\/120\/revisions\/637"}],"wp:attachment":[{"href":"http:\/\/bozetice.cz\/ms\/index.php\/wp-json\/wp\/v2\/media?parent=120"}],"curies":[{"name":"wp","href":"https:\/\/api.w.org\/{rel}","templated":true}]}}