{"id":10,"date":"2018-09-13T09:04:33","date_gmt":"2018-09-13T07:04:33","guid":{"rendered":"http:\/\/bozetice.cz\/ms\/?page_id=10"},"modified":"2023-09-05T13:18:32","modified_gmt":"2023-09-05T11:18:32","slug":"kontakt","status":"publish","type":"page","link":"http:\/\/bozetice.cz\/ms\/index.php\/o-nas\/kontakt\/","title":{"rendered":"Kontakt"},"content":{"rendered":"<h3 style=\"text-align: left;\"><strong><u>Mate\u0159sk\u00e1 \u0161kola Bo\u017eetice<\/u><\/strong><\/h3>\n<p style=\"text-align: left;\"><strong>Adresa:<\/strong>\u00a0\u00a0\u00a0 Bo\u017eetice 7<\/p>\n<p style=\"text-align: left;\">\u00a0 \u00a0 \u00a0 \u00a0 \u00a0 \u00a0 \u00a0 \u00a0 \u00a0 \u00a0 399 01\u00a0 \u00a0Milevsko<\/p>\n<p style=\"text-align: left;\"><strong><u>\u00a0I\u010c: <\/u><\/strong><u>71000569<\/u><\/p>\n<p style=\"text-align: left;\"><strong>Datov\u00e1 schr\u00e1nka:\u00a0<\/strong><span class=\"light _ngcontent-aqy-20\">ID schr\u00e1nky:\u00a0<\/span><strong class=\"_ngcontent-aqy-20\">q4zkk3x<\/strong><\/p>\n<p style=\"text-align: left;\"><strong>Telefon:<\/strong>\u00a0382\u00a0581\u00a0436, 774 287 188<\/p>\n<p style=\"text-align: left;\"><strong>E-mail:<\/strong>\u00a0<a href=\"mailto:ms@bozetice.cz\">ms@bozetice.cz<\/a><\/p>\n<p style=\"text-align: left;\"><strong>Web:<\/strong>\u00a0www.bozetice.cz\/ms<\/p>\n<h3 style=\"text-align: left;\"><strong><u>Z\u0159izovatel M\u0160 Bo\u017eetice: Obec Bo\u017eetice<\/u><\/strong><\/h3>\n<p style=\"text-align: left;\"><strong>Adresa:\u00a0\u00a0\u00a0\u00a0\u00a0\u00a0\u00a0\u00a0<\/strong>\u00a0 Bo\u017eetice 17<\/p>\n<p style=\"text-align: left;\">\u00a0\u00a0\u00a0\u00a0\u00a0\u00a0\u00a0\u00a0\u00a0\u00a0\u00a0\u00a0\u00a0\u00a0\u00a0\u00a0\u00a0\u00a0\u00a0\u00a0\u00a0\u00a0\u00a0 399 01 Milevsko<\/p>\n<p style=\"text-align: left;\"><strong>Telefon:\u00a0\u00a0\u00a0\u00a0\u00a0\u00a0\u00a0 <\/strong>382\u00a0581\u00a0433<\/p>\n<p style=\"text-align: left;\"><strong>Fax:\u00a0\u00a0\u00a0\u00a0 \u00a0\u00a0<\/strong>\u00a0\u00a0\u00a0\u00a0\u00a0\u00a0\u00a0 382\u00a0581\u00a0433<\/p>\n<p style=\"text-align: left;\"><strong>E-mail:\u00a0<\/strong><a href=\"mailto:obec@bozetice.cz\"><strong>obec@bozetice.cz<\/strong><\/a><\/p>\n<p style=\"text-align: left;\"><strong>Web:\u00a0<\/strong><a href=\"http:\/\/www.bozetice.cz\/\"><strong>www.bozetice.cz<\/strong><\/a><\/p>\n<p style=\"text-align: left;\">\n","protected":false},"excerpt":{"rendered":"<p>Mate\u0159sk\u00e1 \u0161kola Bo\u017eetice Adresa:\u00a0\u00a0\u00a0 Bo\u017eetice 7 \u00a0 \u00a0 \u00a0 \u00a0 \u00a0 \u00a0 \u00a0 \u00a0 \u00a0 \u00a0 399 01\u00a0 \u00a0Milevsko \u00a0I\u010c: 71000569 Datov\u00e1 schr\u00e1nka:\u00a0ID schr\u00e1nky:\u00a0q4zkk3x Telefon:\u00a0382\u00a0581\u00a0436, 774 287 188 E-mail:\u00a0ms@bozetice.cz Web:\u00a0www.bozetice.cz\/ms Z\u0159izovatel M\u0160 Bo\u017eetice: Obec Bo\u017eetice Adresa:\u00a0\u00a0\u00a0\u00a0\u00a0\u00a0\u00a0\u00a0\u00a0 Bo\u017eetice 17 \u00a0\u00a0\u00a0\u00a0\u00a0\u00a0\u00a0\u00a0\u00a0\u00a0\u00a0\u00a0\u00a0\u00a0\u00a0\u00a0\u00a0\u00a0\u00a0\u00a0\u00a0\u00a0\u00a0 399 01 Milevsko Telefon:\u00a0\u00a0\u00a0\u00a0\u00a0\u00a0\u00a0 382\u00a0581\u00a0433 Fax:\u00a0\u00a0\u00a0\u00a0 \u00a0\u00a0\u00a0\u00a0\u00a0\u00a0\u00a0\u00a0\u00a0 382\u00a0581\u00a0433 E-mail:\u00a0obec@bozetice.cz Web:\u00a0www.bozetice.cz<\/p>\n","protected":false},"author":1,"featured_media":0,"parent":9,"menu_order":0,"comment_status":"closed","ping_status":"closed","template":"","meta":{"footnotes":""},"class_list":["post-10","page","type-page","status-publish","hentry"],"_links":{"self":[{"href":"http:\/\/bozetice.cz\/ms\/index.php\/wp-json\/wp\/v2\/pages\/10","targetHints":{"allow":["GET"]}}],"collection":[{"href":"http:\/\/bozetice.cz\/ms\/index.php\/wp-json\/wp\/v2\/pages"}],"about":[{"href":"http:\/\/bozetice.cz\/ms\/index.php\/wp-json\/wp\/v2\/types\/page"}],"author":[{"embeddable":true,"href":"http:\/\/bozetice.cz\/ms\/index.php\/wp-json\/wp\/v2\/users\/1"}],"replies":[{"embeddable":true,"href":"http:\/\/bozetice.cz\/ms\/index.php\/wp-json\/wp\/v2\/comments?post=10"}],"version-history":[{"count":19,"href":"http:\/\/bozetice.cz\/ms\/index.php\/wp-json\/wp\/v2\/pages\/10\/revisions"}],"predecessor-version":[{"id":981,"href":"http:\/\/bozetice.cz\/ms\/index.php\/wp-json\/wp\/v2\/pages\/10\/revisions\/981"}],"up":[{"embeddable":true,"href":"http:\/\/bozetice.cz\/ms\/index.php\/wp-json\/wp\/v2\/pages\/9"}],"wp:attachment":[{"href":"http:\/\/bozetice.cz\/ms\/index.php\/wp-json\/wp\/v2\/media?parent=10"}],"curies":[{"name":"wp","href":"https:\/\/api.w.org\/{rel}","templated":true}]}}